{"id":1868,"date":"2025-06-30T12:01:42","date_gmt":"2025-06-30T12:01:42","guid":{"rendered":"https:\/\/dev.chatwriters.com\/?page_id=1868"},"modified":"2025-07-22T13:50:11","modified_gmt":"2025-07-22T13:50:11","slug":"privacy-policy","status":"publish","type":"page","link":"https:\/\/chatwriters.com\/cs\/privacy-policy\/","title":{"rendered":"Z\u00e1sady ochrany osobn\u00edch \u00fadaj\u016f a soubor\u016f cookie"},"content":{"rendered":"\n<h5 class=\"wp-block-heading\">1.\u00daVOD<\/h5>\n\n\n\n<p>1.1 Tyto webov\u00e9 str\u00e1nky vlastn\u00ed a spravuje spole\u010dnost EnterTalkPro Ltd, 8th Floor, China Hong Kong Tower, 8-12 Hennessy Road, Wan Chai, Hong Kong, Company number: 3264433.<\/p>\n\n\n\n<p>1.2 Ochrana Va\u0161ich \u00fadaj\u016f a soukrom\u00ed je na\u0161\u00edm z\u00e1vazkem a pr\u00e1vn\u00ed povinnost\u00ed, kterou v\u016f\u010di V\u00e1m m\u00e1me a kterou bereme v\u00e1\u017en\u011b. Tento strategick\u00fd dokument, na\u0161e &#8222;Z\u00e1sady ochrany osobn\u00edch \u00fadaj\u016f a soubor\u016f cookie&#8220;, se vztahuje na p\u0159\u00edpady, kdy vystupujeme jako spr\u00e1vce nebo zpracovatel Va\u0161ich \u00fadaj\u016f, kter\u00e9 jste n\u00e1m poskytli prost\u0159ednictv\u00edm na\u0161ich webov\u00fdch str\u00e1nek nebo slu\u017eeb.<\/p>\n\n\n\n<p>1.3 Nakl\u00e1d\u00e1n\u00ed s Va\u0161imi \u00fadaji prob\u00edh\u00e1 v souladu s platn\u00fdmi z\u00e1kony platn\u00fdmi pro Va\u0161i jurisdikci, na\u0161e z\u00e1sady jsou v souladu s Obecn\u00fdm na\u0159\u00edzen\u00edm EU o ochran\u011b osobn\u00edch \u00fadaj\u016f (GDPR 2016\/679) (d\u00e1le jen &#8222;GDPR&#8220;) pro jednotlivce a organizace v \u010dlensk\u00fdch st\u00e1tech EU a v Evropsk\u00e9m hospod\u00e1\u0159sk\u00e9m prostoru.<\/p>\n\n\n\n<p>1.4 Osobn\u00ed \u00fadaje jsou podle GDPR definov\u00e1ny jako: &#8222;jak\u00e1koliv informace t\u00fdkaj\u00edc\u00ed se identifikovan\u00e9 nebo identifikovateln\u00e9 fyzick\u00e9 osoby (&#8222;\u00fadaje o subjektu&#8220;); identifikovateln\u00e1 fyzick\u00e1 osoba je osoba, kterou lze p\u0159\u00edmo \u010di nep\u0159\u00edmo identifikovat, zejm\u00e9na pomoc\u00ed ur\u010dit\u00e9ho identifik\u00e1toru, nap\u0159\u00edklad jm\u00e9na, identifika\u010dn\u00edho \u010d\u00edsla, loka\u010dn\u00edch \u00fadaj\u016f, online identifik\u00e1toru nebo jednoho \u010di v\u00edce prvk\u016f specifick\u00fdch pro fyzickou, fyziologickou, genetickou, psychickou, ekonomickou, kulturn\u00ed nebo soci\u00e1ln\u00ed identitu t\u00e9to fyzick\u00e9 osoby&#8220;.<\/p>\n\n\n\n<p>1.5 Chcete-li z\u00edskat kopii t\u011bchto z\u00e1sad v jin\u00e9m form\u00e1tu nebo vzn\u00e9st jak\u00e9koli obavy \u010di dotazy, obra\u0165te se na pracovn\u00edka pro ochranu osobn\u00edch \u00fadaj\u016f spole\u010dnosti. M\u016f\u017eete jej kontaktovat e-mailem na adrese podpora@chatwriters.com.<\/p>\n\n\n\n<h5 class=\"wp-block-heading\">2.ZPRACOV\u00c1N\u00cd DAT<\/h5>\n\n\n\n<p>2.1 Tyto Z\u00e1sady ochrany osobn\u00edch \u00fadaj\u016f a soubor\u016f cookie stanov\u00ed zp\u016fsob, jak\u00fdm spole\u010dnost EnterTalkPro Ltd jako &#8222;spr\u00e1vce \u00fadaj\u016f&#8220; nakl\u00e1d\u00e1 s Va\u0161imi \u00fadaji, v\u010detn\u011b ve\u0161ker\u00fdch osobn\u00edch \u00fadaj\u016f, kter\u00e9 se V\u00e1s t\u00fdkaj\u00ed, a kter\u00e9 vypl\u00fdvaj\u00ed z pou\u017e\u00edv\u00e1n\u00ed na\u0161ich slu\u017eeb. Vyu\u017e\u00edv\u00e1n\u00ed na\u0161ich slu\u017eeb zahrnuje mimo jin\u00e9 jak\u00e9koli konzultace, n\u00e1kupy, dotazy nebo jin\u00e9 \u010dinnosti, kter\u00e9 vy\u017eaduj\u00ed sd\u00edlen\u00ed informac\u00ed mezi V\u00e1mi a na\u0161\u00ed spole\u010dnost\u00ed.<\/p>\n\n\n\n<h5 class=\"wp-block-heading\">3. SHROMA\u017d\u010eOV\u00c1N\u00cd DAT<\/h5>\n\n\n\n<p>3.1 S ve\u0161ker\u00fdmi \u00fadaji, kter\u00e9 zpracov\u00e1v\u00e1me jako zpracovatel \u00fadaj\u016f, bude nakl\u00e1d\u00e1no p\u0159\u00edsn\u011b v souladu s t\u011bmito z\u00e1sadami, v\u010detn\u011b \u00fadaj\u016f, kter\u00e9 n\u00e1m poskytnete prost\u0159ednictv\u00edm https:\/\/chatwriters.com\/. Spole\u010dnost EnterTalkPro Ltd nikdy neprod\u00e1, neposkytne licenci ani nep\u0159ed\u00e1 Va\u0161e osobn\u00ed \u00fadaje bez Va\u0161eho p\u0159edchoz\u00edho v\u00fdslovn\u00e9ho p\u00edsemn\u00e9ho souhlasu.<\/p>\n\n\n\n<h5 class=\"wp-block-heading\">4.PR\u00c1VN\u00cd Z\u00c1KLAD KE SHROMA\u017d\u010eOV\u00c1N\u00cd OSOBN\u00cdCH \u00daDAJ\u016e<\/h5>\n\n\n\n<p>4.1 Jako spole\u010dnost p\u016fsob\u00edc\u00ed na Hong Kong m\u016f\u017eeme shroma\u017e\u010fovat osobn\u00ed \u00fadaje pouze v p\u0159\u00edpadech, kdy k tomu m\u00e1me pr\u00e1vn\u00ed z\u00e1klad. Mezi takov\u00e9 p\u0159\u00edklady pat\u0159\u00ed:<\/p>\n\n\n\n<ul class=\"wp-block-list\">\n<li>M\u00e1me v\u016f\u010di v\u00e1m smluvn\u00ed z\u00e1vazky, kter\u00e9 vy\u017eaduj\u00ed pou\u017eit\u00ed t\u011bchto \u00fadaj\u016f;<\/li>\n\n\n\n<li>Souhlas\u00edte s t\u00edm, abychom Va\u0161e \u00fadaje zpracov\u00e1vali a nakl\u00e1dali s nimi;<\/li>\n\n\n\n<li>V souladu se z\u00e1kony a p\u0159edpisy o ochran\u011b osobn\u00edch \u00fadaj\u016f p\u0159\u00edslu\u0161n\u00e9 jurisdikce.<\/li>\n<\/ul>\n\n\n\n<h5 class=\"wp-block-heading\">5. KATEGORIE UCHOV\u00c1VAN\u00ddCH OSOBN\u00cdCH \u00daDAJ\u016e<\/h5>\n\n\n\n<p>5.1 V pr\u016fb\u011bhu na\u0161\u00ed pr\u00e1ce shroma\u017e\u010fujeme osobn\u00ed \u00fadaje a informace, kter\u00e9 se t\u00fdkaj\u00ed interakc\u00ed spojen\u00fdch s V\u00e1mi prost\u0159ednictv\u00edm Va\u0161eho pou\u017e\u00edv\u00e1n\u00ed na\u0161ich webov\u00fdch str\u00e1nek a dal\u0161\u00ed komunikace. Mezi obvykl\u00e9 typy informac\u00ed, kter\u00e9 od V\u00e1s zpracov\u00e1v\u00e1me, pat\u0159\u00ed mimo jin\u00e9 Va\u0161e jm\u00e9no, e-mailov\u00e1 adresa, IP adresa, m\u00edsto pobytu, fyzick\u00e1 adresa a ty, kter\u00e9 vzniknou b\u011bhem na\u0161\u00ed korespondence. V\u017edy budeme dodr\u017eovat platn\u00e9 dom\u00e1c\u00ed a mezin\u00e1rodn\u00ed z\u00e1kony, a proto k tomu mohou b\u00fdt pou\u017eity i osobn\u00ed \u00fadaje.<\/p>\n\n\n\n<h5 class=\"wp-block-heading\">6. ZA JAK\u00ddM \u00da\u010cELEM POU\u017d\u00cdV\u00c1ME VA\u0160E OSOBN\u00cd \u00daDAJE<\/h5>\n\n\n\n<p>6.1 M\u00e1te pr\u00e1vo zn\u00e1t \u00fa\u010dely, pro kter\u00e9 Va\u0161e \u00fadaje zpracov\u00e1v\u00e1me, a po\u017eadovat, abychom postupovali jasn\u011b a transparentn\u011b. Na\u0161e opr\u00e1vn\u011bn\u00e9 \u00fa\u010dely jsou:<\/p>\n\n\n\n<ul class=\"wp-block-list\">\n<li>Poskytnout V\u00e1m odpov\u00eddaj\u00edc\u00ed z\u00e1kaznickou podporu;<\/li>\n\n\n\n<li>Obecn\u00fd provoz na\u0161ich slu\u017eeb a webov\u00fdch str\u00e1nek;<\/li>\n\n\n\n<li>Abychom s v\u00e1mi mohli udr\u017eovat vztahy jako se z\u00e1kazn\u00edkem, a v p\u0159\u00edpad\u011b pot\u0159eby s V\u00e1mi komunikovat;<\/li>\n\n\n\n<li>K informac\u00edm o zp\u016fsobu, jak\u00fdm na\u0161i z\u00e1kazn\u00edci vyu\u017e\u00edvaj\u00ed na\u0161e slu\u017eby;<\/li>\n\n\n\n<li>\u00dadr\u017eba a zlep\u0161ov\u00e1n\u00ed na\u0161ich webov\u00fdch slu\u017eeb pomoc\u00ed analytick\u00fdch dat;<\/li>\n\n\n\n<li>Informace, kter\u00e9 n\u00e1m poskytnete, si m\u016f\u017eeme ponechat a pou\u017e\u00edt v p\u0159\u00edpad\u011b jak\u00e9hokoliv pr\u00e1vn\u00edho sporu;<\/li>\n\n\n\n<li>K informov\u00e1n\u00ed o dal\u0161\u00edm marketingu, aby bylo zaji\u0161t\u011bno, \u017ee z\u00e1kazn\u00edk\u016fm budou zas\u00edl\u00e1ny pouze relevantn\u00ed informace;<\/li>\n\n\n\n<li>K pot\u00edr\u00e1n\u00ed podvod\u016f nebo nez\u00e1konn\u00fdch aktivit sm\u011b\u0159uj\u00edc\u00edch na na\u0161e webov\u00e9 str\u00e1nky.<\/li>\n<\/ul>\n\n\n\n<h5 class=\"wp-block-heading\">7. SHROMA\u017d\u010eOV\u00c1N\u00cd OSOBN\u00cdCH \u00daDAJ\u016e<\/h5>\n\n\n\n<p>7.1 Na\u0161e webov\u00e9 str\u00e1nky pou\u017e\u00edvaj\u00ed soubory cookies, zna\u010dky a dal\u0161\u00ed podobn\u00e9 technologie, v\u010detn\u011b poskytovatel\u016f datov\u00fdch slu\u017eeb t\u0159et\u00edch stran. Za \u010dinnost poskytovatel\u016f t\u0159et\u00edch stran neneseme \u017e\u00e1dnou odpov\u011bdnost. Tyto slu\u017eby slou\u017e\u00ed k tomu, aby V\u00e1m usnadnily pou\u017e\u00edv\u00e1n\u00ed na\u0161ich webov\u00fdch str\u00e1nek a poskytly n\u00e1m informace o tom, kdo na\u0161e webov\u00e9 str\u00e1nky pou\u017e\u00edv\u00e1. Soubory cookies m\u016f\u017eete zak\u00e1zat pomoc\u00ed nastaven\u00ed sv\u00e9ho prohl\u00ed\u017ee\u010de nebo odm\u00edtnut\u00edm p\u0159ij\u00edm\u00e1n\u00ed soubor\u016f cookies p\u0159i prvn\u00ed n\u00e1v\u0161t\u011bv\u011b na\u0161ich webov\u00fdch str\u00e1nek. Soubory cookies pou\u017e\u00edv\u00e1me pouze v p\u0159\u00edpad\u011b, \u017ee je to nezbytn\u00e9 a existuje opr\u00e1vn\u011bn\u00fd z\u00e1jem na zpracov\u00e1n\u00ed Va\u0161ich \u00fadaj\u016f. V\u0161ichni na\u0161i zam\u011bstnanci jsou v\u00fdslovn\u011b pou\u010deni o tom, \u017ee mohou shroma\u017e\u010fovat a zpracov\u00e1vat pouze \u00fadaje relevantn\u00ed v r\u00e1mci sv\u00e9ho zam\u011bstn\u00e1n\u00ed a p\u0159i obsluze z\u00e1kazn\u00edk\u016f.<\/p>\n\n\n\n<h5 class=\"wp-block-heading\">8. SD\u00cdLEN\u00cd \u00daDAJ\u016e S JIN\u00ddMI STRANAMI<\/h5>\n\n\n\n<p>8.1 Spole\u010dnost EnterTalkPro Ltd m\u016f\u017ee \u010das od \u010dasu spolupracovat s poskytovateli datov\u00fdch slu\u017eeb t\u0159et\u00edch stran, s nimi\u017e sd\u00edl\u00edme \u00fadaje za \u00fa\u010delem pln\u011bn\u00ed konkr\u00e9tn\u00ed funkce.<\/p>\n\n\n\n<p>8.2 Jak\u00fdkoli vztah, kter\u00fd se t\u00fdk\u00e1 sd\u00edlen\u00ed \u00fadaj\u016f mezi n\u00e1mi a poskytovatelem, kter\u00fd je t\u0159et\u00ed stranou, bude p\u0159edm\u011btem dohody o sd\u00edlen\u00ed \u00fadaj\u016f s p\u0159\u00edslu\u0161n\u00fdmi ochrann\u00fdmi opat\u0159en\u00edmi zahrnut\u00fdmi do na\u0161eho smluvn\u00edho vztahu s t\u00edmto poskytovatelem.<\/p>\n\n\n\n<p>8.3 Ve\u0161ker\u00e9 \u00fadaje sd\u00edlen\u00e9 s poskytovatelem, kter\u00fd je t\u0159et\u00ed stranou, jsou ur\u010deny pro konkr\u00e9tn\u00ed \u00fa\u010del a \u017e\u00e1dn\u00fd poskytovatel, kter\u00fd je t\u0159et\u00ed stranou, nem\u00e1 samostatn\u00e9 nez\u00e1visl\u00e9 pr\u00e1vo tyto \u00fadaje vyu\u017e\u00edvat jin\u00fdm zp\u016fsobem.<\/p>\n\n\n\n<p>8.4 Pou\u017e\u00edv\u00e1n\u00edm na\u0161ich webov\u00fdch str\u00e1nek berete na v\u011bdom\u00ed, \u017ee informace, kter\u00e9 poskytnete, mohou b\u00fdt prost\u0159ednictv\u00edm podvodn\u00fdch \u010din\u016f dostupn\u00e9 ostatn\u00edm u\u017eivatel\u016fm internetu. Souhlas\u00edme s t\u00edm, \u017ee vyvineme maxim\u00e1ln\u00ed \u00fasil\u00ed prost\u0159ednictv\u00edm vhodn\u00e9ho softwaru a postup\u016f, abychom zabr\u00e1nili jak\u00e9mukoli naru\u0161en\u00ed dat.<\/p>\n\n\n\n<p>8.5 Ve\u0161ker\u00e9 finan\u010dn\u00ed transakce prov\u00e1d\u011bn\u00e9 prost\u0159ednictv\u00edm na\u0161ich webov\u00fdch str\u00e1nek nebo slu\u017eeb zahrnuj\u00ed sd\u00edlen\u00ed \u00fadaj\u016f s na\u0161\u00edm poskytovatelem finan\u010dn\u00edch operac\u00ed. Tyto informace budeme sd\u00edlet pouze v nezbytn\u00e9m rozsahu, kter\u00fd obvykle zahrnuje zpracov\u00e1n\u00ed plateb, vr\u00e1cen\u00ed pen\u011bz a zodpov\u011bzen\u00ed jak\u00fdchkoliv dotaz\u016f t\u00fdkaj\u00edc\u00edch se platby.<\/p>\n\n\n\n<p>8.6 Osobn\u00ed \u00fadaje budeme sd\u00edlet nebo p\u0159ed\u00e1vat pouze zp\u016fsobem a za podm\u00ednek uveden\u00fdch v t\u00e9to \u010d\u00e1sti.<\/p>\n\n\n\n<h5 class=\"wp-block-heading\">9. PR\u00c1VA NA OCHRANU OSOBN\u00cdCH \u00daDAJ\u016e<\/h5>\n\n\n\n<p>9.1 Na z\u00e1klad\u011b GDPR m\u00e1te konkr\u00e9tn\u00ed pr\u00e1va t\u00fdkaj\u00edc\u00ed se va\u0161ich \u00fadaj\u016f. \u017d\u00e1dn\u00e9 ustanoven\u00ed t\u011bchto z\u00e1sad tato pr\u00e1va neporu\u0161uje, pr\u00e1va stanoven\u00e1 v \u010dl. 13 odst. 2 GDPR jsou pro V\u00e1s jako subjekt \u00fadaj\u016f n\u00e1sleduj\u00edc\u00ed:<\/p>\n\n\n\n<ul class=\"wp-block-list\">\n<li>Pr\u00e1vo na p\u0159\u00edstup k Va\u0161im \u00fadaj\u016fm, m\u016f\u017eete si vy\u017e\u00e1dat kopie \u00fadaj\u016f, kter\u00e9 uchov\u00e1v\u00e1me;<\/li>\n\n\n\n<li>Pr\u00e1vo na opravu, kter\u00e9 V\u00e1m umo\u017e\u0148uje po\u017e\u00e1dat n\u00e1s o zm\u011bnu Va\u0161ich \u00fadaj\u016f;<\/li>\n\n\n\n<li>Pr\u00e1vo odvolat souhlas, a t\u00edm zru\u0161it pr\u00e1vn\u00ed z\u00e1klad, na jeho\u017e z\u00e1klad\u011b Va\u0161e \u00fadaje uchov\u00e1v\u00e1me.;<\/li>\n\n\n\n<li>Pr\u00e1vo omezit pou\u017e\u00edv\u00e1n\u00ed Va\u0161ich \u00fadaj\u016f, v\u010detn\u011b pr\u00e1va vzn\u00e9st n\u00e1mitku proti zpracov\u00e1n\u00ed Va\u0161ich \u00fadaj\u016f;<\/li>\n\n\n\n<li>Pr\u00e1vo na \u00fapln\u00e9 smaz\u00e1n\u00ed Va\u0161ich \u00fadaj\u016f, obecn\u011b zn\u00e1m\u00e9 jako &#8222;pr\u00e1vo na v\u00fdmaz&#8220;;<\/li>\n\n\n\n<li>Pr\u00e1vo st\u011b\u017eovat si u p\u0159\u00edslu\u0161n\u00e9ho vnitrost\u00e1tn\u00edho org\u00e1nu na to, jak nakl\u00e1d\u00e1me s Va\u0161imi \u00fadaji.<\/li>\n<\/ul>\n\n\n\n<p>V\u00fd\u0161e uveden\u00e1 pr\u00e1va podl\u00e9haj\u00ed specifick\u00fdm omezen\u00edm a v\u00fdjimk\u00e1m, kter\u00e9 najdete zde.<\/p>\n\n\n\n<h5 class=\"wp-block-heading\">10. UPLAT\u0147OV\u00c1N\u00cd VA\u0160ICH PR\u00c1V<\/h5>\n\n\n\n<p>10.1 Pokud si p\u0159ejete uplatnit n\u011bkter\u00e9 z pr\u00e1v uveden\u00fdch v odd\u00edle 8, obra\u0165te se v prvn\u00ed \u0159ad\u011b na pracovn\u00edka pro ochranu osobn\u00edch \u00fadaj\u016f spole\u010dnosti e-mailem na adrese podpora@chatwriters.com, kter\u00fd V\u00e1m bude schopen pomoci. V souladu s platn\u00fdm z\u00e1konem o ochran\u011b osobn\u00edch \u00fadaj\u016f bude vy\u017eadov\u00e1no ov\u011b\u0159en\u00ed Va\u0161\u00ed toto\u017enosti.<\/p>\n\n\n\n<h5 class=\"wp-block-heading\">11. UCHOV\u00c1V\u00c1N\u00cd \u00daDAJ\u016e<\/h5>\n\n\n\n<p>11.1 Ve\u0161ker\u00e9 shrom\u00e1\u017ed\u011bn\u00e9 \u00fadaje budou uchov\u00e1v\u00e1ny nejd\u00e9le po dobu nezbytn\u011b nutnou. \u00dadaje shrom\u00e1\u017ed\u011bn\u00e9 pomoc\u00ed soubor\u016f cookies nebo sledov\u00e1n\u00ed jsou uchov\u00e1v\u00e1ny po kr\u00e1tkou dobu, pokud nejsou pou\u017eity s ohledem na bezpe\u010dnost webov\u00fdch str\u00e1nek nebo obecn\u00e9 zlep\u0161en\u00ed na\u0161ich slu\u017eeb.<\/p>\n\n\n\n<p>11.2 Ve\u0161ker\u00e9 Va\u0161e dotazy budou uchov\u00e1v\u00e1ny po dobu maxim\u00e1ln\u011b \u0161esti m\u011bs\u00edc\u016f od ukon\u010den\u00ed dotazu, e-mailov\u00e9 a kontaktn\u00ed \u00fadaje budou vymaz\u00e1ny, pokud se odhl\u00e1s\u00edte nebo n\u00e1m ozn\u00e1m\u00edte, \u017ee si ji\u017e nep\u0159ejete od n\u00e1s dost\u00e1vat zpr\u00e1vy.<\/p>\n\n\n\n<p>11.3 Pokud jsou osobn\u00ed \u00fadaje vy\u017eadov\u00e1ny pro pou\u017eit\u00ed v soudn\u00edm \u0159\u00edzen\u00ed, vyhrazujeme si pr\u00e1vo uchov\u00e1vat tyto informace po dobu soudn\u00edho \u0159\u00edzen\u00ed.<\/p>\n\n\n\n<h5 class=\"wp-block-heading\">12. BEZPE\u010cN\u00c9 NAKL\u00c1D\u00c1N\u00cd S VA\u0160IMI \u00daDAJI<\/h5>\n\n\n\n<p>12.1 Spole\u010dnost EnterTalkPro Ltd m\u00e1 obecnou povinnost zajistit, aby nakl\u00e1d\u00e1n\u00ed s Va\u0161imi \u00fadaji a osobn\u00edmi informacemi prob\u00edhalo obez\u0159etn\u011b, a aby byly chr\u00e1n\u011bny p\u0159ed nez\u00e1konn\u00fdm nebo neopr\u00e1vn\u011bn\u00fdm p\u0159\u00edstupem, zve\u0159ejn\u011bn\u00edm nebo pou\u017eit\u00edm. V p\u0159\u00edpad\u011b poru\u0161en\u00ed ochrany osobn\u00edch \u00fadaj\u016f, kter\u00e9 se V\u00e1s m\u016f\u017ee t\u00fdkat, V\u00e1s budeme informovat prost\u0159ednictv\u00edm hlavn\u00edch kontaktn\u00edch \u00fadaj\u016f, kter\u00e9 jste n\u00e1m poskytli. Spole\u010dnost EnterTalkPro Ltd nenese odpov\u011bdnost za p\u0159\u00edpadnou nedbalost p\u0159i ochran\u011b Va\u0161ich vlastn\u00edch \u00fadaj\u016f nebo informac\u00ed t\u00fdkaj\u00edc\u00edch se na\u0161ich slu\u017eeb.<\/p>\n\n\n\n<h5 class=\"wp-block-heading\">13. INTERNETOV\u00c9 STR\u00c1NKY T\u0158ET\u00cdCH STRAN<\/h5>\n\n\n\n<p>13.1 Odkazy na extern\u00ed webov\u00e9 str\u00e1nky, kter\u00e9 nejsou pod na\u0161\u00ed kontrolou, mohou p\u0159edstavovat riziko pro bezpe\u010dnost Va\u0161ich \u00fadaj\u016f. Nep\u0159eb\u00edr\u00e1me a neru\u010d\u00edme za obsah extern\u00edch webov\u00fdch str\u00e1nek. P\u0159ed pou\u017eit\u00edm extern\u00edch webov\u00fdch str\u00e1nek byste m\u011bli zv\u00e1\u017eit z\u00e1sady ochrany osobn\u00edch \u00fadaj\u016f na t\u011bchto str\u00e1nk\u00e1ch s ohledem na bezpe\u010dnost vlastn\u00edch informac\u00ed.<\/p>\n\n\n\n<h5 class=\"wp-block-heading\">14. ZM\u011aNY T\u011aCHTO Z\u00c1SAD<\/h5>\n\n\n\n<p>14.1 \u010cas od \u010dasu m\u016f\u017eeme tyto z\u00e1sady aktualizovat, pokud tak u\u010din\u00edme, zve\u0159ejn\u00edme nov\u00e9 z\u00e1sady na na\u0161ich webov\u00fdch str\u00e1nk\u00e1ch a datum jejich zaveden\u00ed bude na webov\u00e9 str\u00e1nce z\u0159eteln\u011b vyzna\u010deno. V p\u0159\u00edpad\u011b v\u00fdznamn\u00fdch zm\u011bn, o kter\u00fdch se domn\u00edv\u00e1me, \u017ee se V\u00e1s mohou t\u00fdkat, V\u00e1s m\u016f\u017eeme informovat e-mailem. Va\u0161e dal\u0161\u00ed pou\u017e\u00edv\u00e1n\u00ed na\u0161ich webov\u00fdch str\u00e1nek a slu\u017eeb znamen\u00e1, \u017ee souhlas\u00edte s provozem na\u0161ich webov\u00fdch str\u00e1nek podle aktu\u00e1ln\u00ed verze na\u0161ich z\u00e1sad ochrany osobn\u00edch \u00fadaj\u016f a soubor\u016f cookies.<\/p>\n","protected":false},"excerpt":{"rendered":"<p>1.\u00daVOD 1.1 Tyto webov\u00e9 str\u00e1nky vlastn\u00ed a spravuje spole\u010dnost EnterTalkPro Ltd, 8th Floor, China Hong Kong Tower, 8-12 Hennessy Road, Wan Chai, Hong Kong, Company number: 3264433. 1.2 Ochrana Va\u0161ich \u00fadaj\u016f a soukrom\u00ed je na\u0161\u00edm z\u00e1vazkem a pr\u00e1vn\u00ed povinnost\u00ed, kterou v\u016f\u010di V\u00e1m m\u00e1me a kterou bereme v\u00e1\u017en\u011b. Tento strategick\u00fd dokument, na\u0161e &#8222;Z\u00e1sady ochrany osobn\u00edch \u00fadaj\u016f &#8230; <a title=\"Z\u00e1sady ochrany osobn\u00edch \u00fadaj\u016f a soubor\u016f cookie\" class=\"read-more\" href=\"https:\/\/chatwriters.com\/cs\/privacy-policy\/\" aria-label=\"\u010c\u00edst v\u00edce o Z\u00e1sady ochrany osobn\u00edch \u00fadaj\u016f a soubor\u016f cookie\">P\u0159e\u010dt\u011bte si v\u00edce<\/a><\/p>\n","protected":false},"author":1,"featured_media":0,"parent":0,"menu_order":0,"comment_status":"closed","ping_status":"open","template":"","meta":{"_pvb_checkbox_block_on_post":false,"footnotes":""},"class_list":{"0":"post-1868","1":"page","2":"type-page","3":"status-publish","5":"infinite-scroll-item"},"_links":{"self":[{"href":"https:\/\/chatwriters.com\/cs\/wp-json\/wp\/v2\/pages\/1868","targetHints":{"allow":["GET"]}}],"collection":[{"href":"https:\/\/chatwriters.com\/cs\/wp-json\/wp\/v2\/pages"}],"about":[{"href":"https:\/\/chatwriters.com\/cs\/wp-json\/wp\/v2\/types\/page"}],"author":[{"embeddable":true,"href":"https:\/\/chatwriters.com\/cs\/wp-json\/wp\/v2\/users\/1"}],"replies":[{"embeddable":true,"href":"https:\/\/chatwriters.com\/cs\/wp-json\/wp\/v2\/comments?post=1868"}],"version-history":[{"count":1,"href":"https:\/\/chatwriters.com\/cs\/wp-json\/wp\/v2\/pages\/1868\/revisions"}],"predecessor-version":[{"id":1869,"href":"https:\/\/chatwriters.com\/cs\/wp-json\/wp\/v2\/pages\/1868\/revisions\/1869"}],"wp:attachment":[{"href":"https:\/\/chatwriters.com\/cs\/wp-json\/wp\/v2\/media?parent=1868"}],"curies":[{"name":"wp","href":"https:\/\/api.w.org\/{rel}","templated":true}]}}