{"id":1873,"date":"2025-06-30T12:01:42","date_gmt":"2025-06-30T12:01:42","guid":{"rendered":"https:\/\/dev.chatwriters.com\/privacy-policy\/"},"modified":"2025-07-22T13:54:01","modified_gmt":"2025-07-22T13:54:01","slug":"privacy-policy","status":"publish","type":"page","link":"https:\/\/chatwriters.com\/de-at\/privacy-policy\/","title":{"rendered":"Datenschutz- und Cookie-Richtlinie"},"content":{"rendered":"\n<h5 class=\"wp-block-heading\">1. EINLEITUNG<\/h5>\n\n\n\n<p>1.1 Diese Website ist Eigentum und wird verwaltet von der EnterTalkPro Ltd, 8th Floor, China Hong Kong Tower, 8-12 Hennessy Road, Wan Chai, Hong Kong, Company number: 3264433.<\/p>\n\n\n\n<p>1.2 Der Schutz Ihrer Daten und Ihrer Privatsph\u00e4re ist f\u00fcr uns nicht nur eine gesetzliche Verpflichtung, sondern auch ein pers\u00f6nliches Anliegen Ihnen gegen\u00fcber, welches wir sehr ernst nehmen. Unsere \u201eDatenschutz- und Cookie-Richtlinie\u201c gilt dann, wenn wir als Datenverantwortliche oder Datenverarbeiter Ihre Informationen verarbeiten, die uns von Ihnen durch die Nutzung unserer Website oder Dienste bereitgestellt werden.<\/p>\n\n\n\n<p>1.3 Der Umgang mit Ihren Daten erfolgt in \u00dcbereinstimmung mit den geltenden Gesetzen Ihrer Gerichtsbarkeit, unsere Richtlinien entsprechen der EU-Datenschutz-Grundverordnung (DSGVO 2016\/679) (im Folgenden die \u201eDSGVO\u201c) f\u00fcr Einzelpersonen und Organisationen in EU-Mitgliedstaaten und denen innerhalb des Europ\u00e4ischen Wirtschaftsraums.<\/p>\n\n\n\n<p>1.4 Personenbezogene Daten werden von der DSGVO definiert als: \u201ealle Informationen, die sich auf eine identifizierte oder identifizierbare nat\u00fcrliche Person (\u201abetroffene Person\u2018) beziehen; als identifizierbar wird eine nat\u00fcrliche Person angesehen, die direkt oder indirekt, insbesondere mittels Zuordnung zu einer Kennung wie einem Namen, zu einer Kennnummer, zu Standortdaten, zu einer Online-Kennung oder zu einem oder mehreren besonderen Merkmalen der physischen, physiologischen, genetischen, geistigen, wirtschaftlichen, kulturellen oder sozialen Identit\u00e4t dieser nat\u00fcrlichen Person identifiziert werden kann\u201c.<\/p>\n\n\n\n<p>1.5 F\u00fcr eine Kopie dieser Richtlinie in einem anderen Format oder um Bedenken oder Fragen zu \u00e4u\u00dfern, wenden Sie sich bitte per E-Mail an den Datenschutzbeauftragten des Unternehmens unter info@chatwriters.com.<\/p>\n\n\n\n<h5 class=\"wp-block-heading\">2. DATENVERARBEITUNG<\/h5>\n\n\n\n<p>2.1 Diese Datenschutz- und Cookie-Richtlinie legt fest, wie EnterTalkPro Ltd Ihre Daten als \u201eDatenverantwortlicher\u201c behandelt, einschlie\u00dflich aller personenbezogenen Daten, die sich durch die Nutzung unseres Dienstes auf Sie beziehen. Die Nutzung unserer Dienste umfasst &#8211;&nbsp; ist jedoch nicht beschr\u00e4nkt auf Beratung, Kauf, Anfragen oder andere Aktivit\u00e4ten, welche den Austausch von Informationen zwischen Ihnen und uns erfordern.<\/p>\n\n\n\n<h5 class=\"wp-block-heading\">3. DATENERHEBUNG<\/h5>\n\n\n\n<p>3.1 Alle Daten, die von uns als Datenverarbeiter verarbeitet werden, werden streng gem\u00e4\u00df dieser Richtlinie behandelt, einschlie\u00dflich aller Daten, die Sie uns \u00fcber https:\/\/chatwriters.com\/ zur Verf\u00fcgung stellen. EnterTalkPro Ltd wird Ihre personenbezogenen Daten niemals verkaufen, lizenzieren oder \u00fcbertragen, ohne zuvor Ihre ausdr\u00fcckliche schriftliche Zustimmung eingeholt zu haben.<\/p>\n\n\n\n<h5 class=\"wp-block-heading\">4. RECHTSGRUNDLAGE DER ERHEBUNG PERSONENBEZOGENER DATEN<\/h5>\n\n\n\n<p>4.1 Als Unternehmen, welches auf Hong Kong operiert, d\u00fcrfen wir personenbezogene Daten nur dort erheben, wozu und wenn wir dazu eine entsprechende Rechtsgrundlage haben. Beispiele hierf\u00fcr sind:<\/p>\n\n\n\n<ul class=\"wp-block-list\">\n<li>Wir haben vertragliche Verpflichtungen Ihnen gegen\u00fcber, welche die Verwendung solcher Daten erfordern;<\/li>\n\n\n\n<li>Sie stimmen der Verarbeitung und Handhabung Ihrer Daten zu;<\/li>\n\n\n\n<li>In \u00dcbereinstimmung und Einhaltung der Datenschutzgesetze und Regulierungen der jeweiligen Gerichtsbarkeit.<\/li>\n<\/ul>\n\n\n\n<h5 class=\"wp-block-heading\">5. KATEGORIEN VON PERSONENBEZOGENEN DATEN<\/h5>\n\n\n\n<p>5.1 Im Rahmen unserer Arbeitsprozesse erfassen wir von Ihnen personenbezogene Daten und Informationen. Dies geschieht in Interaktionen mit Ihnen durch die Nutzung unserer Website und durch andere Kommunikationskan\u00e4le. Zu den typischen Arten von Informationen, die wir von Ihnen verarbeiten, geh\u00f6ren unter anderem Ihr Name, Ihre E-Mail-Adresse, Ihre IP-Adresse, Ihr Standort, Ihre physische Adresse und Daten, die w\u00e4hrend unserer Korrespondenz anfallen. Wir werden immer die geltenden nationalen und internationalen Gesetze einhalten. Um dies zu erreichen, k\u00f6nnen auch personenbezogene Daten verwendet werden.&nbsp;<\/p>\n\n\n\n<h5 class=\"wp-block-heading\">6. VERWENDUNGSZWECK IHRER PERS\u00d6NLICHEN DATEN<\/h5>\n\n\n\n<p>6.1 Sie haben das Recht, die Zwecke zu erfahren, f\u00fcr die wir Ihre Daten verarbeiten k\u00f6nnen und wollen dabei klar und transparent sein. Unsere legitimen Zwecke sind:<\/p>\n\n\n\n<ul class=\"wp-block-list\">\n<li>Um Ihnen einen angemessenen Kundensupport zu bieten;<\/li>\n\n\n\n<li>Allgemeiner Betrieb unserer Dienste und Website;<\/li>\n\n\n\n<li>Um unsere Beziehungen zu Ihnen als Kunden aufrechtzuerhalten und gegebenenfalls mit Ihnen zu kommunizieren;<\/li>\n\n\n\n<li>\u00a0Um uns dar\u00fcber zu informieren, wie unsere Dienste von unseren Kunden genutzt werden;<\/li>\n\n\n\n<li>Zur Wartung und Verbesserung unserer Webdienste durch die Verwendung von Analysedaten;<\/li>\n\n\n\n<li>Wir k\u00f6nnen Informationen, die Sie uns zur Verf\u00fcgung gestellt haben, im Falle eines Rechtsanspruchs aufbewahren und verwenden;<\/li>\n\n\n\n<li>Um zuk\u00fcnftiges Marketing \u00fcber unsere Kundenansprache zu informieren, um sicherzustellen, dass nur relevante Informationen an Kunden gesendet werden;<\/li>\n\n\n\n<li>Um Betrug oder illegalen Aktivit\u00e4ten entgegenzuwirken, die auf unsere Website gerichtet sind.<\/li>\n<\/ul>\n\n\n\n<h5 class=\"wp-block-heading\">7. ERHEBUNG PERSONENBEZOGENER DATEN<\/h5>\n\n\n\n<p>7.1 Unsere Website verwendet Cookies, Tags und andere \u00e4hnliche Arten von Technologien auf unserer Website, einschlie\u00dflich Datendienstleistern von Drittanbietern. Wir sind in keiner Weise haftbar oder verantwortlich f\u00fcr die Handlungen von Drittanbietern. Diese dienen dazu, Ihnen die Nutzung unserer Website zu erleichtern und uns Informationen dar\u00fcber zu liefern, wer unsere Webseite nutzt. Sie k\u00f6nnen Cookies in Ihren Browsereinstellungen deaktivieren oder die Annahme von Cookies ablehnen, wenn Sie unsere Website zum ersten Mal besuchen. Wir setzen Cookies nur dann ein, wenn dies erforderlich ist und ein berechtigtes Interesse an der Verarbeitung Ihrer Daten besteht. Alle unsere Mitarbeiter sind ausdr\u00fccklich angewiesen, nur im Rahmen ihrer Besch\u00e4ftigung und Kundenbetreuung relevante Daten zu erheben und zu verarbeiten.<\/p>\n\n\n\n<h5 class=\"wp-block-heading\">8. DATENTEILUNG MIT ANDEREN PARTEIEN<\/h5>\n\n\n\n<p>8.1 Von Zeit zu Zeit kann EnterTalkPro Ltd. mit Drittanbietern von Datendiensten zusammenarbeiten.&nbsp; Mit diesen teilen wir Daten, um eine bestimmte Funktion auszuf\u00fchren.<\/p>\n\n\n\n<p>8.2 Jede Beziehung zwischen uns und einem Drittanbieter zur Weitergabe von Daten unterliegt einer Datenweitergabe-Vereinbarung mit angemessenen Garantien, die in unserer Vertragsbeziehung mit ihnen enthalten sind.<\/p>\n\n\n\n<p>8.3 Alle Daten, die an einen Drittanbieter weitergegeben werden, dienen einem bestimmten Zweck und kein Drittanbieter hat ein separates, unabh\u00e4ngiges Recht, diese Daten auf andere Weise zu verwenden.<\/p>\n\n\n\n<p>8.4 Durch die Nutzung unserer Website erkennen Sie an, dass die von Ihnen bereitgestellten Informationen anderen Benutzern des Internets durch b\u00f6swillige Handlungen zug\u00e4nglich gemacht werden k\u00f6nnen. Wir versichern, uns nach bestm\u00f6glichen Kr\u00e4ften durch geeignete Software und Verfahren zu bem\u00fchen, um Datenschutzverletzungen zu verhindern.<\/p>\n\n\n\n<p>8.5 Alle Finanztransaktionen, die \u00fcber unsere Website oder Dienste genutzt werden, beinhalten die Weitergabe von Daten an unseren Finanzdienstleister. Wir werden diese Informationen nur im erforderlichen Umfang weitergeben, was in der Regel die Zahlungsabwicklung, R\u00fcckerstattungen und die Beantwortung von Fragen zu einer Zahlung umfasst.<\/p>\n\n\n\n<p>8.6 Wir werden personenbezogene Daten nur wie beschrieben und unter den in diesem Abschnitt dargelegten Bedingungen weitergeben oder \u00fcbertragen.<\/p>\n\n\n\n<h5 class=\"wp-block-heading\">9. DATENSCHUTZRECHTE<\/h5>\n\n\n\n<p>9.1 Nach der DSGVO haben Sie bestimmte Rechte in Bezug auf Ihre Daten. Nichts in dieser Richtlinie verletzt diese Rechte, welche gem\u00e4\u00df Artikel 13 Absatz 2 der DSGVO f\u00fcr Sie als betroffene Person gelten. Dazu geh\u00f6ren folgende Rechte:<\/p>\n\n\n\n<ul class=\"wp-block-list\">\n<li>Das Recht auf Zugriff auf Ihre Daten, Sie k\u00f6nnen Kopien der von uns gespeicherten Daten anfordern;<\/li>\n\n\n\n<li>Das Recht auf Berichtigung, das es Ihnen erm\u00f6glicht, uns aufzufordern, Ihre Daten zu \u00e4ndern;<\/li>\n\n\n\n<li>Das Recht, die Einwilligung zu widerrufen und damit die Rechtsgrundlage zu widerrufen, auf der wir Ihre Daten speichern;<\/li>\n\n\n\n<li>Das Recht, die Nutzung Ihrer Daten einzuschr\u00e4nken, einschlie\u00dflich des Rechts, der Verarbeitung Ihrer Daten zu widersprechen;<\/li>\n\n\n\n<li>Das Recht auf vollst\u00e4ndige L\u00f6schung Ihrer Daten, allgemein bekannt als \u201eRecht auf L\u00f6schung\u201c;<\/li>\n\n\n\n<li>Das Recht, sich bei Ihrer zust\u00e4ndigen nationalen Beh\u00f6rde dar\u00fcber zu beschweren, wie wir mit Ihren Daten umgehen.<\/li>\n<\/ul>\n\n\n\n<p>Die oben genannten Rechte unterliegen bestimmten Beschr\u00e4nkungen und Ausnahmen, welche Sie hier finden k\u00f6nnen.<\/p>\n\n\n\n<h5 class=\"wp-block-heading\">10. AUS\u00dcBUNG IHRER RECHTE<\/h5>\n\n\n\n<p>10.1 Wenn Sie von einem Ihrer Rechte in Abschnitt 8 Gebrauch machen wollen, wenden Sie sich bitte zun\u00e4chst per E-Mail an den Datenschutzbeauftragten des Unternehmens unter info@chatwriters.com, der Ihnen bei Ihrem Anliegen weiterhelfen kann. Die \u00dcberpr\u00fcfung Ihrer Identit\u00e4t ist erforderlich, um das geltende Datenrecht einzuhalten.<\/p>\n\n\n\n<h5 class=\"wp-block-heading\">11. DATENAUFBEWAHRUNG<\/h5>\n\n\n\n<p>11.1 Alle erhobenen Daten werden nicht l\u00e4nger als n\u00f6tig aufbewahrt. Daten, die aufgrund von Cookies oder Tracking gesammelt werden, werden f\u00fcr einen kurzen Zeitraum gespeichert, es sei denn, sie dienen der Sicherheit der Website oder der allgemeinen Verbesserung unserer Dienste.<\/p>\n\n\n\n<p>11.2 Alle Anfragen von Ihnen werden f\u00fcr maximal sechs Monate nach abgeschlossener Anfrage gespeichert, E-Mail- und Kontaktdaten werden gel\u00f6scht, wenn Sie sich abmelden oder uns mitteilen, dass Sie nichts mehr von uns h\u00f6ren m\u00f6chten.<\/p>\n\n\n\n<p>11.3 Wenn personenbezogene Daten f\u00fcr die Verwendung in Gerichtsverfahren erforderlich sind, behalten wir uns das Recht vor, diese Informationen f\u00fcr die Dauer des Gerichtsverfahrens aufzubewahren.<\/p>\n\n\n\n<h5 class=\"wp-block-heading\">12. SICHERER UMGANG MIT IHREN DATEN<\/h5>\n\n\n\n<p>12.1 EnterTalkPro Ltd ist allgemein verpflichtet, sicherzustellen, dass der Umgang mit Ihren Daten und pers\u00f6nlichen Informationen wachsam erfolgt, um sie vor illegalem oder unbefugtem Zugriff, Offenlegung oder Verwendung zu sch\u00fctzen. Im Falle einer Datenschutzverletzung, die Sie betreffen k\u00f6nnte, werden wir Sie \u00fcber die von Ihnen angegebenen Hauptkontaktinformationen benachrichtigen. EnterTalkPro Ltd haftet nicht f\u00fcr Nachl\u00e4ssigkeiten beim Schutz Ihrer eigenen Daten oder Informationen in Bezug auf unsere Dienste.<\/p>\n\n\n\n<h5 class=\"wp-block-heading\">13. WEBSEITEN VON DRITTANBIETERN<\/h5>\n\n\n\n<p>13.1 Links zu externen Websites, die nicht unserer Kontrolle unterliegen, k\u00f6nnen ein Risiko f\u00fcr Ihre Datensicherheit darstellen. Wir \u00fcbernehmen keine Haftung f\u00fcr die Inhalte externer Websites. Sie sollten die Datenschutzrichtlinie jeder externen Website ber\u00fccksichtigen, bevor Sie diese unter geb\u00fchrender Ber\u00fccksichtigung Ihrer eigenen Informationssicherheit verwenden.<\/p>\n\n\n\n<h5 class=\"wp-block-heading\">14. \u00c4NDERUNGEN DIESER RICHTLINIE<\/h5>\n\n\n\n<p>14.1 Von Zeit zu Zeit k\u00f6nnen wir diese Richtlinie aktualisieren, wenn wir dies tun, werden wir die neue Richtlinie auf unserer Website ver\u00f6ffentlichen und das Datum der Umsetzung der Richtlinie wird deutlich auf der Website gekennzeichnet. Im Falle wesentlicher \u00c4nderungen, von denen wir glauben, dass sie Sie betreffen k\u00f6nnten, k\u00f6nnen wir Sie per E-Mail benachrichtigen. Ihre fortgesetzte Nutzung unserer Website und Dienste impliziert, dass Sie damit einverstanden sind, unsere Website gem\u00e4\u00df der aktuellen Version unserer Datenschutz- und Cookie-Richtlinie zu benutzen.<\/p>\n","protected":false},"excerpt":{"rendered":"<p>1. EINLEITUNG 1.1 Diese Website ist Eigentum und wird verwaltet von der EnterTalkPro Ltd, 8th Floor, China Hong Kong Tower, 8-12 Hennessy Road, Wan Chai, Hong Kong, Company number: 3264433. 1.2 Der Schutz Ihrer Daten und Ihrer Privatsph\u00e4re ist f\u00fcr uns nicht nur eine gesetzliche Verpflichtung, sondern auch ein pers\u00f6nliches Anliegen Ihnen gegen\u00fcber, welches wir &#8230; <a title=\"Datenschutz- und Cookie-Richtlinie\" class=\"read-more\" href=\"https:\/\/chatwriters.com\/de-at\/privacy-policy\/\" aria-label=\"Read more about Datenschutz- und Cookie-Richtlinie\">Mehr lesen<\/a><\/p>\n","protected":false},"author":1,"featured_media":0,"parent":0,"menu_order":0,"comment_status":"closed","ping_status":"open","template":"","meta":{"footnotes":""},"class_list":{"0":"post-1873","1":"page","2":"type-page","3":"status-publish","5":"infinite-scroll-item"},"_links":{"self":[{"href":"https:\/\/chatwriters.com\/de-at\/wp-json\/wp\/v2\/pages\/1873","targetHints":{"allow":["GET"]}}],"collection":[{"href":"https:\/\/chatwriters.com\/de-at\/wp-json\/wp\/v2\/pages"}],"about":[{"href":"https:\/\/chatwriters.com\/de-at\/wp-json\/wp\/v2\/types\/page"}],"author":[{"embeddable":true,"href":"https:\/\/chatwriters.com\/de-at\/wp-json\/wp\/v2\/users\/1"}],"replies":[{"embeddable":true,"href":"https:\/\/chatwriters.com\/de-at\/wp-json\/wp\/v2\/comments?post=1873"}],"version-history":[{"count":1,"href":"https:\/\/chatwriters.com\/de-at\/wp-json\/wp\/v2\/pages\/1873\/revisions"}],"predecessor-version":[{"id":1874,"href":"https:\/\/chatwriters.com\/de-at\/wp-json\/wp\/v2\/pages\/1873\/revisions\/1874"}],"wp:attachment":[{"href":"https:\/\/chatwriters.com\/de-at\/wp-json\/wp\/v2\/media?parent=1873"}],"curies":[{"name":"wp","href":"https:\/\/api.w.org\/{rel}","templated":true}]}}