{"id":1883,"date":"2025-06-30T12:01:42","date_gmt":"2025-06-30T12:01:42","guid":{"rendered":"https:\/\/dev.chatwriters.com\/?page_id=1883"},"modified":"2025-07-22T14:13:07","modified_gmt":"2025-07-22T14:13:07","slug":"privacy-policy","status":"publish","type":"page","link":"https:\/\/chatwriters.com\/fi\/privacy-policy\/","title":{"rendered":"Tietosuoja- ja ev\u00e4stek\u00e4yt\u00e4nt\u00f6"},"content":{"rendered":"\n<h2 class=\"wp-block-heading\">1. JOHDANTO<\/h2>\n\n\n\n<p>1.1 T\u00e4m\u00e4n sivuston omistaa ja yll\u00e4pit\u00e4\u00e4 EnterTalkPro Ltd, 8th Floor, China Hong Kong Tower, 8-12 Hennessy Road, Wan Chai, Hong Kong, Company number: 3264433.<\/p>\n\n\n\n<p>1.2 Tietojesi ja yksityisyytesi suojaaminen on lains\u00e4\u00e4d\u00e4nn\u00f6llinen velvollisuus ja sitoumuksemme sinua kohtaan, jonka otamme eritt\u00e4in vakavasti. T\u00e4t\u00e4 &#8217;tietosuoja- ja ev\u00e4stek\u00e4yt\u00e4nt\u00f6\u00e4&#8217; sovelletaan kun toimimme verkkosivustomme tai palveluidemme kautta meille annettujen tietojesi rekisterinpit\u00e4j\u00e4n\u00e4 tai tietojen k\u00e4sittelij\u00e4n\u00e4.<\/p>\n\n\n\n<p>1.3 Tietojesi k\u00e4sittely tapahtuu laink\u00e4ytt\u00f6valtaan liittyvien soveltuvien lakien mukaisesti, k\u00e4yt\u00e4nt\u00f6mme noudattavat EU:n yleist\u00e4 tietosuoja-asetusta (GDPR 2016\/679) (j\u00e4ljemp\u00e4n\u00e4 &#8217;GDPR&#8217;) EU:n j\u00e4senmaissa oleville henkil\u00f6ille ja organisaatioille, Euroopan talousalueen sis\u00e4ll\u00e4<\/p>\n\n\n\n<p>1.4 GDPR m\u00e4\u00e4rittelee henkil\u00f6tiedoiksi: &#8221;kaikki tiedot, jotka liittyv\u00e4t tunnistettuun tai tunnistettavissa olevaan luonnolliseen henkil\u00f6\u00f6n (&#8217;rekister\u00f6ity&#8217;); tunnistettavissa oleva luonnollinen henkil\u00f6 on henkil\u00f6, joka voidaan tunnistaa suoraan tai v\u00e4lillisesti, erityisesti tunnisteen perusteella. kuten nimi, tunnistenumero, sijaintitiedot, online-tunniste tai yksi tai useampi tekij\u00e4, joka liittyy kyseisen luonnollisen henkil\u00f6n fyysiseen, fysiologiseen, geneettiseen, henkiseen, taloudelliseen, kulttuuriseen tai sosiaaliseen identiteettiin&#8221;.<\/p>\n\n\n\n<p>1.5 Jos haluat kopion t\u00e4st\u00e4 k\u00e4yt\u00e4nn\u00f6st\u00e4 toisessa muodossa, tai sinulla on jotain kysytt\u00e4v\u00e4\u00e4 tai huolen aiheita, ole hyv\u00e4 ja ota yhteytt\u00e4 s\u00e4hk\u00f6postitse tietosuojavastaavaan info@chatwriters.com, h\u00e4n voi auttaa.<\/p>\n\n\n\n<h2 class=\"wp-block-heading\">2. TIETOJEN K\u00c4SITTELY<\/h2>\n\n\n\n<p>2.1 T\u00e4m\u00e4 tietosuoja- ja ev\u00e4stek\u00e4yt\u00e4nt\u00f6 kertoo kuinka EnterTalkPro Ltd k\u00e4sittelee tietojasi &#8217;Tietojenk\u00e4sittelij\u00e4n\u00e4&#8217;, mukaan lukien kaikki sinuun liittyv\u00e4t henkil\u00f6kohtaiset tiedot palveluidemme k\u00e4yt\u00f6st\u00e4. Palvelujemme k\u00e4ytt\u00f6 sis\u00e4lt\u00e4\u00e4, muun muassa konsultoinnin, ostot, tiedustelut ja muut toiminnot jotka edellytt\u00e4v\u00e4t tietojen jakamista sinun ja meid\u00e4n v\u00e4lill\u00e4.<\/p>\n\n\n\n<h2 class=\"wp-block-heading\">3. TIETOJEN KER\u00c4\u00c4MINEN<\/h2>\n\n\n\n<p>3.1 Kaikkia tietoja, joita k\u00e4sittelemme tietojenk\u00e4sittelij\u00e4n\u00e4, k\u00e4sitell\u00e4\u00e4n tiukasti t\u00e4m\u00e4n k\u00e4yt\u00e4nn\u00f6n mukaisesti, mukaan lukien kaikki tiedot, jotka annat meille https:\/\/chatwriters.com kautta. EnterTalkPro Ltd ei koskaan myy, my\u00f6nn\u00e4 lisenssi\u00e4 tai v\u00e4lit\u00e4 henkil\u00f6tietojasi ilman sinulta ensin nimenomaista kirjallista suostumusta<\/p>\n\n\n\n<h2 class=\"wp-block-heading\">4. HENKIL\u00d6TIETOJEN KER\u00c4\u00c4MISEN OIKEUSPERUSTA<\/h2>\n\n\n\n<p>4.1 Hongkongista k\u00e4sin toimivana yrityksen\u00e4 ker\u00e4\u00e4mme tietoja ainoastaan silloin kun meill\u00e4 on siihen laillinen oikeus. Esimerkiksi:<\/p>\n\n\n\n<ul class=\"wp-block-list\">\n<li>Meill\u00e4 on sinua kohtaan sopimusvelvoitteita, jotka edellytt\u00e4v\u00e4t t\u00e4llaisten tietojen k\u00e4ytt\u00f6\u00e4;<\/li>\n\n\n\n<li>Olet hyv\u00e4ksynyt tietojesi k\u00e4sittelyn;<\/li>\n\n\n\n<li>Soveltuvan laink\u00e4ytt\u00f6alueen tietosuojalakien ja m\u00e4\u00e4r\u00e4ysten mukaisesti ja niit\u00e4 noudattaen.<\/li>\n<\/ul>\n\n\n\n<h2 class=\"wp-block-heading\">5. S\u00c4ILYTETTYJEN HENKIL\u00d6TIETOJEN KATEGORIAT<\/h2>\n\n\n\n<p>5.1 Ker\u00e4\u00e4mme l\u00e4pi koko ty\u00f6skentelyajan tietoja siit\u00e4 kuinka k\u00e4yt\u00e4t sivustoa ja ollessamme vuorovaikutuksessa kanssasi. Tavanomaiset sinua koskevat tiedot sis\u00e4lt\u00e4v\u00e4t, mutta eiv\u00e4t rajoitu nimeesi, s\u00e4hk\u00f6postiosoitteesi, IP-osoitteesi, sijaintiisi, osoitteeseesi ja niihin asioihin jotka nousevat esille keskustellessamme kanssasi. Noudatamme aina sovellettavia kansallisia ja kansainv\u00e4lisi\u00e4 lakeja ja siksi henkil\u00f6tietojasi voidaan k\u00e4ytt\u00e4\u00e4 my\u00f6s t\u00e4m\u00e4n saavuttamiseksi.<\/p>\n\n\n\n<h2 class=\"wp-block-heading\">6. HENKIL\u00d6TIETOJEN K\u00c4YTT\u00d6TARKOITUKSET<\/h2>\n\n\n\n<p>6.1 Sinulla on oikeus tiet\u00e4\u00e4 mihin tarkoitukseen k\u00e4yt\u00e4mme tietojasi ja siihen ett\u00e4 olemme selkeit\u00e4 ja l\u00e4pin\u00e4kyvi\u00e4 sen suhteen. Lailliset tarkoituksemme ovat:<\/p>\n\n\n\n<ul class=\"wp-block-list\">\n<li>Voidaksemme tarjota sinulle asianmukaista asiakaspalvelua;<\/li>\n\n\n\n<li>Palvelujemme ja verkkosivustomme yleinen toiminta;<\/li>\n\n\n\n<li>S\u00e4ilytt\u00e4\u00e4ksemme asiakassuhteen kanssasi ja kommunikoidaksemme kanssasi tarpeen mukaan;<\/li>\n\n\n\n<li>Saadaksemme tietoa siit\u00e4 miten asiakkaamme k\u00e4ytt\u00e4v\u00e4t palveluitamme;<\/li>\n\n\n\n<li>Yll\u00e4pit\u00e4\u00e4ksemme ja parantaaksemme verkkopalveluitamme k\u00e4ytt\u00e4m\u00e4ll\u00e4 analyyttisi\u00e4 tietoja;<\/li>\n\n\n\n<li>Saatamme s\u00e4ilytt\u00e4\u00e4 ja k\u00e4ytt\u00e4\u00e4 meille antamiasi tietoja mink\u00e4 tahansa oikeudellisen vaatimuksen yhteydess\u00e4;<\/li>\n\n\n\n<li>Tiedottaaksemme mahdollisesta tulevasta markkinoinnista joka tavoittaa asiakaskontaktimme, varmistaaksemme ett\u00e4 ainoastaan asiaankuuluvaa tietoa l\u00e4hetet\u00e4\u00e4n asiakkaillemme;<\/li>\n\n\n\n<li>Verkkosivustollemme kohdistuvan petoksen tai laittoman toiminnan est\u00e4miseksi.<\/li>\n<\/ul>\n\n\n\n<h2 class=\"wp-block-heading\">7. HENKIL\u00d6TIETOJEN KER\u00c4\u00c4MINEN<\/h2>\n\n\n\n<p>7.1 Sivustomme k\u00e4ytt\u00e4\u00e4 ev\u00e4steit\u00e4, tunnisteita ja muuta vastaavaa tekniikkaa verkkosivustollamme, mukaan lukien kolmannen osapuolen datapalveluntarjoajat. Emme ole vastuussa kolmansien osapuolten toimista. N\u00e4it\u00e4 k\u00e4ytet\u00e4\u00e4n parantamaan sivuston k\u00e4ytt\u00e4j\u00e4kokemusta ja antamaan meille tietoa verkkosivustomme k\u00e4ytt\u00e4jist\u00e4. Voit poistaa ev\u00e4steet k\u00e4yt\u00f6st\u00e4 selaimesi asetuksista tai kielt\u00e4yty\u00e4 hyv\u00e4ksym\u00e4st\u00e4 ev\u00e4steet kun vierailet verkkosivulla ensimm\u00e4ist\u00e4 kertaa. K\u00e4yt\u00e4mme ev\u00e4steit\u00e4 ainoastaan silloin kun ne ovat tarpeellisia ja meill\u00e4 on oikeutettu syy tietojesi k\u00e4sittelemiseen. Kaikkia ty\u00f6ntekij\u00f6it\u00e4mme on ohjeistettu nimenomaan ker\u00e4\u00e4m\u00e4\u00e4n ja k\u00e4sittelem\u00e4\u00e4n sellaisia tietoja jotka ovat t\u00e4rkeit\u00e4 ty\u00f6suhteen tai asiakkaiden palvelemisen kannalta.<\/p>\n\n\n\n<h2 class=\"wp-block-heading\">8. TIETOJEN JAKAMINEN MUIDEN OSAPUOLTEN KANSS<\/h2>\n\n\n\n<p>8.1 Ajoittain EnterTalkPro voi ty\u00f6skennell\u00e4 kolmannen osapuolen tietopalvelun tarjoajien kanssa, joiden kanssa jaamme tietoa tietyn toiminnon suorittamiseksi<\/p>\n\n\n\n<p>8.2 Kaikkiin meid\u00e4n ja kolmannen osapuolen palveluntarjoajien v\u00e4lisiin tiedonjakosuhteisiin sovelletaan tietojen jakamista koskevaa sopimusta, joka sis\u00e4lt\u00e4\u00e4 asianmukaiset suojatoimenpiteet, jotka sis\u00e4ltyv\u00e4t sopimussuhteeseemme heid\u00e4n kanssaan.<\/p>\n\n\n\n<p>8.3 Kaikki kolmannen osapuolen palveluntarjoajan kanssa jaetut tiedot on tarkoitettu tiettyyn tarkoitukseen, eik\u00e4 mill\u00e4\u00e4n kolmannella osapuolella ole erillist\u00e4 itsen\u00e4ist\u00e4 oikeutta k\u00e4ytt\u00e4\u00e4 n\u00e4it\u00e4 tietoja mill\u00e4\u00e4n muulla tavalla.<\/p>\n\n\n\n<p>8.4 K\u00e4ytt\u00e4m\u00e4ll\u00e4 verkkosivustoamme hyv\u00e4ksyt, ett\u00e4 antamasi tiedot voivat haitallisten toimien kautta olla muiden Internetin k\u00e4ytt\u00e4jien saatavilla. Sitoudumme tekem\u00e4\u00e4n parhaamme asianmukaisten ohjelmistojen ja menettelyjen avulla est\u00e4\u00e4ksemme tietoturvaloukkaukset<\/p>\n\n\n\n<p>8.5 Kaikki verkkosivustomme tai palveluidemme kautta k\u00e4ytett\u00e4v\u00e4t rahoitustapahtumat sis\u00e4lt\u00e4v\u00e4t tietojen jakamisen rahoituspalvelun tarjoajamme kanssa. Jaamme n\u00e4it\u00e4 tietoja vain vaaditussa laajuudessa, joka sis\u00e4lt\u00e4\u00e4 yleens\u00e4 maksujen k\u00e4sittelyn, hyvitykset ja maksua koskeviin kyselyihin vastaamisen.<\/p>\n\n\n\n<p>8.6 Jaamme tai siirr\u00e4mme henkil\u00f6tietoja vain t\u00e4ss\u00e4 osiossa kuvatulla tavalla ja t\u00e4ss\u00e4 m\u00e4\u00e4ritellyin ehdoin.<\/p>\n\n\n\n<h2 class=\"wp-block-heading\">9. OIKEUS YKSITYISYYTEEN<\/h2>\n\n\n\n<p>9.1 GDPR:n mukaan sinulla on erityisi\u00e4 tietojasi koskevia oikeuksia. Mik\u00e4\u00e4n t\u00e4ss\u00e4 k\u00e4yt\u00e4nn\u00f6ss\u00e4 ei loukkaa n\u00e4it\u00e4 oikeuksia, GDPR:n artiklan 13(2) mukaiset oikeudet ovat sinun tietojasi koskien seuraavat. Niihin kuuluvat seuraavat oikeudet:<\/p>\n\n\n\n<ul class=\"wp-block-list\">\n<li>Oikeus p\u00e4\u00e4st\u00e4 k\u00e4siksi tietoihisi, voit pyyt\u00e4\u00e4 kopiota hallussamme olevista tiedoista;<\/li>\n\n\n\n<li>Oikeus tietojen oikaisuun, jonka perusteella voit pyyt\u00e4\u00e4 meit\u00e4 oikaisemaan tietojasi;<\/li>\n\n\n\n<li>Oikeus peruuttaa suostumuksesi ja siten peruuttaa oikeusperusta, jonka perusteella s\u00e4ilyt\u00e4mme tietojasi;<\/li>\n\n\n\n<li>Oikeus rajoittaa tietojesi k\u00e4ytt\u00f6\u00e4, mukaan lukien oikeus vastustaa tietojesi k\u00e4sittely\u00e4;<\/li>\n\n\n\n<li>Oikeus tietojesi t\u00e4ydelliseen poistamiseen, joka tunnetaan yleisesti nimell\u00e4 &#8217;poisto-oikeus&#8217;;<\/li>\n\n\n\n<li>Oikeus valittaa asianomaiselle kansalliselle viranomaiselle siit\u00e4, kuinka k\u00e4sittelemme tietojasi.<\/li>\n<\/ul>\n\n\n\n<p>Yll\u00e4 olevia oikeuksia koskevat erityiset rajoitukset ja poikkeukset, jotka l\u00f6yd\u00e4t t\u00e4\u00e4lt\u00e4.<\/p>\n\n\n\n<h2 class=\"wp-block-heading\">10. OIKEUKSIESI K\u00c4YTT\u00c4MINEN<\/h2>\n\n\n\n<p>10.1 Jos haluat k\u00e4ytt\u00e4\u00e4 jotakin kohdan 8 oikeuksista, ota ensin yhteytt\u00e4 yrityksen tietosuojavastaavaan s\u00e4hk\u00f6postitse osoitteeseen info@chatwriters.com, joka voi auttaa. Henkil\u00f6llisyytesi on vahvistettava sovellettavan tietolain noudattamiseksi.<\/p>\n\n\n\n<h2 class=\"wp-block-heading\">11. TIETOJEN S\u00c4ILYTT\u00c4MINEN<\/h2>\n\n\n\n<p>11.1 Ker\u00e4ttyj\u00e4 tietoja ei s\u00e4ilytet\u00e4 pidemp\u00e4\u00e4n kuin on tarpeen. Ev\u00e4steiden tai seurannan vuoksi ker\u00e4tyt tiedot s\u00e4ilytet\u00e4\u00e4n lyhyen ajan, ellei niit\u00e4 k\u00e4ytet\u00e4 verkkosivuston turvallisuuden tai palveluidemme yleisen parantamisen vuoksi.<\/p>\n\n\n\n<p>11.2 Sinulta tulleita tiedusteluja s\u00e4ilytet\u00e4\u00e4n enint\u00e4\u00e4n kuusi kuukautta asian ratkaisemisen j\u00e4lkeen, s\u00e4hk\u00f6posti ja yhteystiedot poistetaan, jos peruutat tilauksen tai ilmoitat meille, ettet en\u00e4\u00e4 halua kuulla meist\u00e4.<\/p>\n\n\n\n<p>11.3 Jos henkil\u00f6tietoja tarvitaan oikeusk\u00e4sittely\u00e4 varten, pid\u00e4t\u00e4mme oikeuden s\u00e4ilytt\u00e4\u00e4 n\u00e4m\u00e4 tiedot oikeudenk\u00e4ynnin ajan.<\/p>\n\n\n\n<h2 class=\"wp-block-heading\">12. TIETOJEN TURVALLINEN K\u00c4SITTELY<\/h2>\n\n\n\n<p>12.1 EnterTalkPro Ltd:ll\u00e4 on yleinen velvollisuus varmistaa ett\u00e4 tietojesi k\u00e4sittely on hoidettu asianmukaisesti, tarkasti est\u00e4en laitonta tai luvatonta p\u00e4\u00e4sy\u00e4, tietojen paljastumista tai k\u00e4ytt\u00f6\u00e4 vastaan. Jos tietoturvaloukkaus saattaa koskea sinua, ilmoitamme asiasta k\u00e4ytt\u00e4en ensisijaista yhteydenottov\u00e4yl\u00e4\u00e4. EnterTalkPro ei ole vastuussa mist\u00e4\u00e4n sinun omasta laiminly\u00f6nnist\u00e4 tai huolimattomuudesta omia tietojasi tai palveluun liittyvi\u00e4 tietoja kohtaan..<\/p>\n\n\n\n<h2 class=\"wp-block-heading\">13. KOLMANSIEN OSAPUOLIEN VERKKOSIVUSTOT<\/h2>\n\n\n\n<p>13.1 Linkit ulkopuolisille sivustoille jotka ei ole meid\u00e4n hallinnassamme saattavat sis\u00e4lt\u00e4\u00e4 riskin sinun tietoturvaasi. Emme ota vastuuta, tai ole vastuussa mist\u00e4\u00e4n ulkopuolisten sivustojen sis\u00e4ll\u00f6st\u00e4. Sinun tulee harkita mink\u00e4 tahansa ulkoisen verkkosivuston tietosuojak\u00e4yt\u00e4nt\u00f6j\u00e4 ennen sen k\u00e4ytt\u00f6\u00e4, ajatellen omaa tietoturvaasi.<\/p>\n\n\n\n<h2 class=\"wp-block-heading\">14. LIS\u00c4YKSET T\u00c4H\u00c4N K\u00c4YT\u00c4NT\u00d6\u00d6N<\/h2>\n\n\n\n<p>14.1 Saatamme ajoittain p\u00e4ivitt\u00e4\u00e4 t\u00e4t\u00e4 k\u00e4yt\u00e4nt\u00f6\u00e4, jos teemme niin, julkaisemme uuden tietosuojak\u00e4yt\u00e4nn\u00f6n sivustollamme ja p\u00e4iv\u00e4m\u00e4\u00e4r\u00e4 josta muutokset astui voimaan on selke\u00e4sti n\u00e4kyvill\u00e4 sivustolla. Jos teemme merkitt\u00e4vi\u00e4 muutoksia jotka saattavat vaikuttaa sinuun, saatamme ilmoittaa niist\u00e4 s\u00e4hk\u00f6postitse. Jatkamalla sivuston ja sen tuottamien palvelujen k\u00e4ytt\u00f6\u00e4 suostut toimimaan sivustollamme uusien tietosuoja- ja ev\u00e4stek\u00e4yt\u00e4nt\u00f6jen mukaisesti.<\/p>\n","protected":false},"excerpt":{"rendered":"<p>1. JOHDANTO 1.1 T\u00e4m\u00e4n sivuston omistaa ja yll\u00e4pit\u00e4\u00e4 EnterTalkPro Ltd, 8th Floor, China Hong Kong Tower, 8-12 Hennessy Road, Wan Chai, Hong Kong, Company number: 3264433. 1.2 Tietojesi ja yksityisyytesi suojaaminen on lains\u00e4\u00e4d\u00e4nn\u00f6llinen velvollisuus ja sitoumuksemme sinua kohtaan, jonka otamme eritt\u00e4in vakavasti. T\u00e4t\u00e4 &#8217;tietosuoja- ja ev\u00e4stek\u00e4yt\u00e4nt\u00f6\u00e4&#8217; sovelletaan kun toimimme verkkosivustomme tai palveluidemme kautta meille annettujen &#8230; <a title=\"Tietosuoja- ja ev\u00e4stek\u00e4yt\u00e4nt\u00f6\" class=\"read-more\" href=\"https:\/\/chatwriters.com\/fi\/privacy-policy\/\" aria-label=\"Lue lis\u00e4\u00e4 aiheesta Tietosuoja- ja ev\u00e4stek\u00e4yt\u00e4nt\u00f6\">Lue lis\u00e4\u00e4<\/a><\/p>\n","protected":false},"author":1,"featured_media":0,"parent":0,"menu_order":0,"comment_status":"closed","ping_status":"open","template":"","meta":{"footnotes":""},"class_list":{"0":"post-1883","1":"page","2":"type-page","3":"status-publish","5":"infinite-scroll-item"},"_links":{"self":[{"href":"https:\/\/chatwriters.com\/fi\/wp-json\/wp\/v2\/pages\/1883","targetHints":{"allow":["GET"]}}],"collection":[{"href":"https:\/\/chatwriters.com\/fi\/wp-json\/wp\/v2\/pages"}],"about":[{"href":"https:\/\/chatwriters.com\/fi\/wp-json\/wp\/v2\/types\/page"}],"author":[{"embeddable":true,"href":"https:\/\/chatwriters.com\/fi\/wp-json\/wp\/v2\/users\/1"}],"replies":[{"embeddable":true,"href":"https:\/\/chatwriters.com\/fi\/wp-json\/wp\/v2\/comments?post=1883"}],"version-history":[{"count":2,"href":"https:\/\/chatwriters.com\/fi\/wp-json\/wp\/v2\/pages\/1883\/revisions"}],"predecessor-version":[{"id":1888,"href":"https:\/\/chatwriters.com\/fi\/wp-json\/wp\/v2\/pages\/1883\/revisions\/1888"}],"wp:attachment":[{"href":"https:\/\/chatwriters.com\/fi\/wp-json\/wp\/v2\/media?parent=1883"}],"curies":[{"name":"wp","href":"https:\/\/api.w.org\/{rel}","templated":true}]}}