{"id":1885,"date":"2025-06-30T12:01:42","date_gmt":"2025-06-30T12:01:42","guid":{"rendered":"https:\/\/dev.chatwriters.com\/?page_id=1885"},"modified":"2025-07-22T14:10:37","modified_gmt":"2025-07-22T14:10:37","slug":"privacy-policy","status":"publish","type":"page","link":"https:\/\/chatwriters.com\/fr\/privacy-policy\/","title":{"rendered":"Politique de confidentialit\u00e9 et de cookies"},"content":{"rendered":"\n<h2 class=\"wp-block-heading\">1. INTRODUCTION<\/h2>\n\n\n\n<p>1.1 Ce site Web appartient et est administr\u00e9 par EnterTalkPro Ltd, 8th Floor, China Hong Kong Tower, 8-12 Hennessy Road, Wan Chai, Hong Kong, Company number: 3264433.<\/p>\n\n\n\n<p>1.2 La protection de vos donn\u00e9es et de votre vie priv\u00e9e est un engagement et une obligation l\u00e9gale de notre part envers vous et que nous prenons au s\u00e9rieux. Ce document l\u00e9gal, notre \u00ab\u00a0Politique de confidentialit\u00e9 et de protection des donn\u00e9es des cookies\u00a0\u00bb, s&rsquo;applique lorsque nous agissons en tant que contr\u00f4leur de donn\u00e9es ou processeur de donn\u00e9es de vos informations fournies via l&rsquo;utilisation de notre site Web ou de nos services.<\/p>\n\n\n\n<p>1.3 Le traitement de vos donn\u00e9es est effectu\u00e9 conform\u00e9ment aux lois applicables relatives \u00e0 votre juridiction, nos politiques sont conformes au r\u00e8glement g\u00e9n\u00e9ral de l&rsquo;UE sur la protection des donn\u00e9es (RGPD 2016\/679) (ci-apr\u00e8s le \u00ab RGPD \u00bb) pour les individus et les organisations au sein des \u00c9tats membres de l&rsquo;UE et ceux au sein de l&rsquo;Espace Economique Europ\u00e9en.<\/p>\n\n\n\n<p>1.4 Les donn\u00e9es personnelles sont d\u00e9finies par le RGPD comme : \u00ab toute information se rapportant \u00e0 une personne physique identifi\u00e9e ou identifiable (ci-apr\u00e8s d\u00e9nomm\u00e9e \u00ab personne concern\u00e9e \u00bb) ; est r\u00e9put\u00e9e identifiable une personne physique qui peut \u00eatre identifi\u00e9e, directement ou indirectement, notamment par r\u00e9f\u00e9rence \u00e0 un identifiant, tel qu&rsquo;un nom, un num\u00e9ro d&rsquo;identification, des donn\u00e9es de localisation, un identifiant en ligne, ou \u00e0 un ou plusieurs \u00e9l\u00e9ments sp\u00e9cifiques propres \u00e0 son identit\u00e9 physique, physiologique, g\u00e9n\u00e9tique, psychique, \u00e9conomique, culturelle ou sociale \u00bb.<\/p>\n\n\n\n<p>1.5 Pour obtenir une copie de cette politique dans un format diff\u00e9rent ou pour soulever des pr\u00e9occupations ou des questions, veuillez contacter le responsable de la protection des donn\u00e9es de l&rsquo;entreprise par e-mail \u00e0 info@chatwriters.com sera en mesure de vous aider.<\/p>\n\n\n\n<h2 class=\"wp-block-heading\">2. PROCESSEUR DE DONN\u00c9ES<\/h2>\n\n\n\n<p>2.1 Cette politique de confidentialit\u00e9 et de cookies d\u00e9finit la mani\u00e8re dont EnterTalkPro Ltd traitera vos donn\u00e9es en tant que \u00ab contr\u00f4leur de donn\u00e9es \u00bb, y compris toute information personnelle vous concernant provenant de l&rsquo;utilisation de nos services. L&rsquo;utilisation de nos services comprend, mais sans s&rsquo;y limiter, toute consultation, achat, demande ou autre activit\u00e9 n\u00e9cessitant le partage d&rsquo;informations entre vous et nous.<\/p>\n\n\n\n<h2 class=\"wp-block-heading\">3. COLLECTE DE DONN\u00c9ES<\/h2>\n\n\n\n<p>3.1 Toutes les donn\u00e9es que nous traitons en tant que sous-traitant seront trait\u00e9es strictement conform\u00e9ment \u00e0 la pr\u00e9sente politique, y compris celles que vous nous fournissez via https:\/\/chatwriters.com\/. EnterTalkPro Ltd ne vendra, ne conc\u00e8dera ni ne transmettra vos donn\u00e9es personnelles sans votre consentement \u00e9crit expr\u00e8s.<\/p>\n\n\n\n<h2 class=\"wp-block-heading\">4. BASE JURIDIQUE DE LA COLLECTE DE RENSEIGNEMENTS PERSONNELS<\/h2>\n\n\n\n<p>4.1 En tant qu&rsquo;entreprise op\u00e9rant \u00e0 Hong Kong, nous ne pouvons collecter des donn\u00e9es personnelles que lorsque nous disposons d&rsquo;une base l\u00e9gale pour le faire. Par exemple\u00a0:<\/p>\n\n\n\n<ul class=\"wp-block-list\">\n<li>Nous avons des obligations contractuelles envers vous qui n\u00e9cessitent l&rsquo;utilisation de ces donn\u00e9es;<\/li>\n\n\n\n<li>Vous consentez \u00e0 ce que nous traitions et utilisions vos donn\u00e9es ;<\/li>\n\n\n\n<li>Conform\u00e9ment et en conformit\u00e9 avec les lois et r\u00e9glementations en mati\u00e8re de confidentialit\u00e9 de la juridiction applicable.<\/li>\n<\/ul>\n\n\n\n<h2 class=\"wp-block-heading\">5. CAT\u00c9GORIES DE RENSEIGNEMENTS PERSONNELS D\u00c9TENUS<\/h2>\n\n\n\n<p>5.1 Tout au long de notre travail, nous recueillons des donn\u00e9es et des informations personnelles dans nos interactions avec vous par le biais de votre utilisation de notre site Web et par le biais d&rsquo;autres communications. Les types typiques d&rsquo;informations que nous traitons de votre part incluent, mais sans s&rsquo;y limiter, votre nom, votre adresse e-mail, votre adresse IP, votre emplacement, votre adresse physique et celles qui surviennent lors de notre correspondance. Nous nous conformerons toujours aux lois nationales et internationales applicables et, par cons\u00e9quent, les informations personnelles peuvent \u00e9galement \u00eatre utilis\u00e9es pour y parvenir.<\/p>\n\n\n\n<h2 class=\"wp-block-heading\">6. FINALIT\u00c9S DE L&rsquo;UTILISATION DE VOS INFORMATIONS PERSONNELLES<\/h2>\n\n\n\n<p>6.1 Vous avez le droit de conna\u00eetre les finalit\u00e9s pour lesquelles nous traitons vos donn\u00e9es et d&rsquo;\u00eatre clair et transparent. Nos finalit\u00e9s l\u00e9gitimes sont\u00a0:<\/p>\n\n\n\n<ul class=\"wp-block-list\">\n<li>Pour vous fournir un service client appropri\u00e9;<\/li>\n\n\n\n<li>Fonctionnement g\u00e9n\u00e9ral de nos services et de notre site Web ;<\/li>\n\n\n\n<li>Pour maintenir nos relations avec vous en tant que client et communiquer avec vous le cas \u00e9ch\u00e9ant;<\/li>\n\n\n\n<li>Pour nous informer sur la mani\u00e8re dont nos services sont utilis\u00e9s par nos clients;<\/li>\n\n\n\n<li>Pour maintenir et am\u00e9liorer nos services Web en utilisant des donn\u00e9es analytiques;<\/li>\n\n\n\n<li>Nous pouvons conserver et utiliser les informations que vous nous avez fournies en cas de r\u00e9clamation l\u00e9gale;<\/li>\n\n\n\n<li>Pour informer tout marketing futur de nos relations avec les clients afin de garantir que seules les informations pertinentes sont envoy\u00e9es aux clients ;<\/li>\n\n\n\n<li>Pour lutter contre la fraude ou les activit\u00e9s ill\u00e9gales dirig\u00e9es vers notre site Web.<\/li>\n<\/ul>\n\n\n\n<h2 class=\"wp-block-heading\">7. COLLECTE DES DONNEES PERSONNELLES<\/h2>\n\n\n\n<p>7.1 Notre site Web utilise des cookies, des balises et d&rsquo;autres types de technologies similaires sur notre site Web, y compris des fournisseurs de services de donn\u00e9es tiers. Nous ne sommes en aucun cas responsables des actions des fournisseurs tiers. Ceux-ci sont utilis\u00e9s pour faciliter votre exp\u00e9rience d&rsquo;utilisation de notre site Web et pour nous fournir des informations sur les utilisateurs de notre site Web. Vous pouvez d\u00e9sactiver les cookies en utilisant les param\u00e8tres de votre navigateur ou en refusant d&rsquo;accepter les cookies lors de votre premi\u00e8re visite sur notre site Web. Nous n&rsquo;utiliserons des cookies que lorsque cela sera n\u00e9cessaire et qu&rsquo;il existe un int\u00e9r\u00eat l\u00e9gitime \u00e0 traiter vos donn\u00e9es. Tous nos employ\u00e9s sont explicitement charg\u00e9s de collecter et de traiter uniquement les donn\u00e9es pertinentes dans le cadre de leur travail et au service des clients.<\/p>\n\n\n\n<h2 class=\"wp-block-heading\">8. PARTAGE DE DONN\u00c9ES AVEC D&rsquo;AUTRES PARTIES<\/h2>\n\n\n\n<p>8.1 De temps \u00e0 autre, EnterTalkPro Ltd peut travailler avec des fournisseurs de services de donn\u00e9es tiers avec lesquels nous partagerons des donn\u00e9es pour ex\u00e9cuter une fonction sp\u00e9cifique..<\/p>\n\n\n\n<p>8.2 Toute relation de partage de donn\u00e9es entre nous et un fournisseur tiers sera soumise \u00e0 un accord de partage de donn\u00e9es avec des garanties appropri\u00e9es incluses dans notre relation contractuelle avec eux.<\/p>\n\n\n\n<p>8.3 Toutes les donn\u00e9es partag\u00e9es avec un fournisseur tiers le sont dans un but pr\u00e9cis et aucun fournisseur tiers n&rsquo;a de droit ind\u00e9pendant distinct d&rsquo;utiliser ces donn\u00e9es d&rsquo;une autre mani\u00e8re.<\/p>\n\n\n\n<p>8.4 En utilisant notre site Web, vous reconnaissez que les informations que vous fournissez peuvent, par le biais d&rsquo;actes malveillants, \u00eatre accessibles \u00e0 d&rsquo;autres utilisateurs d&rsquo;Internet. Nous nous engageons \u00e0 faire de notre mieux par le biais de logiciels et de proc\u00e9dures appropri\u00e9s pour emp\u00eacher toute violation de donn\u00e9es.<\/p>\n\n\n\n<p>8.5 Toute transaction financi\u00e8re utilis\u00e9e via notre site Web ou nos services implique le partage de donn\u00e9es avec notre fournisseur financier. Nous ne partagerons ces informations que dans la mesure requise, ce qui inclut g\u00e9n\u00e9ralement le traitement des paiements, les remboursements et la r\u00e9ponse \u00e0 toute question relative \u00e0 un paiement.<\/p>\n\n\n\n<p>8.6 Nous ne partagerons ou ne transf\u00e9rerons les informations personnelles que de la mani\u00e8re d\u00e9crite et dans les conditions \u00e9nonc\u00e9es dans cette section.<\/p>\n\n\n\n<h2 class=\"wp-block-heading\">9. DROITS \u00c0 LA VIE PRIV\u00c9E<\/h2>\n\n\n\n<p>9.1 Dans le cadre du RGPD, vous disposez de droits sp\u00e9cifiques relatifs \u00e0 vos donn\u00e9es. Rien dans cette politique ne porte atteinte \u00e0 ces droits, les droits pr\u00e9vus par l&rsquo;article 13, paragraphe 2, du RGPD sont les suivants pour vous en tant que personne concern\u00e9e. Ceux-ci incluent les droits suivants:<\/p>\n\n\n\n<ul class=\"wp-block-list\">\n<li>Le droit d&rsquo;acc\u00e9der \u00e0 vos donn\u00e9es, vous pouvez demander des copies des donn\u00e9es que nous d\u00e9tenons;<\/li>\n\n\n\n<li>Le droit de rectification qui vous permet de nous demander de modifier vos donn\u00e9es;<\/li>\n\n\n\n<li>Le droit de retirer son consentement et de retirer ainsi la base juridique sur laquelle nous d\u00e9tenons vos donn\u00e9es ;<\/li>\n\n\n\n<li>Le droit de limiter l&rsquo;utilisation de vos donn\u00e9es, y compris le droit de s&rsquo;opposer au traitement de vos donn\u00e9es ;<\/li>\n\n\n\n<li>Le droit \u00e0 la suppression totale de vos donn\u00e9es, commun\u00e9ment appel\u00e9 \u00ab droit \u00e0 l\u2019effacement \u00bb;<\/li>\n\n\n\n<li>Le droit de vous plaindre aupr\u00e8s de votre autorit\u00e9 nationale comp\u00e9tente de la mani\u00e8re dont nous traitons vos donn\u00e9es.<\/li>\n<\/ul>\n\n\n\n<p>Les droits ci-dessus sont soumis \u00e0 des limitations et exceptions sp\u00e9cifiques que vous pouvez trouver ici.<\/p>\n\n\n\n<h2 class=\"wp-block-heading\">10. EXERCICE DE VOS DROITS<\/h2>\n\n\n\n<p>10.1 Si vous souhaitez exercer l&rsquo;un des droits de la section 8, veuillez d&rsquo;abord contacter le responsable de la protection des donn\u00e9es de l&rsquo;entreprise par e-mail \u00e0 l&rsquo;adresse info@chatwriters.com qui pourra vous aider. La v\u00e9rification de votre identit\u00e9 sera n\u00e9cessaire pour se conformer \u00e0 la loi applicable sur les donn\u00e9es.<\/p>\n\n\n\n<h2 class=\"wp-block-heading\">11. CONSERVATION DES DONN\u00c9ES<\/h2>\n\n\n\n<p>11.1 Toutes les donn\u00e9es collect\u00e9es ne seront pas conserv\u00e9es plus longtemps que n\u00e9cessaire. Les donn\u00e9es collect\u00e9es gr\u00e2ce aux cookies ou au suivi sont conserv\u00e9es pendant une courte p\u00e9riode, \u00e0 moins qu&rsquo;elles ne soient utilis\u00e9es en consid\u00e9ration de la s\u00e9curit\u00e9 du site Web ou de l&rsquo;am\u00e9lioration g\u00e9n\u00e9rale de nos services.<\/p>\n\n\n\n<p>11.2 Toutes les demandes de votre part seront conserv\u00e9es pendant un maximum de six mois apr\u00e8s la conclusion de la demande, les e-mails et les donn\u00e9es de contact seront supprim\u00e9s si vous vous d\u00e9sabonnez ou nous informez que vous ne souhaitez plus avoir de nos nouvelles..<\/p>\n\n\n\n<p>11.3 Lorsque des donn\u00e9es personnelles sont n\u00e9cessaires \u00e0 l&rsquo;utilisation dans le cadre d&rsquo;une proc\u00e9dure judiciaire, nous nous r\u00e9servons le droit de conserver ces informations pendant la dur\u00e9e de la proc\u00e9dure judiciaire.<\/p>\n\n\n\n<h2 class=\"wp-block-heading\">12. TRAITEMENT S\u00c9CURIS\u00c9 DE VOS DONN\u00c9ES<\/h2>\n\n\n\n<p>12.1 EnterTalkPro Ltd a l&rsquo;obligation g\u00e9n\u00e9rale de s&rsquo;assurer que le traitement de vos donn\u00e9es et informations personnelles se fait de mani\u00e8re vigilante pour se prot\u00e9ger contre tout acc\u00e8s, divulgation ou utilisation ill\u00e9gal ou non autoris\u00e9. En cas de violation de donn\u00e9es susceptible de vous affecter, nous vous en informerons via les principales coordonn\u00e9es que vous avez fournies. EnterTalkPro Ltd n&rsquo;est pas responsable de toute n\u00e9gligence dans la protection de vos propres donn\u00e9es ou informations concernant nos services.<\/p>\n\n\n\n<h2 class=\"wp-block-heading\">13. SITES WEB TIERS<\/h2>\n\n\n\n<p>13.1 Les liens vers des sites Web externes qui ne sont pas sous notre contr\u00f4le peuvent pr\u00e9senter un risque pour la s\u00e9curit\u00e9 de vos donn\u00e9es. Nous n&rsquo;assumons pas et ne sommes pas responsables du contenu des sites Web externes. Vous devez tenir compte de la politique de confidentialit\u00e9 de tout site Web externe avant de l&rsquo;utiliser en tenant d\u00fbment compte de la s\u00e9curit\u00e9 de vos informations.<\/p>\n\n\n\n<h2 class=\"wp-block-heading\">14. AMENDEMENTS \u00c0 CETTE POLITIQUE<\/h2>\n\n\n\n<p>14.1 De temps en temps, nous pouvons mettre \u00e0 jour cette politique, si nous le faisons, nous publierons la nouvelle politique sur notre site Web et la date \u00e0 laquelle la politique a \u00e9t\u00e9 mise en \u0153uvre sera clairement indiqu\u00e9e sur la page Web. En cas de changements importants que nous estimons susceptibles de vous affecter, nous pouvons vous en informer par e-mail. Votre utilisation continue de notre site Web et de nos services implique que vous acceptez d&rsquo;exploiter notre site Web conform\u00e9ment \u00e0 la version actuelle de notre politique de confidentialit\u00e9 et de cookies.<\/p>\n","protected":false},"excerpt":{"rendered":"<p>1. INTRODUCTION 1.1 Ce site Web appartient et est administr\u00e9 par EnterTalkPro Ltd, 8th Floor, China Hong Kong Tower, 8-12 Hennessy Road, Wan Chai, Hong Kong, Company number: 3264433. 1.2 La protection de vos donn\u00e9es et de votre vie priv\u00e9e est un engagement et une obligation l\u00e9gale de notre part envers vous et que nous &#8230; <a title=\"Politique de confidentialit\u00e9 et de cookies\" class=\"read-more\" href=\"https:\/\/chatwriters.com\/fr\/privacy-policy\/\" aria-label=\"En savoir plus sur Politique de confidentialit\u00e9 et de cookies\">En savoir plus<\/a><\/p>\n","protected":false},"author":1,"featured_media":0,"parent":0,"menu_order":0,"comment_status":"closed","ping_status":"open","template":"","meta":{"footnotes":""},"class_list":{"0":"post-1885","1":"page","2":"type-page","3":"status-publish","5":"infinite-scroll-item"},"_links":{"self":[{"href":"https:\/\/chatwriters.com\/fr\/wp-json\/wp\/v2\/pages\/1885","targetHints":{"allow":["GET"]}}],"collection":[{"href":"https:\/\/chatwriters.com\/fr\/wp-json\/wp\/v2\/pages"}],"about":[{"href":"https:\/\/chatwriters.com\/fr\/wp-json\/wp\/v2\/types\/page"}],"author":[{"embeddable":true,"href":"https:\/\/chatwriters.com\/fr\/wp-json\/wp\/v2\/users\/1"}],"replies":[{"embeddable":true,"href":"https:\/\/chatwriters.com\/fr\/wp-json\/wp\/v2\/comments?post=1885"}],"version-history":[{"count":1,"href":"https:\/\/chatwriters.com\/fr\/wp-json\/wp\/v2\/pages\/1885\/revisions"}],"predecessor-version":[{"id":1886,"href":"https:\/\/chatwriters.com\/fr\/wp-json\/wp\/v2\/pages\/1885\/revisions\/1886"}],"wp:attachment":[{"href":"https:\/\/chatwriters.com\/fr\/wp-json\/wp\/v2\/media?parent=1885"}],"curies":[{"name":"wp","href":"https:\/\/api.w.org\/{rel}","templated":true}]}}