{"id":1891,"date":"2025-06-30T12:01:42","date_gmt":"2025-06-30T12:01:42","guid":{"rendered":"https:\/\/dev.chatwriters.com\/?page_id=1891"},"modified":"2025-07-22T14:23:43","modified_gmt":"2025-07-22T14:23:43","slug":"privacy-policy","status":"publish","type":"page","link":"https:\/\/chatwriters.com\/hu\/privacy-policy\/","title":{"rendered":"Adatv\u00e9delmi \u00e9s s\u00fcti szab\u00e1lyzat"},"content":{"rendered":"\n<h5 class=\"wp-block-heading\">1. \u201cBEVEZET\u00c9S<\/h5>\n\n\n\n<p>Ez az oldal az EnterTalkPro Ltd (\u201ca C\u00e9g\u201d), korl\u00e1tolt felel\u0151ss\u00e9g\u0171 mag\u00e1nt\u00e1rsas\u00e1g tulajdona, mely a Hong Kong t\u00f6rv\u00e9nyeinek hat\u00e1lya al\u00e1 tartozik, sz\u00e9khelye 8th floor, China Hongkong Tower 8 \u2013 12 Hennessy Road, Wan Chai, Hong Kong, c\u00e9gjegyz\u00e9ksz\u00e1ma pedig a Hong Kong kereskedelmi kamar\u00e1j\u00e1nak nyilv\u00e1ntart\u00e1s\u00e1ban 3264433.<\/p>\n\n\n\n<p>1.2 Az adataid \u00e9s a mag\u00e1n\u00e9leted v\u00e9delme az egyik f\u0151 feladatunk. Ezt nagyon komolyan is vessz\u00fck. Ez az adatv\u00e9delmi szab\u00e1lyzat a s\u00fctikre vonatkoz\u00f3 szab\u00e1lyzatokkal egy\u00fctt akkor \u00e9rv\u00e9nyes, amikor adatkezel\u0151k\u00e9nt vagy feldolgoz\u00f3k\u00e9nt j\u00e1runk el azon adatok \u00e9s inform\u00e1ci\u00f3k tekintet\u00e9ben, amelyeket az oldalunk vagy szolg\u00e1ltat\u00e1saink haszn\u00e1lata sor\u00e1n adsz nek\u00fcnk. Az itteni adatv\u00e9delmi szab\u00e1lyzat kieg\u00e9sz\u00edthet\u0151 m\u00e1ssal is, amelyek r\u00e9szben vagy teljesen a meghat\u00e1rozott szolg\u00e1ltat\u00e1sokra vonatkoznak.<\/p>\n\n\n\n<p>1.3 A szem\u00e9lyes adataidat a joghat\u00f3s\u00e1god szerinti t\u00f6rv\u00e9nyeknek megfelel\u0151en kezelj\u00fck, az Eur\u00f3pai Uni\u00f3 tag\u00e1llamaib\u00f3l \u00e9s az eur\u00f3pai gazdas\u00e1gi t\u00e9rs\u00e9gb\u0151l sz\u00e1rmaz\u00f3 mag\u00e1nszem\u00e9lyek \u00e9s szervezetek eset\u00e9ben pedig az EU \u00e1ltal\u00e1nos adatv\u00e9delmi rendelet\u00e9nek (GDPR) megfelel\u0151en j\u00e1runk el. (A tov\u00e1bbiakban: GDPR 2016\/679).<\/p>\n\n\n\n<p>1.4 Az el\u0151bbi 1.3. pontban eml\u00edtett feldolgoz\u00e1s al\u00e1 vont szem\u00e9lyes adatok a GDPR 4. pontj\u00e1nak (1) bekezd\u00e9s\u00e9ben (A fogalommeghat\u00e1roz\u00e1sok) bizonyos jelent\u00e9ssel b\u00edrnak. Szem\u00e9lyes adat: \u201cazonos\u00edtott vagy azonos\u00edthat\u00f3 term\u00e9szetes szem\u00e9lyre vonatkoz\u00f3 b\u00e1rmely inform\u00e1ci\u00f3, amely \u201cazonos\u00edthat\u00f3 term\u00e9szetes szem\u00e9ly\u201d azaz, aki k\u00f6zvetlen\u00fcl vagy k\u00f6zvetve azonos\u00edthat\u00f3. K\u00fcl\u00f6n\u00f6sen olyan azonos\u00edt\u00f3ra val\u00f3 hivatkoz\u00e1ssal, mint p\u00e9ld\u00e1ul n\u00e9v, azonos\u00edt\u00f3 sz\u00e1m, helyadatok, online azonos\u00edt\u00f3 vagy egy vagy t\u00f6bb, az adott term\u00e9szetes szem\u00e9ly fizikai, fiziol\u00f3giai, genetikai, ment\u00e1lis, gazdas\u00e1gi, kultur\u00e1lis vagy t\u00e1rsadalmi azonoss\u00e1g\u00e1ra jellemz\u0151 t\u00e9nyez\u0151.\u201d.<\/p>\n\n\n\n<p>1.5 Ha szeretn\u00e9l m\u00e1s form\u00e1tumban hozz\u00e1f\u00e9rni ennek a szab\u00e1lyzatnak a p\u00e9ld\u00e1ny\u00e1hoz, vagy b\u00e1rmilyen k\u00e9rd\u00e9sed van, k\u00e9rj\u00fck, vedd fel vel\u00fcnk a kapcsolatot a management@entertalkpro.com e-mail c\u00edmen, \u00e9s \u00f6r\u00f6mmel seg\u00edt\u00fcnk.<\/p>\n\n\n\n<h5 class=\"wp-block-heading\">2. ADATKEZEL\u0150<\/h5>\n\n\n\n<p>2.1 Az itteni adatv\u00e9delmi szab\u00e1lyzat szerint, a T\u00e1rsas\u00e1g (\u201eadatkezel\u0151\u201d) milyen m\u00f3don kezeli az adataidat, bele\u00e9rtve a szolg\u00e1ltat\u00e1saink ig\u00e9nybev\u00e9tele sor\u00e1n gy\u0171jt\u00f6tt, r\u00e1d vonatkoz\u00f3 szem\u00e9lyes inform\u00e1ci\u00f3kat is. A szolg\u00e1ltat\u00e1saink ig\u00e9nybev\u00e9tele mag\u00e1ban foglalja, de nem kiz\u00e1r\u00f3lagosan, a besz\u00e9lget\u00e9seket, v\u00e1s\u00e1rl\u00e1sokat, megkeres\u00e9seket vagy egy\u00e9b olyan tev\u00e9kenys\u00e9geket, amelyek megk\u00f6vetelik k\u00f6zted \u00e9s a k\u00f6zt\u00fcnk l\u00e9v\u0151 inform\u00e1ci\u00f3megoszt\u00e1st.<\/p>\n\n\n\n<h5 class=\"wp-block-heading\">3. ADATGY\u0170JT\u00c9S<\/h5>\n\n\n\n<p>3.1 Az \u00e1ltalunk, mint adatfeldolgoz\u00f3k\u00e9nt kezelt adatokat szigor\u00faan a jelen szab\u00e1lyzatnak megfelel\u0151en kezelj\u00fck, bele\u00e9rtve a t\u0151led a https:\/\/chatwriters.com\/ oldalon kereszt\u00fcl megadott adatokat is. A EnterTalkPro Ltd soha nem adja el, nem ad enged\u00e9lyt vagy tov\u00e1bb\u00edtja a szem\u00e9lyes adataidat an\u00e9lk\u00fcl, hogy ehhez el\u0151zetesen kifejezett, \u00edr\u00e1sos hozz\u00e1j\u00e1rul\u00e1st kapott volna.<\/p>\n\n\n\n<h5 class=\"wp-block-heading\">4. A SZEM\u00c9LYES ADATOK GY\u0170JT\u00c9S\u00c9NEK JOGI ALAPJAI<\/h5>\n\n\n\n<p>A szem\u00e9lyes adataidat az al\u00e1bbi jogalapok k\u00f6z\u00fcl egy vagy t\u00f6bb alapj\u00e1n gy\u0171jtj\u00fck \u00e9s kezelj\u00fck:<\/p>\n\n\n\n<ul class=\"wp-block-list\">\n<li>Szerz\u0151d\u00e9ses k\u00f6telezetts\u00e9geink vannak veled szemben, ami megk\u00f6veteli az ilyen adatok felhaszn\u00e1l\u00e1s\u00e1t;<\/li>\n\n\n\n<li>Hozz\u00e1j\u00e1rulsz az adataid \u00e1ltalunk v\u00e9gzett feldolgoz\u00e1s\u00e1hoz \u00e9s kezel\u00e9s\u00e9hez;<\/li>\n\n\n\n<li>A vonatkoz\u00f3 joghat\u00f3s\u00e1g adatv\u00e9delmi t\u00f6rv\u00e9nyeivel \u00e9s el\u0151\u00edr\u00e1saival \u00f6sszhangban \u00e9s betartva.<\/li>\n<\/ul>\n\n\n\n<h5 class=\"wp-block-heading\">5. A BEGY\u0170JT\u00d6TT SZEM\u00c9LYES ADATOK T\u00cdPUSAI<\/h5>\n\n\n\n<p>5.1 A munk\u00e1nk sor\u00e1n szem\u00e9lyes adatokat \u00e9s inform\u00e1ci\u00f3kat gy\u0171jt\u00fcnk a veled folytatott interakci\u00f3ink sor\u00e1n, amikor a weboldalunkat haszn\u00e1lod, illetve egy\u00e9b kommunik\u00e1ci\u00f3s csatorn\u00e1kon kereszt\u00fcl. A t\u0151led sz\u00e1rmaz\u00f3 tipikus inform\u00e1ci\u00f3t\u00edpusok k\u00f6z\u00e9 tartozik, de nem kiz\u00e1r\u00f3lagosan az a neved, e-mail c\u00edmed, IP-c\u00edmed, tart\u00f3zkod\u00e1si helyed, lakhelyed, valamint a levelez\u00e9s\u00fcnk sor\u00e1n felmer\u00fcl\u0151 inform\u00e1ci\u00f3k. Mindig betartjuk a vonatkoz\u00f3 hazai \u00e9s nemzetk\u00f6zi t\u00f6rv\u00e9nyeket, ez\u00e9rt a szem\u00e9lyes adatokat is felhaszn\u00e1lhatjuk ennek \u00e9rdek\u00e9ben.<\/p>\n\n\n\n<h5 class=\"wp-block-heading\">6. A SZEM\u00c9LYES ADATAID HASZN\u00c1LAT\u00c1NAK A C\u00c9LJA<\/h5>\n\n\n\n<p>6.1 Jogodban \u00e1ll tudni, hogy milyen c\u00e9lb\u00f3l dolgozzuk fel az adataidat, valamint hogy vil\u00e1gosak \u00e9s \u00e1tl\u00e1that\u00f3ak legy\u00fcnk. A t\u00f6rv\u00e9nyes c\u00e9ljaink a k\u00f6vetkez\u0151k:<\/p>\n\n\n\n<ul class=\"wp-block-list\">\n<li>A megfelel\u0151 \u00fcgyf\u00e9lszolg\u00e1lat biztos\u00edt\u00e1sa \u00e9rdek\u00e9ben,;<\/li>\n\n\n\n<li>Szolg\u00e1ltat\u00e1sunk \u00e9s weboldalunk \u00e1ltal\u00e1nos m\u0171k\u00f6d\u00e9se,<\/li>\n\n\n\n<li>A veled val\u00f3 kapcsolat fenntart\u00e1sa, mint \u00fcgyf\u00e9llel, \u00e9s sz\u00fcks\u00e9g szerint kommunik\u00e1lni veled;<\/li>\n\n\n\n<li>T\u00e1j\u00e9koztatva legy\u00fcnk arr\u00f3l, hogy az \u00fcgyfeleink milyen m\u00f3don veszik ig\u00e9nybe a szolg\u00e1ltat\u00e1sainkat;<\/li>\n\n\n\n<li>A webszolg\u00e1ltat\u00e1saink karbantart\u00e1sa \u00e9s fejleszt\u00e9se analitikai adatok felhaszn\u00e1l\u00e1s\u00e1val;<\/li>\n\n\n\n<li>B\u00e1rmilyen jogi k\u00f6vetel\u00e9s eset\u00e9n meg\u0151rizhetj\u00fck \u00e9s felhaszn\u00e1lhatjuk az \u00e1ltalad rendelkez\u00e9s\u00fcnkre bocs\u00e1tott inform\u00e1ci\u00f3kat;<\/li>\n\n\n\n<li>\u00dcgyfeleink t\u00e1j\u00e9koztat\u00e1sa a j\u00f6v\u0151beni marketinggel kapcsolatban, hogy biztos\u00edtsuk, hogy csak a relev\u00e1ns inform\u00e1ci\u00f3kat k\u00fcldj\u00fck el az \u00fcgyfeleknek;<\/li>\n\n\n\n<li>A weboldalunkra ir\u00e1nyul\u00f3 csal\u00e1s vagy illeg\u00e1lis tev\u00e9kenys\u00e9g elleni k\u00fczdelem \u00e9rdek\u00e9ben.<\/li>\n<\/ul>\n\n\n\n<h5 class=\"wp-block-heading\">7. SZEM\u00c9LYES ADATOK GY\u0170JT\u00c9SE<\/h5>\n\n\n\n<p>7.1 Az oldalunk s\u00fctiket, c\u00edmk\u00e9ket \u00e9s m\u00e1s hasonl\u00f3 technol\u00f3gi\u00e1t haszn\u00e1l, ide\u00e9rtve a harmadik f\u00e9l adatszolg\u00e1ltat\u00f3kat is. Semmilyen felel\u0151ss\u00e9get nem v\u00e1llalunk a k\u00fcls\u0151 szolg\u00e1ltat\u00f3k cselekedetei\u00e9rt. Ezeket arra haszn\u00e1ljuk, hogy megk\u00f6nny\u00edts\u00fck az oldalunk haszn\u00e1lat\u00e1nak \u00e9lm\u00e9ny\u00e9t, \u00e9s t\u00e1j\u00e9koztat\u00e1st adjunk arr\u00f3l, hogy kik haszn\u00e1lj\u00e1k azt. A s\u00fctiket letilthatod a b\u00f6ng\u00e9sz\u0151d be\u00e1ll\u00edt\u00e1saival, vagy a s\u00fctik elfogad\u00e1s\u00e1nak elutas\u00edt\u00e1s\u00e1val, amikor el\u0151sz\u00f6r l\u00e1togatod meg weboldalunkat. Csak akkor haszn\u00e1lunk s\u00fctiket, ha sz\u00fcks\u00e9ges \u00e9s jogos \u00e9rdek f\u0171z\u0151dik az adatok feldolgoz\u00e1s\u00e1hoz. Valamennyi munkav\u00e1llal\u00f3nkat kifejezetten arra utas\u00edtjuk, hogy csak a munkaviszonya \u00e9s az \u00fcgyfelek kiszolg\u00e1l\u00e1sa sor\u00e1n relev\u00e1ns adatokat gy\u0171jts\u00f6n \u00e9s dolgozzon fel.<\/p>\n\n\n\n<h5 class=\"wp-block-heading\">8. ADATOK MEGOSZT\u00c1SA M\u00c1S FELEKKEL<\/h5>\n\n\n\n<p>8.1 A EnterTalkPro Ltd. id\u0151r\u0151l id\u0151re egy\u00fcttm\u0171k\u00f6dhet harmadik f\u00e9l adatszolg\u00e1ltat\u00f3kkal, akikkel adatokat osztunk meg egy adott funkci\u00f3 v\u00e9grehajt\u00e1sa \u00e9rdek\u00e9ben.<\/p>\n\n\n\n<p>8.2 A k\u00f6zt\u00fcnk \u00e9s egy harmadik f\u00e9l szolg\u00e1ltat\u00f3 k\u00f6z\u00f6tt fenn\u00e1ll\u00f3 minden adatmegoszt\u00e1si kapcsolatra adatmegoszt\u00e1si meg\u00e1llapod\u00e1s vonatkozik, amely megfelel\u0151 biztos\u00edt\u00e9kokat tartalmaz a vel\u00fck k\u00f6t\u00f6tt szerz\u0151d\u00e9ses kapcsolatunkban.<\/p>\n\n\n\n<p>8.3 A harmadik f\u00e9l szolg\u00e1ltat\u00f3val megosztott b\u00e1rmely adat meghat\u00e1rozott c\u00e9lt szolg\u00e1l, \u00e9s egyetlen harmadik f\u00e9l szolg\u00e1ltat\u00f3nak sincs k\u00fcl\u00f6n f\u00fcggetlen joga az ilyen adatok m\u00e1s m\u00f3don t\u00f6rt\u00e9n\u0151 felhaszn\u00e1l\u00e1s\u00e1ra.<\/p>\n\n\n\n<p>8.4 Weboldalunk haszn\u00e1lat\u00e1val tudom\u00e1sul veszed, hogy az \u00e1ltalad megadott inform\u00e1ci\u00f3 rosszindulat\u00fa cselekm\u00e9nyek r\u00e9v\u00e9n az internet t\u00f6bbi felhaszn\u00e1l\u00f3ja sz\u00e1m\u00e1ra is el\u00e9rhet\u0151v\u00e9 v\u00e1lhat. Meg\u00e1llapodunk, hogy minden er\u0151fesz\u00edt\u00e9st megtesz\u00fcnk a megfelel\u0151 szoftverek \u00e9s elj\u00e1r\u00e1sok seg\u00edts\u00e9g\u00e9vel, hogy megakad\u00e1lyozzuk az adatsziv\u00e1rg\u00e1st.<\/p>\n\n\n\n<p>8.5 Az oldalunkon vagy szolg\u00e1ltat\u00e1sainkon kereszt\u00fcl haszn\u00e1lt b\u00e1rmely p\u00e9nz\u00fcgyi tranzakci\u00f3 mag\u00e1ban foglalja az adatok megoszt\u00e1s\u00e1t p\u00e9nz\u00fcgyi szolg\u00e1ltat\u00f3nkkal. Ezeket az inform\u00e1ci\u00f3kat csak a sz\u00fcks\u00e9ges m\u00e9rt\u00e9kben osztjuk meg, ami \u00e1ltal\u00e1ban mag\u00e1ban foglalja a fizet\u00e9sek feldolgoz\u00e1s\u00e1t, a visszat\u00e9r\u00edt\u00e9seket \u00e9s a fizet\u00e9ssel kapcsolatos k\u00e9rd\u00e9sek megv\u00e1laszol\u00e1s\u00e1t.<\/p>\n\n\n\n<p>8.6 Szem\u00e9lyes adatokat csak a le\u00edrtak szerint \u00e9s az ebben a szakaszban meghat\u00e1rozott felt\u00e9telek szerint osztunk meg vagy tov\u00e1bb\u00edtunk.<\/p>\n\n\n\n<h5 class=\"wp-block-heading\">9. ADATV\u00c9DELMI SZAB\u00c1LYOK<\/h5>\n\n\n\n<p>9.1 A GDPR \u00e9rtelm\u00e9ben neked konkr\u00e9t jogaid vannak az adataiddal kapcsolatban. A jelen szab\u00e1lyzatban semmi sem s\u00e9rti ezeket a jogokat, a GDPR 13. cikk\u00e9nek (2) bekezd\u00e9se \u00e1ltal biztos\u00edtott jogok az al\u00e1bbiak szerint vonatkoznak r\u00e1d, mint \u00e9rintettre. Ide tartoznak a k\u00f6vetkez\u0151 jogok:<\/p>\n\n\n\n<ul class=\"wp-block-list\">\n<li>Az adataidhoz val\u00f3 hozz\u00e1f\u00e9r\u00e9s joga, k\u00e9rhetsz m\u00e1solatot az \u00e1ltalunk t\u00e1rolt adatokr\u00f3l;<\/li>\n\n\n\n<li>A helyesb\u00edt\u00e9shez val\u00f3 jog, amely lehet\u0151v\u00e9 teszi, hogy k\u00e9rjed t\u0151l\u00fcnk az adataid m\u00f3dos\u00edt\u00e1s\u00e1t;<\/li>\n\n\n\n<li>A hozz\u00e1j\u00e1rul\u00e1s visszavon\u00e1s\u00e1nak joga, \u00e9s ez\u00e1ltal az adataid kezel\u00e9s\u00e9nek jogalapja;<\/li>\n\n\n\n<li>Az adataid felhaszn\u00e1l\u00e1s\u00e1nak korl\u00e1toz\u00e1s\u00e1hoz val\u00f3 jog, bele\u00e9rtve az adatok kezel\u00e9se elleni tiltakoz\u00e1s jog\u00e1t;<\/li>\n\n\n\n<li>Az adatok teljes k\u00f6r\u0171 t\u00f6rl\u00e9s\u00e9hez val\u00f3 jog, m\u00e1s n\u00e9ven \u201et\u00f6rl\u00e9si jog\u201d;<\/li>\n\n\n\n<li>Jogod van panaszt tenni a megfelel\u0151 nemzeti hat\u00f3s\u00e1gn\u00e1l az adataid kezel\u00e9s\u00e9vel kapcsolatban.<\/li>\n<\/ul>\n\n\n\n<p>A fenti jogokra meghat\u00e1rozott korl\u00e1toz\u00e1sok \u00e9s kiv\u00e9telek vonatkoznak, ezeket itt tal\u00e1lod.<\/p>\n\n\n\n<h5 class=\"wp-block-heading\">10. A JOGAID GYAKORL\u00c1SA<\/h5>\n\n\n\n<p>10.1 Ha \u00e9lni k\u00edv\u00e1nsz a 8. szakaszban foglalt b\u00e1rmely jogoddal, el\u0151sz\u00f6r fordulj a v\u00e1llalat adatv\u00e9delmi tisztvisel\u0151j\u00e9hez az info@chatwriters.com e-mail c\u00edmen, aki tud seg\u00edteni. A vonatkoz\u00f3 adatv\u00e9delmi jogszab\u00e1lyoknak val\u00f3 megfelel\u00e9s \u00e9rdek\u00e9ben szem\u00e9lyazonoss\u00e1god igazol\u00e1sa sz\u00fcks\u00e9ges.<\/p>\n\n\n\n<h5 class=\"wp-block-heading\">11. ADATMEG\u0150RZ\u00c9S<\/h5>\n\n\n\n<p>11.1 Az \u00f6sszegy\u0171jt\u00f6tt adatokat a sz\u00fcks\u00e9gesn\u00e9l tov\u00e1bb nem \u0151rizz\u00fck meg. A s\u00fctik vagy a nyomon k\u00f6vet\u00e9s miatt gy\u0171jt\u00f6tt adatokat r\u00f6vid ideig \u0151rzik meg, kiv\u00e9ve, ha az oldal biztons\u00e1ga vagy szolg\u00e1ltat\u00e1saink \u00e1ltal\u00e1nos fejleszt\u00e9se \u00e9rdek\u00e9ben haszn\u00e1ljuk \u0151ket.<\/p>\n\n\n\n<p>11.2 A t\u0151led \u00e9rkez\u0151 megkeres\u00e9seket a lek\u00e9rdez\u00e9s lez\u00e1r\u00e1s\u00e1t k\u00f6vet\u0151 legfeljebb hat h\u00f3napig t\u00e1roljuk, az e-maileket \u00e9s a kapcsolattart\u00e1si adatokat t\u00f6r\u00f6lj\u00fck, ha leiratkozol, vagy jelzed, hogy nem k\u00edv\u00e1nsz hallani r\u00f3lunk.<\/p>\n\n\n\n<p>11.3 Amennyiben szem\u00e9lyes adatokra van sz\u00fcks\u00e9g a jogi elj\u00e1r\u00e1sok sor\u00e1n t\u00f6rt\u00e9n\u0151 felhaszn\u00e1l\u00e1shoz, fenntartjuk a jogot, hogy ezeket az inform\u00e1ci\u00f3kat a b\u00edr\u00f3s\u00e1gi elj\u00e1r\u00e1sok id\u0151tartama alatt meg\u0151rizz\u00fck.<\/p>\n\n\n\n<h5 class=\"wp-block-heading\">12. ADATOK BIZTONS\u00c1GOS KEZEL\u00c9SE<\/h5>\n\n\n\n<p>12.1 A EnterTalkPro Ltd. \u00e1ltal\u00e1nos k\u00f6telezetts\u00e9ge annak biztos\u00edt\u00e1sa, hogy az adataidat \u00e9ber m\u00f3don kezelje, hogy megv\u00e9dje mag\u00e1t az illeg\u00e1lis vagy jogosulatlan hozz\u00e1f\u00e9r\u00e9st\u0151l, nyilv\u00e1noss\u00e1gra hozatalt\u00f3l vagy felhaszn\u00e1l\u00e1st\u00f3l. A t\u00e9ged esetlegesen \u00e9rint\u0151 adatv\u00e9delmi incidens eset\u00e9n az \u00e1ltalad megadott f\u0151 kapcsolatfelv\u00e9teli adatokon kereszt\u00fcl \u00e9rtes\u00edt\u00fcnk. A EnterTalkPro Ltd. nem v\u00e1llal felel\u0151ss\u00e9get az adataid vagy szolg\u00e1ltat\u00e1sainkkal kapcsolatos inform\u00e1ci\u00f3inak v\u00e9delm\u00e9ben bek\u00f6vetkezett hanyags\u00e1g\u00e9rt.<\/p>\n\n\n\n<h5 class=\"wp-block-heading\">13. HARMADIK F\u00c9L OLDALAI<\/h5>\n\n\n\n<p>13.1 A nem a mi ellen\u0151rz\u00e9s\u00fcnk alatt \u00e1ll\u00f3 k\u00fcls\u0151 webhelyekre mutat\u00f3 hivatkoz\u00e1sok kock\u00e1zatot jelenthetnek az adatbiztons\u00e1godra n\u00e9zve. Nem v\u00e1llalunk felel\u0151ss\u00e9get a k\u00fcls\u0151 webhelyeken tal\u00e1lhat\u00f3 tartalom\u00e9rt. A saj\u00e1t inform\u00e1ci\u00f3biztons\u00e1god megfelel\u0151 figyelembev\u00e9tel\u00e9vel minden k\u00fcls\u0151 webhely adatv\u00e9delmi szab\u00e1lyzat\u00e1t m\u00e9rlegelned kell annak haszn\u00e1lata el\u0151tt.<\/p>\n\n\n\n<h5 class=\"wp-block-heading\">14. AZ ITTENI ADATV\u00c9DELMI SZAB\u00c1LYZAT V\u00c1LTOZ\u00c1SAI<\/h5>\n\n\n\n<p>14.1 Id\u0151r\u0151l id\u0151re friss\u00edthetj\u00fck vagy m\u00f3dos\u00edthatjuk ezt az adatv\u00e9delmi szab\u00e1lyzatot, hogy t\u00fckr\u00f6zze az adatkezel\u00e9si gyakorlatunkban, az \u00e1ltalunk k\u00edn\u00e1lt szolg\u00e1ltat\u00e1sokban vagy a vonatkoz\u00f3 jogi k\u00f6vetelm\u00e9nyekben bek\u00f6vetkezett v\u00e1ltoz\u00e1sokat. Ha m\u00f3dos\u00edtjuk ezt az adatv\u00e9delmi szab\u00e1lyzatot, err\u0151l \u00e9rtes\u00edt\u00fcnk. A friss\u00edtett v\u00e1ltozat az oldalunkon t\u00f6rt\u00e9n\u0151 k\u00f6zz\u00e9t\u00e9tel\u00e9vel, valamint e-mailt vagy egy\u00e9b megfelel\u0151 \u00e9rtes\u00edt\u00e9st is k\u00fcldhet\u00fcnk. A friss\u00edtett adatv\u00e9delmi szab\u00e1lyzat onnant\u00f3l \u00e9rv\u00e9nyes, hogy megjelenik az oldalunkon.<\/p>\n","protected":false},"excerpt":{"rendered":"<p>1. \u201cBEVEZET\u00c9S Ez az oldal az EnterTalkPro Ltd (\u201ca C\u00e9g\u201d), korl\u00e1tolt felel\u0151ss\u00e9g\u0171 mag\u00e1nt\u00e1rsas\u00e1g tulajdona, mely a Hong Kong t\u00f6rv\u00e9nyeinek hat\u00e1lya al\u00e1 tartozik, sz\u00e9khelye 8th floor, China Hongkong Tower 8 \u2013 12 Hennessy Road, Wan Chai, Hong Kong, c\u00e9gjegyz\u00e9ksz\u00e1ma pedig a Hong Kong kereskedelmi kamar\u00e1j\u00e1nak nyilv\u00e1ntart\u00e1s\u00e1ban 3264433. 1.2 Az adataid \u00e9s a mag\u00e1n\u00e9leted v\u00e9delme az egyik &#8230; <a title=\"Adatv\u00e9delmi \u00e9s s\u00fcti szab\u00e1lyzat\" class=\"read-more\" href=\"https:\/\/chatwriters.com\/hu\/privacy-policy\/\" aria-label=\"Read more about Adatv\u00e9delmi \u00e9s s\u00fcti szab\u00e1lyzat\">B\u0151vebben<\/a><\/p>\n","protected":false},"author":1,"featured_media":0,"parent":0,"menu_order":0,"comment_status":"closed","ping_status":"open","template":"","meta":{"_pvb_checkbox_block_on_post":false,"footnotes":""},"class_list":{"0":"post-1891","1":"page","2":"type-page","3":"status-publish","5":"infinite-scroll-item"},"_links":{"self":[{"href":"https:\/\/chatwriters.com\/hu\/wp-json\/wp\/v2\/pages\/1891","targetHints":{"allow":["GET"]}}],"collection":[{"href":"https:\/\/chatwriters.com\/hu\/wp-json\/wp\/v2\/pages"}],"about":[{"href":"https:\/\/chatwriters.com\/hu\/wp-json\/wp\/v2\/types\/page"}],"author":[{"embeddable":true,"href":"https:\/\/chatwriters.com\/hu\/wp-json\/wp\/v2\/users\/1"}],"replies":[{"embeddable":true,"href":"https:\/\/chatwriters.com\/hu\/wp-json\/wp\/v2\/comments?post=1891"}],"version-history":[{"count":1,"href":"https:\/\/chatwriters.com\/hu\/wp-json\/wp\/v2\/pages\/1891\/revisions"}],"predecessor-version":[{"id":1892,"href":"https:\/\/chatwriters.com\/hu\/wp-json\/wp\/v2\/pages\/1891\/revisions\/1892"}],"wp:attachment":[{"href":"https:\/\/chatwriters.com\/hu\/wp-json\/wp\/v2\/media?parent=1891"}],"curies":[{"name":"wp","href":"https:\/\/api.w.org\/{rel}","templated":true}]}}