{"id":1893,"date":"2025-06-30T12:01:42","date_gmt":"2025-06-30T12:01:42","guid":{"rendered":"https:\/\/dev.chatwriters.com\/?page_id=1893"},"modified":"2025-07-22T14:31:17","modified_gmt":"2025-07-22T14:31:17","slug":"privacy-policy","status":"publish","type":"page","link":"https:\/\/chatwriters.com\/it\/privacy-policy\/","title":{"rendered":"Informativa sulla privacy e sui cookie"},"content":{"rendered":"\n<h5 class=\"wp-block-heading\">1. INTRODUZIONE<\/h5>\n\n\n\n<p>1.1 Questo sito web \u00e8 di propriet\u00e0 e viene amministrato da EnterTalkPro Ltd, 8th Floor, China Hong Kong Tower, 8-12 Hennessy Road, Wan Chai, Hong Kong, Company number: 3264433.<\/p>\n\n\n\n<p>1.2 La tutela dei vostri dati e della vostra privacy \u00e8 un nostro impegno e un obbligo legale nei vostri confronti, che teniamo in seria considerazione. Il presente documento sulla politica di &#8220;Protezione dei dati personali e dei cookie&#8221; viene applicato ove la societ\u00e0 agisca in qualit\u00e0 di responsabile del trattamento dei dati o di incaricato del trattamento dei dati forniti dall&#8217;utente tramite l&#8217;utilizzo del sito web o dei servizi.<\/p>\n\n\n\n<p>1.3 Il trattamento dei vostri dati avviene in conformit\u00e0 con le leggi applicabili alla vostra giurisdizione, le nostre politiche sono conformi al Regolamento generale sulla protezione dei dati dell&#8217;UE (GDPR 2016\/679) (di seguito denominato &#8220;GDPR&#8221;) per gli individui e le organizzazioni all&#8217;interno degli Stati membri dell&#8217;UE e quelli all&#8217;interno dello Spazio economico europeo.<\/p>\n\n\n\n<p>1.4 I dati personali sono definiti dal GDPR come: &#8220;qualsiasi informazione riguardante una persona fisica identificata o identificabile (&#8220;interessato&#8221;); si considera identificabile la persona fisica che pu\u00f2 essere identificata, direttamente o indirettamente, in particolare mediante riferimento a un identificativo come il nome, un codice identificativo, dati relativi all&#8217;ubicazione, un identificativo online o a uno o pi\u00f9 elementi caratteristici della sua identit\u00e0 fisica, fisiologica, genetica, psichica, economica, culturale o sociale&#8221;.<\/p>\n\n\n\n<p>1.5 Per ottenere una copia di questa informativa in un formato diverso o per esprimere dubbi o domande, si prega di contattare il Responsabile della protezione dei dati aziendali via e-mail all&#8217;indirizzo info@chatwriters.com.<\/p>\n\n\n\n<h5 class=\"wp-block-heading\">2. RESPONSABILE DEL TRATTAMENTO DEI DATI<\/h5>\n\n\n\n<p>2.1 La presente Informativa sulla privacy e sui cookie illustra il modo in cui EnterTalkPro Ltd tratter\u00e0 i dati dell&#8217;utente in qualit\u00e0 di &#8220;Titolare del trattamento&#8221;, comprese le informazioni personali relative all&#8217;utente derivanti dall&#8217;utilizzo dei nostri servizi. L&#8217;utilizzo dei nostri servizi comprende, a titolo esemplificativo e non esaustivo, qualsiasi consultazione, acquisto, richiesta di informazioni o altre attivit\u00e0 che richiedono la condivisione di informazioni tra l&#8217;utente e noi.<\/p>\n\n\n\n<h5 class=\"wp-block-heading\">3. RACCOLTA DEI DATI<\/h5>\n\n\n\n<p>3.1 Tutti i dati gestiti da EnterTalkPro Ltd in qualit\u00e0 di responsabile del trattamento dei dati saranno trattati rigorosamente in conformit\u00e0 con la presente politica, compresi i dati forniti dall&#8217;utente tramite il sito https:\/\/chatwriters.com\/. EnterTalkPro Ltd non vender\u00e0, conceder\u00e0 in licenza o trasmetter\u00e0 mai i vostri dati personali senza aver prima ottenuto il vostro consenso esplicito per iscritto.<\/p>\n\n\n\n<h5 class=\"wp-block-heading\">4. BASE LEGALE DELLA RACCOLTA DEI DATI PERSONALI<\/h5>\n\n\n\n<p>4.1 In qualit\u00e0 di societ\u00e0 operante Hong Kong, possiamo acquisire dati personali solo nel caso in cui abbiamo una base normativa che ci consenta di farlo. Alcuni esempi sono:<\/p>\n\n\n\n<ul class=\"wp-block-list\">\n<li>Siamo vincolati da obblighi contrattuali nei vostri confronti che richiedono l&#8217;utilizzo di tali dati;<\/li>\n\n\n\n<li>L&#8217;utente acconsente al trattamento e alla gestione dei suoi dati;<\/li>\n\n\n\n<li>In conformit\u00e0 e rispetto delle leggi e dei regolamenti sulla privacy della giurisdizione applicabile.<\/li>\n<\/ul>\n\n\n\n<h5 class=\"wp-block-heading\">5. TIPOLOGIE&nbsp; DI INFORMAZIONI PERSONALI RACCOLTE<\/h5>\n\n\n\n<p>5.1 Nel corso del nostro lavoro, raccogliamo dati e informazioni personali attraverso le interazioni con voi mediante&nbsp; l&#8217;uso del nostro sito web e altre comunicazioni. Le tipologie comuni di informazioni che trattiamo includono, a titolo esemplificativo e non esaustivo, il nome, l&#8217;indirizzo e-mail, l&#8217;indirizzo IP, l&#8217;ubicazione, l&#8217;indirizzo fisico e quelli che emergono durante la nostra comunicazione. Rispetteremo sempre le leggi nazionali e internazionali applicabili e pertanto anche le informazioni personali potranno essere utilizzate a tal fine.<\/p>\n\n\n\n<h5 class=\"wp-block-heading\">6. FINALIT\u00c0 DELL&#8217;UTILIZZO DEI VOSTRI DATI PERSONALI<\/h5>\n\n\n\n<p>6.1 Avete il diritto di conoscere le finalit\u00e0 per cui trattiamo i vostri dati e siamo tenuti a essere chiari e trasparenti. I nostri legittimi scopi sono:<\/p>\n\n\n\n<ul class=\"wp-block-list\">\n<li>Fornire all&#8217;utente un&#8217;adeguata assistenza ai clienti;<\/li>\n\n\n\n<li>Gestione generale dei nostri servizi e del nostro sito web;<\/li>\n\n\n\n<li>Mantenere i nostri rapporti con voi come clienti e comunicare con voi in modo appropriato;<\/li>\n\n\n\n<li>Informarci sul modo in cui i nostri servizi vengono utilizzati dai nostri clienti;<\/li>\n\n\n\n<li>Mantenere e migliorare i nostri servizi web utilizzando dati analitici;<\/li>\n\n\n\n<li>Conservare e utilizzare le informazioni forniteci dall&#8217;utente in caso di richieste legali;<\/li>\n\n\n\n<li>Per informare qualsiasi futura attivit\u00e0 di marketing, per garantire che ai clienti vengano inviate solo informazioni pertinenti;<\/li>\n\n\n\n<li>Per contrastare frodi o attivit\u00e0 illegali dirette al nostro sito web.<\/li>\n<\/ul>\n\n\n\n<h5 class=\"wp-block-heading\">7. RACCOLTA DEI DATI PERSONALI<\/h5>\n\n\n\n<p>7.1 Il nostro sito web utilizza cookie, tag e altri tipi di tecnologia simili attraverso il&nbsp; nostro sito web, compresi i servizi di terze parti. Non siamo in alcun modo responsabili delle azioni dei fornitori terzi. Tali tecnologie vengono utilizzate per rendere pi\u00f9 semplice l&#8217;esperienza di utilizzo del nostro sito web e per fornirci informazioni su chi utilizza il nostro sito. Potete disabilitare i cookie utilizzando le impostazioni del vostro browser o rifiutando di accettarli quando visitate il nostro sito per la prima volta. Utilizzeremo i cookie solo se necessario e se esiste un legittimo motivo per elaborare i vostri dati. Tutti i nostri dipendenti sono esplicitamente istruiti a raccogliere e trattare solo i dati pertinenti allo svolgimento del loro lavoro e al servizio clienti.<\/p>\n\n\n\n<h5 class=\"wp-block-heading\">8. CONDIVISIONE DEI DATI CON TERZE&nbsp; PARTI<\/h5>\n\n\n\n<p>8.1 Di tanto in tanto EnterTalkPro Ltd pu\u00f2 collaborare con fornitori di servizi di dati di terze parti con cui condividiamo i dati per svolgere una determinata attivit\u00e0.<\/p>\n\n\n\n<p>8.2 Qualsiasi rapporto di condivisione dei dati tra noi e un fornitore terzo sar\u00e0 soggetto a un accordo di condivisione dei dati con garanzie appropriate incluse nel nostro rapporto contrattuale con loro.<\/p>\n\n\n\n<p>8.3 Tutti i dati condivisi con un fornitore terzo sono destinati a uno scopo specifico e nessun fornitore terzo ha il diritto di utilizzare tali dati in altro modo.<\/p>\n\n\n\n<p>8.4 Utilizzando il nostro sito web, l&#8217;utente \u00e8 consapevole che le informazioni fornite possono essere disponibili ad altri utenti di Internet attraverso atti illeciti. Ci impegniamo a fare del nostro meglio attraverso software e procedure appropriate per prevenire qualsiasi violazione dei dati.<\/p>\n\n\n\n<p>8.5 Qualsiasi transazione finanziaria utilizzata attraverso il nostro sito web o i nostri servizi comporta la condivisione dei dati con il nostro fornitore di servizi finanziari. Condivideremo queste informazioni solo nella misura necessaria, che di solito include l&#8217;elaborazione dei pagamenti, i rimborsi e la risposta a qualsiasi domanda relativa a un pagamento.<\/p>\n\n\n\n<p>8.6 Condivideremo o trasferiremo le informazioni personali solo come descritto e alle condizioni stabilite in questa sezione.<\/p>\n\n\n\n<h5 class=\"wp-block-heading\">9. DIRITTO ALLA PRIVACY<\/h5>\n\n\n\n<p>9.1 Ai sensi del GDPR, l&#8217;utente dispone di diritti specifici relativi ai propri dati. Nulla in questa politica viola tali diritti; i diritti previsti dall&#8217;articolo 13(2) del GDPR sono i seguenti per voi in quanto soggetti interessati. Questi includono i seguenti diritti:<\/p>\n\n\n\n<ul class=\"wp-block-list\">\n<li>Il diritto di accesso ai propri dati; \u00e8 possibile richiedere copie dei dati in nostro possesso;<\/li>\n\n\n\n<li>Il diritto di rettifica, che vi consente di chiederci di modificare i vostri dati;<\/li>\n\n\n\n<li>il diritto di ritirare il consenso, revocando cos\u00ec la possibilit\u00e0 di utilizzare i dati in nostro possesso;<\/li>\n\n\n\n<li>Il diritto di limitare l&#8217;uso dei vostri dati, compreso il diritto di opporsi al trattamento dei vostri dati;<\/li>\n\n\n\n<li>Il diritto alla cancellazione completa dei dati, comunemente noto come &#8220;diritto alla cancellazione&#8221;;<\/li>\n\n\n\n<li>il diritto di presentare un reclamo all&#8217;autorit\u00e0 nazionale competente in merito al trattamento dei vostri dati.<\/li>\n<\/ul>\n\n\n\n<p>I diritti di cui sopra sono soggetti a specifiche limitazioni ed eccezioni che potete trovare qui.<\/p>\n\n\n\n<h5 class=\"wp-block-heading\">10. COME ESERCITARE I PROPRI DIRITTI<\/h5>\n\n\n\n<p>10.1 Se desiderate esercitare uno dei diritti di cui alla Sezione 8, in prima istanza siete pregati di contattare il Responsabile della Protezione dei Dati della Societ\u00e0 via e-mail all&#8217;indirizzo info@chatwriters.com che sar\u00e0 in grado di assistervi. Sar\u00e0 necessario verificare l&#8217;identit\u00e0 dell&#8217;utente per conformarsi alla normativa vigente in materia di dati.<\/p>\n\n\n\n<h5 class=\"wp-block-heading\">11. CONSERVAZIONE DEI DATI<\/h5>\n\n\n\n<p>11.1 I dati raccolti saranno conservati per un periodo non superiore a quello necessario. I dati raccolti tramite cookie o tracking vengono conservati per un breve periodo di tempo, a meno che non vengano utilizzati per la sicurezza del sito web o per il miglioramento generale dei nostri servizi.<\/p>\n\n\n\n<p>11.2 Le eventuali richieste di informazioni da parte dell&#8217;utente saranno conservate per un massimo di sei mesi dalla conclusione della richiesta, mentre i dati di posta elettronica e di contatto saranno cancellati nel caso in cui l&#8217;utente si disiscriva o ci comunichi che non desidera pi\u00f9 avere nostre comunicazioni.<\/p>\n\n\n\n<p>11.3 Nel caso in cui i dati personali siano necessari per l&#8217;utilizzo in procedimenti legali, ci riserviamo il diritto di conservare tali informazioni per il periodo necessario al&nbsp; procedimento legale.<\/p>\n\n\n\n<h5 class=\"wp-block-heading\">12. TRATTAMENTO SICURO DEI VOSTRI DATI<\/h5>\n\n\n\n<p>12.1 EnterTalkPro Ltd ha l&#8217;obbligo generale di garantire che il trattamento dei dati e delle informazioni personali dell&#8217;utente avvenga in modo sicuro e protetto da accessi, divulgazioni o utilizzi illegali o non autorizzati. Nell&#8217;eventualit\u00e0 di una violazione dei dati che potrebbe riguardare l&#8217;utente, l&#8217;azienda provveder\u00e0 a informarlo tramite le informazioni di contatto principali fornite dall&#8217;utente. EnterTalkPro Ltd non \u00e8 responsabile di eventuali negligenze nella protezione dei vostri dati o delle informazioni relative ai nostri servizi.<\/p>\n\n\n\n<h5 class=\"wp-block-heading\">13. SITI WEB DI TERZI<\/h5>\n\n\n\n<p>13.1 I collegamenti a siti Web esterni che non sono sotto il nostro controllo possono rappresentare un rischio per la sicurezza dei vostri dati. Non ci assumiamo e non siamo responsabili per i contenuti dei siti web esterni. L&#8217;utente \u00e8 tenuto a prendere in considerazione l&#8217;Informativa sulla privacy di qualsiasi sito web esterno prima di utilizzarlo, tenendo in debita considerazione la sicurezza delle proprie informazioni.<\/p>\n\n\n\n<h5 class=\"wp-block-heading\">14. MODIFICHE ALLA PRESENTE INFORMATIVA<\/h5>\n\n\n\n<p>14.1 Di tanto in tanto, potremmo aggiornare questa informativa; in tal caso, pubblicheremo la nuova informativa sul nostro sito web e la data di aggiornamento dell&#8217;informativa sar\u00e0 indicata chiaramente sulla pagina web. In caso di modifiche significative che riteniamo possano riguardare l&#8217;utente, potremo informarlo via e-mail. L&#8217;uso continuato del nostro sito web e dei nostri servizi implica l&#8217;accettazione dell&#8217;utilizzo del nostro sito web in base alla versione attuale della nostra Politica sulla privacy e sui cookie.<\/p>\n","protected":false},"excerpt":{"rendered":"<p>1. INTRODUZIONE 1.1 Questo sito web \u00e8 di propriet\u00e0 e viene amministrato da EnterTalkPro Ltd, 8th Floor, China Hong Kong Tower, 8-12 Hennessy Road, Wan Chai, Hong Kong, Company number: 3264433. 1.2 La tutela dei vostri dati e della vostra privacy \u00e8 un nostro impegno e un obbligo legale nei vostri confronti, che teniamo in &#8230; <a title=\"Informativa sulla privacy e sui cookie\" class=\"read-more\" href=\"https:\/\/chatwriters.com\/it\/privacy-policy\/\" aria-label=\"Per saperne di pi\u00f9 su Informativa sulla privacy e sui cookie\">Leggi tutto<\/a><\/p>\n","protected":false},"author":1,"featured_media":0,"parent":0,"menu_order":0,"comment_status":"closed","ping_status":"open","template":"","meta":{"footnotes":""},"class_list":{"0":"post-1893","1":"page","2":"type-page","3":"status-publish","5":"infinite-scroll-item"},"_links":{"self":[{"href":"https:\/\/chatwriters.com\/it\/wp-json\/wp\/v2\/pages\/1893","targetHints":{"allow":["GET"]}}],"collection":[{"href":"https:\/\/chatwriters.com\/it\/wp-json\/wp\/v2\/pages"}],"about":[{"href":"https:\/\/chatwriters.com\/it\/wp-json\/wp\/v2\/types\/page"}],"author":[{"embeddable":true,"href":"https:\/\/chatwriters.com\/it\/wp-json\/wp\/v2\/users\/1"}],"replies":[{"embeddable":true,"href":"https:\/\/chatwriters.com\/it\/wp-json\/wp\/v2\/comments?post=1893"}],"version-history":[{"count":1,"href":"https:\/\/chatwriters.com\/it\/wp-json\/wp\/v2\/pages\/1893\/revisions"}],"predecessor-version":[{"id":1894,"href":"https:\/\/chatwriters.com\/it\/wp-json\/wp\/v2\/pages\/1893\/revisions\/1894"}],"wp:attachment":[{"href":"https:\/\/chatwriters.com\/it\/wp-json\/wp\/v2\/media?parent=1893"}],"curies":[{"name":"wp","href":"https:\/\/api.w.org\/{rel}","templated":true}]}}