{"id":1895,"date":"2025-06-30T12:01:42","date_gmt":"2025-06-30T12:01:42","guid":{"rendered":"https:\/\/dev.chatwriters.com\/?page_id=1895"},"modified":"2025-07-22T14:35:50","modified_gmt":"2025-07-22T14:35:50","slug":"privacy-policy","status":"publish","type":"page","link":"https:\/\/chatwriters.com\/no\/privacy-policy\/","title":{"rendered":"Retningslinjer for personvern og informasjonskapsler"},"content":{"rendered":"\n<h5 class=\"wp-block-heading\">1. INTRODUKSJON<\/h5>\n\n\n\n<p>1.1 Dette nettstedet eies og administreres av EnterTalkPro Ltd, 8th Floor, China Hong Kong Tower, 8-12 Hennessy Road, Wan Chai, Hong Kong, Company number: 3264433.<\/p>\n\n\n\n<p>1.2 Beskyttelse av dine data og personvern er en forpliktelse og juridisk forpliktelse fra oss som skyldes deg, og som vi tar alvorlig. Policydokumentet v\u00e5rt &#8216;Personvern og nettstedstillatelser beskyttelses policy&#8217; gjelder n\u00e5r vi opptrer som datakontroll\u00f8r eller databehandler av informasjonen din gitt til oss via bruk av v\u00e5r nettside eller tjenester.<\/p>\n\n\n\n<p>1.3 H\u00e5ndteringen av dataene dine gj\u00f8res i samsvar med gjeldende lover som gjelder din jurisdiksjon, v\u00e5re retningslinjer overholder EUs generelle databeskyttelsesforordning (GDPR 2016\/679) (heretter &#8216;GDPR&#8217;) for enkeltpersoner og organisasjoner i EUs medlemsland og de innenfor Det europeiske \u00f8konomiske samarbeidsomr\u00e5det.<\/p>\n\n\n\n<p>1.4 Personopplysninger defineres av GDPR som: &#8216;all informasjon knyttet til en identifisert eller identifiserbar fysisk person (&#8216;den registrerte&#8217;); en identifiserbar fysisk person er en som kan identifiseres, direkte eller indirekte, s\u00e6rlig ved henvisning til en identifikator som et navn, et identifikasjonsnummer, , stedsdata, en online identifikator eller til en eller flere faktorer som er spesifikke for den fysiske, fysiologiske, genetiske, mentale, \u00f8konomiske, kulturelle eller sosiale identiteten til den naturlige personen.<\/p>\n\n\n\n<p>1.5 For en kopi av denne policyen i et annet format eller for \u00e5 ta opp eventuelle bekymringer eller sp\u00f8rsm\u00e5l, vennligst kontakt selskapets databeskyttelsesansvarlig via e-post p\u00e5 info@chatwriters.com som vil kunne hjelpe.<\/p>\n\n\n\n<h5 class=\"wp-block-heading\">2. DATABEHANDLING<\/h5>\n\n\n\n<p>2.1 Disse retningslinjene for personvern og informasjonskapsler beskriver hvordan EnterTalkPro Ltd vil h\u00e5ndtere dine data som \u00abdatakontroll\u00f8r\u00bb, inkludert all personlig informasjon relatert til deg fra bruken av v\u00e5re tjenester. Bruk av v\u00e5re tjenester inkluderer, men er ikke begrenset til, konsultasjon, kj\u00f8p, foresp\u00f8rsler eller andre aktiviteter som krever deling av informasjon mellom deg og oss.<\/p>\n\n\n\n<h5 class=\"wp-block-heading\">3. DATAINNSAMLING<\/h5>\n\n\n\n<p>3.1 Alle data som h\u00e5ndteres av oss som databehandler, vil bli strengt behandlet i samsvar med denne policyen, inkludert data gitt fra deg til oss via https:\/\/chatwriters.com\/. EnterTalkPro Ltd vil aldri selge, gi lisens til eller overf\u00f8re dine personlige data uten f\u00f8rst \u00e5 innhente uttrykkelig samtykke fra deg skriftlig.<\/p>\n\n\n\n<h5 class=\"wp-block-heading\">4. JURIDISK GRUNNLAG FOR INNSAMLING AV PERSONLIG INFORMASJON<\/h5>\n\n\n\n<p>4.1: Som et selskap som opererer p\u00e5 Hong Kong, kan vi bare samle inn personopplysninger der og n\u00e5r vi har et juridisk grunnlag for \u00e5 gj\u00f8re det. Eksempler p\u00e5 dette inkluderer:<\/p>\n\n\n\n<ul class=\"wp-block-list\">\n<li>Vi har kontraktsmessige forpliktelser overfor deg som krever bruk av slike data;<\/li>\n\n\n\n<li>Du samtykker til v\u00e5r behandling og h\u00e5ndtering av dine data;<\/li>\n\n\n\n<li>I samsvar med personvernloven og forskrifter i gjeldende jurisdiksjon.<\/li>\n<\/ul>\n\n\n\n<h5 class=\"wp-block-heading\">5. KATEGORIER AV PERSONLIG INFORMASJON SOM HOLDES<\/h5>\n\n\n\n<p>5.1 I l\u00f8pet av v\u00e5rt arbeid samler vi inn personopplysninger og informasjon i v\u00e5r samhandling med deg gjennom din bruk av nettstedet v\u00e5rt og gjennom annen kommunikasjon. Typiske typer informasjon vi behandler fra deg inkluderer, men er ikke begrenset til, navn, e-postadresse, IP-adresse, plassering, fysisk adresse og det som oppst\u00e5r under v\u00e5r korrespondanse. Vi vil alltid overholde de nasjonale og internasjonale lovene som gjelder, og derfor kan personlig informasjon ogs\u00e5 brukes til \u00e5 oppn\u00e5 det.<\/p>\n\n\n\n<h5 class=\"wp-block-heading\">6. FORM\u00c5L FOR BRUK AV DIN PERSONLIGE INFORMASJON<\/h5>\n\n\n\n<p>6.1 Du har rett til \u00e5 vite hvilke form\u00e5l vi vil behandle dataene dine for, og for at vi skal v\u00e6re tydelige og gjennomsiktige. V\u00e5re legitime form\u00e5l er:<\/p>\n\n\n\n<ul class=\"wp-block-list\">\n<li>For \u00e5 gi deg passende kundest\u00f8tte;<\/li>\n\n\n\n<li>Generell drift av v\u00e5re tjenester og nettsider;<\/li>\n\n\n\n<li>For \u00e5 opprettholde v\u00e5re relasjoner med deg som kunde og kommunisere med deg etter behov;<\/li>\n\n\n\n<li>For \u00e5 informere oss om hvordan v\u00e5re tjenester blir brukt av v\u00e5re kunder;<\/li>\n\n\n\n<li>For \u00e5 vedlikeholde og forbedre v\u00e5re webtjenester ved hjelp av analytiske data;<\/li>\n\n\n\n<li>Vi kan beholde og bruke informasjon gitt til oss av deg i tilfelle juridiske krav;<\/li>\n\n\n\n<li>For \u00e5 informere enhver fremtidig markedsf\u00f8ring og for \u00e5 sikre at bare relevant informasjon sendes til kundene;<\/li>\n\n\n\n<li>For \u00e5 motvirke svindel eller ulovlig aktivitet rettet mot nettstedet v\u00e5rt.<\/li>\n<\/ul>\n\n\n\n<h5 class=\"wp-block-heading\">7. INNSAMLING AV PERSONOPPLYSNINGER<\/h5>\n\n\n\n<p>7.1 V\u00e5r nettside bruker informasjonskapsler, tagger og andre lignende typer teknologi p\u00e5 nettstedet v\u00e5rt, dette inkluderer tredjeparts datatjenesteleverand\u00f8rer. Vi er p\u00e5 ingen m\u00e5te ansvarlige for handlingene til tredjepartsleverand\u00f8rer. Disse brukes til \u00e5 gj\u00f8re opplevelsen din av \u00e5 bruke nettstedet v\u00e5rt enklere og for \u00e5 gi oss informasjon om hvem som bruker nettstedet v\u00e5rt. . Du kan deaktivere informasjonskapsler ved \u00e5 bruke nettleserinnstillingene eller ved \u00e5 nekte \u00e5 godta informasjonskapsler n\u00e5r du f\u00f8rst bes\u00f8ker nettstedet v\u00e5rt. Vi vil bare bruke informasjonskapsler n\u00e5r det er n\u00f8dvendig og det foreligger en legitim interesse for \u00e5 behandle dataene dine. Alle v\u00e5re ansatte er uttrykkelig instruert til kun \u00e5 samle inn og behandle data som er relevante i l\u00f8pet av deres ansettelse og i betjeningen av kunder.<\/p>\n\n\n\n<h5 class=\"wp-block-heading\">8. DATADELING MED ANDRE PARTER<\/h5>\n\n\n\n<p>8.1 Fra tid til annen kan EnterTalkPro Ltd samarbeide med tredjeparts datatjenesteleverand\u00f8rer som vi vil dele data med for \u00e5 utf\u00f8re en spesifikk funksjon.<\/p>\n\n\n\n<p>8.2 Ethvert datadelingsforhold mellom oss og en tredjepartsleverand\u00f8r vil v\u00e6re underlagt en datadelingsavtale med passende garantier inkludert i v\u00e5rt kontraktsforhold med dem.<\/p>\n\n\n\n<p>8.3 Alle data delt med en tredjepartsleverand\u00f8r er for et bestemt form\u00e5l, og ingen tredjepartsleverand\u00f8r har en separat uavhengig rett til \u00e5 utnytte slike data p\u00e5 annen m\u00e5te.<\/p>\n\n\n\n<p>8.4 Ved \u00e5 bruke nettstedet v\u00e5rt, erkjenner du at informasjonen du oppgir kan v\u00e6re tilgjengelig for andre brukere av internett gjennom ondsinnede handlinger. Vi samtykker i \u00e5 gj\u00f8re v\u00e5rt beste gjennom passende programvare og prosedyrer for \u00e5 forhindre datainnbrudd.<\/p>\n\n\n\n<p>8.5 Eventuelle finansielle transaksjoner som brukes via v\u00e5r nettside eller tjenester inneb\u00e6rer deling av data med v\u00e5r finansielle leverand\u00f8r. Vi vil bare dele denne informasjonen i den grad det er n\u00f8dvendig, vanligvis inkluderer det betalingsbehandling, refusjoner og svar p\u00e5 eventuelle sp\u00f8rsm\u00e5l knyttet til en betaling.<\/p>\n\n\n\n<p>8.6 Vi vil bare dele eller overf\u00f8re personlig informasjon som beskrevet og under de forhold som er angitt i denne delen.<\/p>\n\n\n\n<h5 class=\"wp-block-heading\">9. PERSONVERNRETTIGHETER<\/h5>\n\n\n\n<p>9.1 Under GDPR har du spesifikke rettigheter knyttet til dataene dine. Ingenting i denne policyen krenker disse rettighetene, rettighetene gitt av artikkel 13 (2) i GDPR er som f\u00f8lger for deg som registrert. Disse omfatter f\u00f8lgende rettigheter:<\/p>\n\n\n\n<ul class=\"wp-block-list\">\n<li>Retten til \u00e5 f\u00e5 tilgang til dataene dine, kan du be om kopier av data vi har;<\/li>\n\n\n\n<li>Retten til korrigering som tillater deg \u00e5 be oss om \u00e5 endre dataene dine;<\/li>\n\n\n\n<li>Retten til \u00e5 trekke tilbake samtykke og dermed trekke tilbake det juridiske grunnlaget som vi oppbevarer dataene dine med;<\/li>\n\n\n\n<li>Retten til \u00e5 begrense bruken av dataene dine, inkludert retten til \u00e5 protestere mot behandlingen av dataene dine;<\/li>\n\n\n\n<li>Retten til fullstendig sletting av dataene dine, kjent som &#8216;retten til sletting&#8217;<\/li>\n\n\n\n<li>Retten til \u00e5 klage til din aktuelle nasjonale myndighet om hvordan vi h\u00e5ndterer dataene dine.<\/li>\n<\/ul>\n\n\n\n<p>Ovennevnte rettigheter er underlagt spesifikke begrensninger og unntak, du finner disse her.<\/p>\n\n\n\n<h5 class=\"wp-block-heading\">10. UT\u00d8VELSE AV DINE RETTIGHETER<\/h5>\n\n\n\n<p>10.1 Hvis du \u00f8nsker \u00e5 ut\u00f8ve noen av rettighetene i avsnitt 8, kan du i f\u00f8rste omgang kontakte selskapets databeskyttelsesansvarlig via e-post p\u00e5 info@chatwriters.com som vil kunne bist\u00e5. Verifisering av identiteten din vil v\u00e6re n\u00f8dvendig for \u00e5 overholde gjeldende datalov.<\/p>\n\n\n\n<h5 class=\"wp-block-heading\">11. OPPBEVARING AV DATA<\/h5>\n\n\n\n<p>Alle innsamlede data vil ikke bli oppbevart lenger enn n\u00f8dvendig. Data som samles inn p\u00e5 grunn av informasjonskapsler eller sporing, beholdes i en kort periode, med mindre de brukes av hensyn til nettstedssikkerhet eller generell forbedring av tjenestene v\u00e5re.<\/p>\n\n\n\n<p>11.2 Eventuelle henvendelser fra deg vil bli lagret i maksimalt seks m\u00e5neder etter at foresp\u00f8rselen er avsluttet, E-post og kontaktdata vil bli slettet hvis du melder deg av eller gir oss beskjed om at du ikke lenger \u00f8nsker \u00e5 h\u00f8re fra oss.<\/p>\n\n\n\n<p>11.3 N\u00e5r personopplysninger er n\u00f8dvendige for bruk i rettssaker, forbeholder vi oss retten til \u00e5 beholde denne informasjonen i perioden med rettssaker.<\/p>\n\n\n\n<h5 class=\"wp-block-heading\">12. SIKKER H\u00c5NDTERING AV DATAENE DINE<\/h5>\n\n\n\n<p>12.1 EnterTalkPro Ltd har en generell forpliktelse til \u00e5 sikre at deres h\u00e5ndtering av dine data og personlige opplysninger gj\u00f8res p\u00e5 en \u00e5rv\u00e5ken m\u00e5te for \u00e5 beskytte mot ulovlig eller uautorisert tilgang, avsl\u00f8ring eller bruk. I tilfelle et databrudd som kan p\u00e5virke deg, vil vi varsle deg via hovedkontaktinformasjonen du har oppgitt. EnterTalkPro Ltd er ikke ansvarlig for uaktsomhet i \u00e5 beskytte dine egne data eller informasjon om v\u00e5re tjenester.<\/p>\n\n\n\n<h5 class=\"wp-block-heading\">13. TREDJEPARTS NETTSTEDER<\/h5>\n\n\n\n<p>13.1 Lenker til eksterne nettsteder som ikke er under v\u00e5r kontroll, kan utgj\u00f8re en risiko for datasikkerheten din. Vi p\u00e5tar oss ikke og er ikke ansvarlige for noe innhold p\u00e5 eksterne nettsteder. Du b\u00f8r vurdere personvernreglene for ethvert eksternt nettsted f\u00f8r du bruker det, med beh\u00f8rig hensyn til din egen informasjonssikkerhet.<\/p>\n\n\n\n<h5 class=\"wp-block-heading\">14. ENDRINGER I DISSE RETNINGSLINJENE<\/h5>\n\n\n\n<p>14.1 Fra tid til annen kan vi oppdatere denne policyen, hvis vi gj\u00f8r det, vil vi publisere den nye policyen p\u00e5 nettstedet v\u00e5rt, og datoen policyen ble implementert vil bli merket tydelig p\u00e5 nettsiden. I tilfelle betydelige endringer som vi anser kan p\u00e5virke deg, kan vi varsle deg via e-post. Din fortsatte bruk av nettstedet og tjenestene v\u00e5re inneb\u00e6rer at du godtar \u00e5 drive nettstedet v\u00e5rt under den n\u00e5v\u00e6rende versjonen av v\u00e5re retningslinjer for personvern og informasjonskapsler.<\/p>\n","protected":false},"excerpt":{"rendered":"<p>1. INTRODUKSJON 1.1 Dette nettstedet eies og administreres av EnterTalkPro Ltd, 8th Floor, China Hong Kong Tower, 8-12 Hennessy Road, Wan Chai, Hong Kong, Company number: 3264433. 1.2 Beskyttelse av dine data og personvern er en forpliktelse og juridisk forpliktelse fra oss som skyldes deg, og som vi tar alvorlig. Policydokumentet v\u00e5rt &#8216;Personvern og nettstedstillatelser &#8230; <a title=\"Retningslinjer for personvern og informasjonskapsler\" class=\"read-more\" href=\"https:\/\/chatwriters.com\/no\/privacy-policy\/\" aria-label=\"Read more about Retningslinjer for personvern og informasjonskapsler\">Les mer om dette<\/a><\/p>\n","protected":false},"author":1,"featured_media":0,"parent":0,"menu_order":0,"comment_status":"closed","ping_status":"open","template":"","meta":{"footnotes":""},"class_list":{"0":"post-1895","1":"page","2":"type-page","3":"status-publish","5":"infinite-scroll-item"},"_links":{"self":[{"href":"https:\/\/chatwriters.com\/no\/wp-json\/wp\/v2\/pages\/1895","targetHints":{"allow":["GET"]}}],"collection":[{"href":"https:\/\/chatwriters.com\/no\/wp-json\/wp\/v2\/pages"}],"about":[{"href":"https:\/\/chatwriters.com\/no\/wp-json\/wp\/v2\/types\/page"}],"author":[{"embeddable":true,"href":"https:\/\/chatwriters.com\/no\/wp-json\/wp\/v2\/users\/1"}],"replies":[{"embeddable":true,"href":"https:\/\/chatwriters.com\/no\/wp-json\/wp\/v2\/comments?post=1895"}],"version-history":[{"count":1,"href":"https:\/\/chatwriters.com\/no\/wp-json\/wp\/v2\/pages\/1895\/revisions"}],"predecessor-version":[{"id":1896,"href":"https:\/\/chatwriters.com\/no\/wp-json\/wp\/v2\/pages\/1895\/revisions\/1896"}],"wp:attachment":[{"href":"https:\/\/chatwriters.com\/no\/wp-json\/wp\/v2\/media?parent=1895"}],"curies":[{"name":"wp","href":"https:\/\/api.w.org\/{rel}","templated":true}]}}