{"id":1897,"date":"2025-06-30T12:01:42","date_gmt":"2025-06-30T12:01:42","guid":{"rendered":"https:\/\/dev.chatwriters.com\/?page_id=1897"},"modified":"2025-07-22T14:41:08","modified_gmt":"2025-07-22T14:41:08","slug":"privacy-policy","status":"publish","type":"page","link":"https:\/\/chatwriters.com\/pl\/privacy-policy\/","title":{"rendered":"Polityka prywatno\u015bci i plik\u00f3w cookies"},"content":{"rendered":"\n<h5 class=\"wp-block-heading\">1. WPROWADZENIE<\/h5>\n\n\n\n<p>1.1 W\u0142a\u015bcicielem i administratorem tej strony jest EnterTalkPro Ltd, 8th Floor, China Hong Kong Tower, 8-12 Hennessy Road, Wan Chai, Hong Kong, Company number: 3264433.<\/p>\n\n\n\n<p>1.2 Ochrona twoich danych i prywatno\u015bci jest naszym zobowi\u0105zaniem i obowi\u0105zkiem prawnym wobec ciebie, kt\u00f3ry traktujemy powa\u017cnie. Niniejszy dokument &#8222;Polityka ochrony danych osobowych i plik\u00f3w cookie&#8221; ma zastosowanie, gdy dzia\u0142amy jako administrator danych lub podmiot przetwarzaj\u0105cy dane dotycz\u0105ce twoich informacji przekazanych nam za po\u015brednictwem naszej strony internetowej lub us\u0142ug.<\/p>\n\n\n\n<p>1.3 Post\u0119powanie z twoimi danymi odbywa si\u0119 zgodnie z obowi\u0105zuj\u0105cymi przepisami prawa odnosz\u0105cymi si\u0119 do twojej jurysdykcji, nasze polityki s\u0105 zgodne z og\u00f3lnym rozporz\u0105dzeniem UE o ochronie danych (GDPR 2016\/679) (dalej &#8222;GDPR&#8221;) dla os\u00f3b i organizacji w pa\u0144stwach cz\u0142onkowskich UE oraz w pa\u0144stwach nale\u017c\u0105cych do Europejskiego Obszaru Gospodarczego.<\/p>\n\n\n\n<p>1.4 Dane osobowe s\u0105 zdefiniowane przez GDPR jako: &#8222;wszelkie informacje dotycz\u0105ce zidentyfikowanej lub mo\u017cliwej do zidentyfikowania osoby fizycznej (&#8222;osoby, kt\u00f3rej dane dotycz\u0105&#8221;); mo\u017cliwa do zidentyfikowania osoba fizyczna to osoba, kt\u00f3rej to\u017csamo\u015b\u0107 mo\u017cna ustali\u0107 bezpo\u015brednio lub po\u015brednio, w szczeg\u00f3lno\u015bci na podstawie identyfikatora takiego jak imi\u0119 i nazwisko, numer identyfikacyjny, dane o lokalizacji, identyfikator internetowy lub jeden b\u0105d\u017a kilka szczeg\u00f3lnych czynnik\u00f3w okre\u015blaj\u0105cych fizyczn\u0105, fizjologiczn\u0105, genetyczn\u0105, psychiczn\u0105, ekonomiczn\u0105, kulturow\u0105 lub spo\u0142eczn\u0105 to\u017csamo\u015b\u0107 tej osoby fizycznej&#8221;.<\/p>\n\n\n\n<p>1.5 Aby otrzyma\u0107 kopi\u0119 niniejszej polityki w innym formacie lub zg\u0142osi\u0107 jakiekolwiek w\u0105tpliwo\u015bci lub pytania, nale\u017cy skontaktowa\u0107 si\u0119 z inspektorem ochrony danych firmy za po\u015brednictwem poczty elektronicznej pod adresem info@chatwriters.com.<\/p>\n\n\n\n<h5 class=\"wp-block-heading\">2. PRZETWARZANIE DANYCH<\/h5>\n\n\n\n<p>2.1 Niniejsza polityka prywatno\u015bci i plik\u00f3w cookies okre\u015bla spos\u00f3b, w jaki EnterTalkPro Ltd b\u0119dzie obs\u0142ugiwa\u0107 Twoje dane jako &#8222;Administrator Danych&#8221;, w tym wszelkie dane osobowe dotycz\u0105ce ciebie kiedy korzystasz z naszych us\u0142ug. Korzystanie z naszych us\u0142ug obejmuje, ale nie jest ograniczone do wszelkich konsultacji, zakup\u00f3w, zapyta\u0144 lub innych dzia\u0142a\u0144, kt\u00f3re wymagaj\u0105 wymiany informacji mi\u0119dzy Tob\u0105 a nami.<\/p>\n\n\n\n<h5 class=\"wp-block-heading\">3. ZBIERANIE DANYCH<\/h5>\n\n\n\n<p>3.1 Wszelkie dane przetwarzana przez nas b\u0119d\u0105 \u015bci\u015ble traktowane zgodnie z niniejsz\u0105 polityk\u0105, w tym wszelkie dane dostarczone przez ciebie do nas za po\u015brednictwem https:\/\/chatwriters.com\/. EnterTalkPro Ltd nigdy nie sprzeda, nie udzieli licencji ani nie przeka\u017ce twoich danych osobowych bez uprzedniego uzyskania wyra\u017anej zgody od ciebie na pi\u015bmie.<\/p>\n\n\n\n<h5 class=\"wp-block-heading\">4. PODSTAWA PRAWNA ZBIERANIA DANYCH OSOBOWYCH<\/h5>\n\n\n\n<p>4.1 Jako firma dzia\u0142aj\u0105ca na Hong Kong mo\u017cemy gromadzi\u0107 dane osobowe tylko wtedy, gdy mamy do tego podstaw\u0119 prawn\u0105. Przyk\u0142ady obejmuj\u0105:<\/p>\n\n\n\n<ul class=\"wp-block-list\">\n<li>Mamy wobec ciebie zobowi\u0105zania umowne, kt\u00f3re wymagaj\u0105 wykorzystania takich danych;<\/li>\n\n\n\n<li>Wyra\u017casz zgod\u0119 na przetwarzanie i obs\u0142ug\u0119 twoich danych przez nas;<\/li>\n\n\n\n<li>Zgodnie z przepisami i regulacjami dotycz\u0105cymi prywatno\u015bci obowi\u0105zuj\u0105cymi w danej jurysdykcji.<\/li>\n<\/ul>\n\n\n\n<h5 class=\"wp-block-heading\">5. KATEGORIE PRZECHOWYWANYCH DANYCH OSOBOWYCH<\/h5>\n\n\n\n<p>5.1 W trakcie naszej pracy zbieramy dane osobowe i informacje w naszych interakcjach z tob\u0105 poprzez korzystanie z naszej strony internetowej oraz poprzez inne formy komunikacji. Typowe rodzaje informacji, kt\u00f3re przetwarzamy, to mi\u0119dzy innymi imi\u0119 i nazwisko, adres e-mail, adres IP, lokalizacja, adres fizyczny oraz te, kt\u00f3re powstaj\u0105 podczas naszej korespondencji. Zawsze b\u0119dziemy przestrzega\u0107 obowi\u0105zuj\u0105cych przepis\u00f3w prawa krajowego i mi\u0119dzynarodowego, dlatego te\u017c dane osobowe mog\u0105 by\u0107 r\u00f3wnie\u017c wykorzystywane do osi\u0105gni\u0119cia tego celu.<\/p>\n\n\n\n<h5 class=\"wp-block-heading\">6. CELE WYKORZYSTANIA TWOICH DANYCH OSOBOWYCH<\/h5>\n\n\n\n<p>6.1 Masz prawo zna\u0107 cele, dla kt\u00f3rych b\u0119dziemy przetwarza\u0107 twoje dane oraz aby\u015bmy post\u0119powali w spos\u00f3b jasny i przejrzysty. Naszymi uzasadnionymi celami s\u0105:<\/p>\n\n\n\n<ul class=\"wp-block-list\">\n<li>Aby zapewni\u0107 ci odpowiedni\u0105 obs\u0142ug\u0119 klienta;<\/li>\n\n\n\n<li>Og\u00f3lne dzia\u0142anie naszych us\u0142ug i strony internetowej;<\/li>\n\n\n\n<li>Aby utrzyma\u0107 nasze relacje z tob\u0105 jako klientem i aby komunikowa\u0107 si\u0119 z tob\u0105 w razie potrzeby;<\/li>\n\n\n\n<li>Aby poinformowa\u0107 nas o sposobie korzystania z naszych us\u0142ug przez naszych klient\u00f3w;<\/li>\n\n\n\n<li>Aby utrzyma\u0107 i poprawi\u0107 nasze us\u0142ugi internetowe poprzez wykorzystanie danych analitycznych;<\/li>\n\n\n\n<li>Mo\u017cemy zachowa\u0107 i wykorzysta\u0107 informacje przekazane nam przez u\u017cytkownika w przypadku jakichkolwiek roszcze\u0144 prawnych;<\/li>\n\n\n\n<li>W celu informowania o wszelkich przysz\u0142ych dzia\u0142aniach marketingowych naszych klient\u00f3w, aby zapewni\u0107, \u017ce tylko odpowiednie informacje s\u0105 wysy\u0142ane do klient\u00f3w;<\/li>\n\n\n\n<li>Aby przeciwdzia\u0142a\u0107 oszustwom lub nielegalnym dzia\u0142aniom skierowanym w nasz\u0105 stron\u0119 internetow\u0105.<\/li>\n<\/ul>\n\n\n\n<h5 class=\"wp-block-heading\">7. ZBIERANIE DANYCH OSOBOWYCH<\/h5>\n\n\n\n<p>7.1 Nasza strona internetowa wykorzystuje pliki cookie, tagi i inne podobne rodzaje technologii na naszej stronie internetowej to obejmuje dostawc\u00f3w us\u0142ug danych stron trzecich. Nie jeste\u015bmy w \u017caden spos\u00f3b odpowiedzialni za dzia\u0142ania dostawc\u00f3w zewn\u0119trznych. S\u0105 one wykorzystywane, aby u\u0142atwi\u0107 ci korzystanie z naszej strony internetowej i dostarczy\u0107 nam informacji o tym, kto korzysta z naszej strony. Mo\u017cesz wy\u0142\u0105czy\u0107 pliki cookie za pomoc\u0105 ustawie\u0144 przegl\u0105darki lub odmawiaj\u0105c akceptacji plik\u00f3w cookie podczas pierwszej wizyty na naszej stronie internetowej. B\u0119dziemy korzysta\u0107 z plik\u00f3w cookie tylko wtedy, gdy b\u0119dzie to konieczne i istnieje uzasadniony interes w przetwarzaniu danych. Wszyscy nasi pracownicy s\u0105 wyra\u017anie poinstruowani, aby zbiera\u0107 i przetwarza\u0107 dane wy\u0142\u0105cznie w ramach ich zatrudnienia i obs\u0142ugi klient\u00f3w.<\/p>\n\n\n\n<h5 class=\"wp-block-heading\">8. UDOST\u0118PNIANIE DANYCH INNYM PODMIOTOM<\/h5>\n\n\n\n<p>8.1 Od czasu do czasu EnterTalkPro Ltd mo\u017ce wsp\u00f3\u0142pracowa\u0107 z zewn\u0119trznymi dostawcami us\u0142ug danych, kt\u00f3rym b\u0119dziemy udost\u0119pnia\u0107 dane w celu wykonania okre\u015blonej funkcji.<\/p>\n\n\n\n<p>8.2 Wszelkie relacje dotycz\u0105ce udost\u0119pniania danych pomi\u0119dzy nami a dostawc\u0105 zewn\u0119trznym b\u0119d\u0105 podlega\u0142y umowie o udost\u0119pnianiu danych z odpowiednimi zabezpieczeniami zawartymi w naszym stosunku umownym z nimi.<\/p>\n\n\n\n<p>8.3 Wszelkie dane udost\u0119pnione dostawcy zewn\u0119trznemu s\u0142u\u017c\u0105 okre\u015blonemu celowi i \u017caden dostawca zewn\u0119trzny nie ma odr\u0119bnego, niezale\u017cnego prawa do wykorzystania tych danych w inny spos\u00f3b.<\/p>\n\n\n\n<p>8.4 Korzystaj\u0105c z naszej strony internetowej, przyjmujesz do wiadomo\u015bci, \u017ce informacje, kt\u00f3re podajesz, mog\u0105 poprzez z\u0142o\u015bliwe dzia\u0142ania by\u0107 dost\u0119pne dla innych u\u017cytkownik\u00f3w internetu. Zgadzamy si\u0119 do\u0142o\u017cy\u0107 wszelkich stara\u0144 poprzez odpowiednie oprogramowanie i procedury, aby zapobiec wszelkim naruszeniom danych.<\/p>\n\n\n\n<p>8.5 Wszelkie transakcje finansowe dokonywane za po\u015brednictwem naszej strony internetowej lub us\u0142ug wi\u0105\u017c\u0105 si\u0119 z udost\u0119pnieniem danych naszemu dostawcy finansowemu. B\u0119dziemy udost\u0119pnia\u0107 te informacje tylko w niezb\u0119dnym zakresie, zazwyczaj dotyczy to przetwarzania p\u0142atno\u015bci, zwrot\u00f3w i odpowiedzi na wszelkie pytania zwi\u0105zane z p\u0142atno\u015bci\u0105.<\/p>\n\n\n\n<p>8.6 B\u0119dziemy udost\u0119pnia\u0107 lub przekazywa\u0107 dane osobowe tylko w spos\u00f3b opisany i na warunkach okre\u015blonych w tej sekcji.<\/p>\n\n\n\n<h5 class=\"wp-block-heading\">9. PRAWA PRYWATNO\u015aCI<\/h5>\n\n\n\n<p>9.1 Zgodnie z GDPR masz okre\u015blone prawa zwi\u0105zane z twoimi danymi. \u017badne z postanowie\u0144 niniejszej polityki nie narusza tych praw, prawa przewidziane w art. 13 ust. 2 GDPR s\u0105 nast\u0119puj\u0105ce dla ciebie jako osoby, kt\u00f3rej dane dotycz\u0105. Obejmuj\u0105 one nast\u0119puj\u0105ce prawa:<\/p>\n\n\n\n<ul class=\"wp-block-list\">\n<li>Prawo dost\u0119pu do swoich danych, mo\u017cesz poprosi\u0107 o kopie danych, kt\u00f3re posiadamy;<\/li>\n\n\n\n<li>Prawo do sprostowania, kt\u00f3re pozwala ci poprosi\u0107 nas o zmian\u0119 twoich danych;<\/li>\n\n\n\n<li>Prawo do wycofania zgody i tym samym wycofania podstawy prawnej, na podstawie kt\u00f3rej posiadamy twoje dane;<\/li>\n\n\n\n<li>Prawo do ograniczenia wykorzystania twoich danych, w tym prawo do wniesienia sprzeciwu wobec przetwarzania twoich danych;<\/li>\n\n\n\n<li>Prawo do pe\u0142nego usuni\u0119cia twoich danych, potocznie zwane &#8222;prawem do usuni\u0119cia danych&#8221;;<\/li>\n\n\n\n<li>Prawo do z\u0142o\u017cenia skargi do odpowiedniego organu krajowego za spos\u00f3b w jaki zarz\u0105dzamy twoimi danymi.<\/li>\n<\/ul>\n\n\n\n<p>Powy\u017csze prawa podlegaj\u0105 okre\u015blonym ograniczeniom i wyj\u0105tkom, kt\u00f3re mo\u017cesz znale\u017a\u0107 tutaj.<\/p>\n\n\n\n<h5 class=\"wp-block-heading\">10. KORZYSTANIE Z PRAW<\/h5>\n\n\n\n<p>10.1 W przypadku ch\u0119ci skorzystania z kt\u00f3regokolwiek z praw zawartych w punkcie 8, w pierwszej kolejno\u015bci nale\u017cy skontaktowa\u0107 si\u0119 z inspektorem ochrony danych firmy za po\u015brednictwem poczty elektronicznej pod adresem info@chatwriters.com, kt\u00f3ry b\u0119dzie w stanie udzieli\u0107 pomocy. Weryfikacja twojej to\u017csamo\u015bci b\u0119dzie wymagana w celu zachowania zgodno\u015bci z obowi\u0105zuj\u0105cym prawem dotycz\u0105cym danych.<\/p>\n\n\n\n<h5 class=\"wp-block-heading\">11. PRZECHOWYWANIE DANYCH<\/h5>\n\n\n\n<p>11.1 Wszelkie zebrane dane b\u0119d\u0105 przechowywane przez okres nie d\u0142u\u017cszy ni\u017c jest to konieczne. Dane zbierane za pomoc\u0105 plik\u00f3w cookie lub \u015bledzenia s\u0105 przechowywane przez kr\u00f3tki okres czasu, chyba \u017ce s\u0105 wykorzystywane ze wzgl\u0119du na bezpiecze\u0144stwo strony internetowej lub og\u00f3lne ulepszenie naszych us\u0142ug.<\/p>\n\n\n\n<p>11.2 Wszelkie zapytania przez ciebie b\u0119d\u0105 przechowywane przez maksymalnie sze\u015b\u0107 miesi\u0119cy od zako\u0144czenia zapytania, dane e-mailowe i kontaktowe zostan\u0105 usuni\u0119te w przypadku rezygnacji z subskrypcji lub powiadomienia nas, \u017ce nie chcesz ju\u017c otrzymywa\u0107 od nas informacji.<\/p>\n\n\n\n<p>11.3 Je\u017celi dane osobowe s\u0105 wymagane do wykorzystania w post\u0119powaniu prawnym, zastrzegamy sobie prawo do przechowywania tych informacji przez okres post\u0119powania prawnego.<\/p>\n\n\n\n<h5 class=\"wp-block-heading\">12. BEZPIECZNE OBCHODZENIE SI\u0118 Z TWOIMI DANYMI<\/h5>\n\n\n\n<p>12.1 EnterTalkPro Ltd ma og\u00f3lny obowi\u0105zek zapewnienia, \u017ce jego obs\u0142uga danych i informacji osobowych odbywa si\u0119 w spos\u00f3b czujny, aby chroni\u0107 przed nielegalnym lub nieautoryzowanym dost\u0119pem, ujawnieniem lub wykorzystaniem. W przypadku naruszenia danych, kt\u00f3re mo\u017ce dotyczy\u0107 ciebie, powiadomimy ci\u0119 poprzez g\u0142\u00f3wne informacje kontaktowe, kt\u00f3re poda\u0142e\u015b. EnterTalkPro Ltd nie ponosi odpowiedzialno\u015bci za jakiekolwiek zaniedbania w ochronie w\u0142asnych danych lub informacji dotycz\u0105cych naszych us\u0142ug.<\/p>\n\n\n\n<h5 class=\"wp-block-heading\">13. STRONY INTERNETOWE OS\u00d3B TRZECICH<\/h5>\n\n\n\n<p>13.1 Linki do zewn\u0119trznych stron internetowych, kt\u00f3re nie s\u0105 pod nasz\u0105 kontrol\u0105, mog\u0105 stanowi\u0107 zagro\u017cenie dla bezpiecze\u0144stwa twoich danych. Nie zak\u0142adamy i nie ponosimy odpowiedzialno\u015bci za tre\u015bci zawarte na zewn\u0119trznych stronach internetowych. Nale\u017cy rozwa\u017cy\u0107 polityk\u0119 prywatno\u015bci ka\u017cdej zewn\u0119trznej strony internetowej przed jej u\u017cyciem, maj\u0105c na uwadze w\u0142asne bezpiecze\u0144stwo informacji.<\/p>\n\n\n\n<h5 class=\"wp-block-heading\">14. ZMIANY DO NINIEJSZEJ POLITYKI<\/h5>\n\n\n\n<p>14.1 Od czasu do czasu mo\u017cemy aktualizowa\u0107 t\u0119 polityk\u0119, je\u015bli to zrobimy, opublikujemy now\u0105 polityk\u0119 na naszej stronie internetowej, a data jej wdro\u017cenia zostanie wyra\u017anie zaznaczona na stronie internetowej. W przypadku istotnych zmian, kt\u00f3re naszym zdaniem mog\u0105 mie\u0107 wp\u0142yw na u\u017cytkownika, mo\u017cemy powiadomi\u0107 go o tym za pomoc\u0105 poczty elektronicznej. Dalsze korzystanie z naszej strony internetowej i us\u0142ug oznacza, \u017ce zgadzasz si\u0119 na dzia\u0142anie naszej strony internetowej zgodnie z aktualn\u0105 wersj\u0105 naszej polityki prywatno\u015bci i plik\u00f3w cookie.<\/p>\n","protected":false},"excerpt":{"rendered":"<p>1. WPROWADZENIE 1.1 W\u0142a\u015bcicielem i administratorem tej strony jest EnterTalkPro Ltd, 8th Floor, China Hong Kong Tower, 8-12 Hennessy Road, Wan Chai, Hong Kong, Company number: 3264433. 1.2 Ochrona twoich danych i prywatno\u015bci jest naszym zobowi\u0105zaniem i obowi\u0105zkiem prawnym wobec ciebie, kt\u00f3ry traktujemy powa\u017cnie. Niniejszy dokument &#8222;Polityka ochrony danych osobowych i plik\u00f3w cookie&#8221; ma zastosowanie, &#8230; <a title=\"Polityka prywatno\u015bci i plik\u00f3w cookies\" class=\"read-more\" href=\"https:\/\/chatwriters.com\/pl\/privacy-policy\/\" aria-label=\"Dowiedz si\u0119 wi\u0119cej o Polityka prywatno\u015bci i plik\u00f3w cookies\">Czytaj wi\u0119cej<\/a><\/p>\n","protected":false},"author":1,"featured_media":0,"parent":0,"menu_order":0,"comment_status":"closed","ping_status":"open","template":"","meta":{"footnotes":""},"class_list":{"0":"post-1897","1":"page","2":"type-page","3":"status-publish","5":"infinite-scroll-item"},"_links":{"self":[{"href":"https:\/\/chatwriters.com\/pl\/wp-json\/wp\/v2\/pages\/1897","targetHints":{"allow":["GET"]}}],"collection":[{"href":"https:\/\/chatwriters.com\/pl\/wp-json\/wp\/v2\/pages"}],"about":[{"href":"https:\/\/chatwriters.com\/pl\/wp-json\/wp\/v2\/types\/page"}],"author":[{"embeddable":true,"href":"https:\/\/chatwriters.com\/pl\/wp-json\/wp\/v2\/users\/1"}],"replies":[{"embeddable":true,"href":"https:\/\/chatwriters.com\/pl\/wp-json\/wp\/v2\/comments?post=1897"}],"version-history":[{"count":1,"href":"https:\/\/chatwriters.com\/pl\/wp-json\/wp\/v2\/pages\/1897\/revisions"}],"predecessor-version":[{"id":1898,"href":"https:\/\/chatwriters.com\/pl\/wp-json\/wp\/v2\/pages\/1897\/revisions\/1898"}],"wp:attachment":[{"href":"https:\/\/chatwriters.com\/pl\/wp-json\/wp\/v2\/media?parent=1897"}],"curies":[{"name":"wp","href":"https:\/\/api.w.org\/{rel}","templated":true}]}}