{"id":1899,"date":"2025-06-30T12:01:42","date_gmt":"2025-06-30T12:01:42","guid":{"rendered":"https:\/\/dev.chatwriters.com\/?page_id=1899"},"modified":"2025-07-22T14:46:28","modified_gmt":"2025-07-22T14:46:28","slug":"privacy-policy","status":"publish","type":"page","link":"https:\/\/chatwriters.com\/pt-pt\/privacy-policy\/","title":{"rendered":"Pol\u00edtica de privacidade e de cookies"},"content":{"rendered":"\n<h5 class=\"wp-block-heading\">1. INTRODU\u00c7\u00c3O<\/h5>\n\n\n\n<p>1.1 Este site \u00e9 de propriedade e administrado pela EnterTalkPro Ltd, 8th Floor, China Hong Kong Tower, 8-12 Hennessy Road, Wan Chai, Hong Kong, n\u00famero da empresa: 3264433.<\/p>\n\n\n\n<p>1.2 A salvaguarda dos teus dados e da tua privacidade \u00e9 um compromisso e uma obriga\u00e7\u00e3o legal da nossa parte perante ti e que levamos a s\u00e9rio. Este documento de pol\u00edtica, nossa &#8216;Pol\u00edtica de Privacidade e Prote\u00e7\u00e3o de Dados e de Cookies&#8217;, aplica-se quando atuamos como o controlador de dados ou processador de dados das tuas informa\u00e7\u00f5es fornecidas a n\u00f3s por meio do uso do nosso site ou servi\u00e7os.<\/p>\n\n\n\n<p>1.3 O tratamento dos seus dados \u00e9 feito de acordo com as leis aplic\u00e1veis pertencentes \u00e0 sua jurisdi\u00e7\u00e3o, as nossas pol\u00edticas est\u00e3o em conformidade com o Regulamento Geral de Prote\u00e7\u00e3o de Dados da UE (RGPD 2016\/679) (doravante o \u201cRGPD\u201d) para indiv\u00edduos e organiza\u00e7\u00f5es dentro dos estados-membros da UE e aqueles dentro do Espa\u00e7o Econ\u00f3mico Europeu.<\/p>\n\n\n\n<p>1.4 Os dados pessoais s\u00e3o definidos pelo RGPD como: &#8220;qualquer informa\u00e7\u00e3o relativa a uma pessoa singular identificada ou identific\u00e1vel (&#8216;titular dos dados&#8217;); uma pessoa singular identific\u00e1vel \u00e9 aquela que pode ser identificada, direta ou indiretamente, nomeadamente por refer\u00eancia a um identificador como um nome, um n\u00famero de identifica\u00e7\u00e3o, dados de localiza\u00e7\u00e3o, um identificador online ou a um ou mais fatores espec\u00edficos da identidade f\u00edsica, fisiol\u00f3gica, gen\u00e9tica, mental, econ\u00f4mica, cultural ou social dessa pessoa f\u00edsica<\/p>\n\n\n\n<p>1.5 Para obter uma c\u00f3pia desta pol\u00edtica num formato diferente ou para levantar quaisquer preocupa\u00e7\u00f5es ou d\u00favidas, entra em contato com o Diretor de Prote\u00e7\u00e3o de Dados da Empresa por e-mail em info@chatwriters.com que poder\u00e1 ajudar.<\/p>\n\n\n\n<h5 class=\"wp-block-heading\">2. DATA PROCESSOR<\/h5>\n\n\n\n<p>2.1 Esta Pol\u00edtica de Privacidade e Cookies define a forma como EnterTalkPro Ltd ir\u00e1 lidar com os teus dados como o &#8216;Controlador de Dados&#8217; incluindo qualquer informa\u00e7\u00e3o pessoal relacionada a ti a partir do uso dos nossos servi\u00e7os. O uso dos nossos servi\u00e7os inclui, entre outros, qualquer consulta, compra, consulta ou outras atividades que exijam o compartilhamento de informa\u00e7\u00f5es entre ti e n\u00f3s.<\/p>\n\n\n\n<h5 class=\"wp-block-heading\">3. RECOLHA DE DADOS<\/h5>\n\n\n\n<p>3.1 Quaisquer dados manipulados por n\u00f3s como processador de dados ser\u00e3o estritamente tratados de acordo com esta pol\u00edtica, incluindo quaisquer dados fornecidos por ti para n\u00f3s via https:\/\/chatwriters.com\/. A EnterTalkPro Ltd nunca vender\u00e1, fornecer\u00e1 ou transmitir\u00e1 os teus dados pessoais sem primeiro obter o teu consentimento expresso por escrito.<\/p>\n\n\n\n<h5 class=\"wp-block-heading\">4. BASE LEGAL DE RECOLHA DE INFORMA\u00c7\u00d5ES PESSOAIS<\/h5>\n\n\n\n<p>4.1 Como empresa que opera nas Hong Kong, s\u00f3 podemos recolher dados pessoais onde e quando tivermos uma base legal para faz\u00ea-lo. Exemplos disso incluem:<\/p>\n\n\n\n<ul class=\"wp-block-list\">\n<li>Temos obriga\u00e7\u00f5es contratuais consigo que exigem a utiliza\u00e7\u00e3o de tais dados;<\/li>\n\n\n\n<li>Concorda com o nosso processamento e tratamento dos seus dados;<\/li>\n\n\n\n<li>De acordo e em conformidade com as leis e regulamentos de privacidade da jurisdi\u00e7\u00e3o aplic\u00e1vel.<\/li>\n<\/ul>\n\n\n\n<h5 class=\"wp-block-heading\">5. CATEGORIAS DE INFORMA\u00c7\u00d5ES PESSOAIS GUARDADAS<\/h5>\n\n\n\n<p>5.1 Ao longo do nosso trabalho, recolhemos dados e informa\u00e7\u00f5es pessoais nas nossas intera\u00e7\u00f5es contigo por meio do uso do nosso site e por meio de outras comunica\u00e7\u00f5es. Os casos t\u00edpicos de informa\u00e7\u00f5es que processamos incluem, entre outros, o teu nome, endere\u00e7o de e-mail, endere\u00e7o IP, localiza\u00e7\u00e3o, endere\u00e7o f\u00edsico e o que surge durante a nossa correspond\u00eancia. Sempre cumpriremos as leis nacionais e internacionais aplic\u00e1veis \u200b\u200be, portanto, as informa\u00e7\u00f5es pessoais tamb\u00e9m podem ser usadas para alcan\u00e7ar isso.<\/p>\n\n\n\n<h5 class=\"wp-block-heading\">6. FINALIDADES DE USO DAS TUAS INFORMA\u00c7\u00d5ES PESSOAIS<\/h5>\n\n\n\n<p>6.1 Tens o direito de saber as finalidades para as quais tratamos os teus dados e de sermos claros e transparentes. Os nossos prop\u00f3sitos leg\u00edtimos s\u00e3o:<\/p>\n\n\n\n<ul class=\"wp-block-list\">\n<li>Para fornecer-te suporte ao cliente apropriado;<\/li>\n\n\n\n<li>Funcionamento geral dos nossos servi\u00e7os e website;<\/li>\n\n\n\n<li>Para manter o nosso relacionamento contigo como cliente e nos comunicarmos contigo conforme apropriado;<\/li>\n\n\n\n<li>Para nos informar sobre a forma como os nossos servi\u00e7os est\u00e3o a ser utilizados pelos nossos clientes;<\/li>\n\n\n\n<li>Para manter e melhorar os nossos servi\u00e7os web usando dados anal\u00edticos;<\/li>\n\n\n\n<li>Podemos reter e utilizar as informa\u00e7\u00f5es por ti fornecidas no caso de qualquer reclama\u00e7\u00e3o legal;<\/li>\n\n\n\n<li>Para informar qualquer marketing futuro, o nosso contacto com os clientes para garantir que apenas s\u00e3o enviadas informa\u00e7\u00f5es relevantes aos clientes;<\/li>\n\n\n\n<li>Para combater fraudes ou atividades ilegais direcionadas para o nosso site.<\/li>\n<\/ul>\n\n\n\n<h5 class=\"wp-block-heading\">7. RECOLHA DE DADOS PESSOAIS<\/h5>\n\n\n\n<p>7.1 O nosso site usa cookies, tags e outros tipos semelhantes de tecnologia no nosso site, incluindo fornecedores de servi\u00e7os de dados de terceiros. N\u00e3o somos de forma alguma respons\u00e1veis pelas a\u00e7\u00f5es de fornecedores terceiros. Estes s\u00e3o utilizados para facilitar a tua experi\u00eancia de utiliza\u00e7\u00e3o do nosso Website e para nos fornecer informa\u00e7\u00f5es sobre quem utiliza o Website. O utilizador pode desativar os cookies utilizando as defini\u00e7\u00f5es do seu browser ou recusando a aceita\u00e7\u00e3o de cookies quando visita o nosso site pela primeira vez. S\u00f3 utilizaremos cookies quando for necess\u00e1rio e existir um interesse leg\u00edtimo no tratamento dos teus dados. Todos os nossos funcion\u00e1rios t\u00eam instru\u00e7\u00f5es expl\u00edcitas para apenas recolherem e processarem dados relevantes no decurso do seu trabalho e no atendimento de clientes<\/p>\n\n\n\n<h5 class=\"wp-block-heading\">8. PARTILHA DE DADOS COM OUTRAS ENTIDADES<\/h5>\n\n\n\n<p>8.1 De tempos a tempos, a EnterTalkPro Ltd pode trabalhar com provedores de servi\u00e7os de dados de terceiros com os quais compartilharemos dados para executar uma fun\u00e7\u00e3o espec\u00edfica.<\/p>\n\n\n\n<p>8.2 Qualquer rela\u00e7\u00e3o de partilha de dados entre n\u00f3s e um fornecedor terceiro estar\u00e1 sujeita a um acordo de partilha de dados com salvaguardas adequadas inclu\u00eddas na nossa rela\u00e7\u00e3o contratual com eles.<\/p>\n\n\n\n<p>8.3 Quaisquer dados compartilhados com um provedor terceiro s\u00e3o para uma finalidade espec\u00edfica e nenhum provedor terceiro tem o direito separado e independente de utilizar tais dados de qualquer outra forma.<\/p>\n\n\n\n<p>8.4 Ao utilizar o nosso site, reconheces que as informa\u00e7\u00f5es fornecidas por ti podem, por meio de atos maliciosos, ser disponibilizadas a outros usu\u00e1rios da internet. Concordamos em usar os melhores esfor\u00e7os por meio de software e procedimentos apropriados para evitar qualquer viola\u00e7\u00e3o de dados<\/p>\n\n\n\n<p>8.5 Quaisquer transa\u00e7\u00f5es financeiras usadas por meio do nosso site ou servi\u00e7os envolvem o compartilhamento de dados com o nosso provedor financeiro. S\u00f3 compartilharemos essas informa\u00e7\u00f5es na medida do necess\u00e1rio, normalmente isso inclui processamento de pagamentos, reembolsos e resposta a quaisquer d\u00favidas relacionadas a um pagamento.<\/p>\n\n\n\n<p>8.6 Somente compartilharemos ou transferiremos informa\u00e7\u00f5es pessoais conforme descrito e nas condi\u00e7\u00f5es estabelecidas nesta sec\u00e7\u00e3o.<\/p>\n\n\n\n<h5 class=\"wp-block-heading\">9. DIREITO \u00c0 PRIVACIDADE<\/h5>\n\n\n\n<p>9.1 De acordo com o RGPD, tens direitos espec\u00edficos relacionados aos teus dados. Nada nesta pol\u00edtica infringe esses direitos, os direitos previstos no artigo 13.\u00ba, n.\u00ba 2, do RGPD s\u00e3o os seguintes para ti enquanto titular dos dados. Estes incluem os seguintes direitos:<\/p>\n\n\n\n<ul class=\"wp-block-list\">\n<li>O direito de aceder aos teus dados, podes solicitar c\u00f3pias dos dados que possu\u00edmos;<\/li>\n\n\n\n<li>O direito de retifica\u00e7\u00e3o que permite que tu nos pe\u00e7as para alterar os teus dados;<\/li>\n\n\n\n<li>O direito de retirar o consentimento e, assim, retirar a base legal pela qual mantemos os teus dados;<\/li>\n\n\n\n<li>O direito de limitar o uso dos teus dados, incluindo o direito de te opores ao processamento dos teus dados;<\/li>\n\n\n\n<li>O direito \u00e0 elimina\u00e7\u00e3o total dos teus dados, vulgarmente conhecido por &#8216;direito ao apagamento;<\/li>\n\n\n\n<li>O direito de reclamar com a autoridade nacional apropriada sobre como lidamos com os teus dados.<\/li>\n<\/ul>\n\n\n\n<p>Os direitos acima est\u00e3o sujeitos a limita\u00e7\u00f5es e exce\u00e7\u00f5es espec\u00edficas que podes encontrar aqui.<\/p>\n\n\n\n<h5 class=\"wp-block-heading\">10. EXERC\u00cdCIO DOS TEUS DIREITOS<\/h5>\n\n\n\n<p>10.1 Caso desejeSs exercer algum dos direitos da Se\u00e7\u00e3o 8, em primeiro lugar, entra em contato com o Diretor de Prote\u00e7\u00e3o de Dados da Empresa por e-mail em info@chatwriters.com, que poder\u00e1 ajudar-te. A verifica\u00e7\u00e3o da tua identidade ser\u00e1 necess\u00e1ria para cumprir a lei de dados aplic\u00e1vel.<\/p>\n\n\n\n<h5 class=\"wp-block-heading\">11. RETEN\u00c7\u00c3O DE DADOS<\/h5>\n\n\n\n<p>11.1 Quaisquer dados coletados ser\u00e3o retidos por n\u00e3o mais do que o necess\u00e1rio. Os dados recollhidos por meio de cookies ou rastreamento s\u00e3o retidos por um curto per\u00edodo de tempo, a menos que sejam usados \u200b\u200bpara efeitos de seguran\u00e7a do site ou melhoria geral dos nossos servi\u00e7os.<\/p>\n\n\n\n<p>11.2 Quaisquer consultas tuas ser\u00e3o armazenadas por no m\u00e1ximo seis meses ap\u00f3s a conclus\u00e3o da consulta, e-mail e dados de contato ser\u00e3o exclu\u00eddos caso canceles a inscri\u00e7\u00e3o ou nos notifiques que n\u00e3o desejas mais receber not\u00edcias nossas.<\/p>\n\n\n\n<p>11.3 Quando os dados pessoais forem necess\u00e1rios para uso em processos judiciais, reservamo-nos o direito de reter essas informa\u00e7\u00f5es durante o per\u00edodo do processo judicial.<\/p>\n\n\n\n<h5 class=\"wp-block-heading\">12. TRATAMENTO SEGURO DOS TEUS DADOS<\/h5>\n\n\n\n<p>12.1 EnterTalkPro Ltd tem a obriga\u00e7\u00e3o geral de garantir que o tratamento dos teus dados e informa\u00e7\u00f5es pessoais seja feito de maneira vigilante para proteger contra o acesso, a divulga\u00e7\u00e3o ou a utiliza\u00e7\u00e3o ilegais ou n\u00e3o autorizados. Na eventualidade de uma viola\u00e7\u00e3o de dados que te possa afetar, notificar-te-emos atrav\u00e9s das principais informa\u00e7\u00f5es de contacto que forneceste. A EnterTalkPro Ltd n\u00e3o \u00e9 respons\u00e1vel por qualquer neglig\u00eancia na prote\u00e7\u00e3o dos teus pr\u00f3prios dados ou informa\u00e7\u00f5es relativas aos nossos servi\u00e7os<\/p>\n\n\n\n<h5 class=\"wp-block-heading\">13. WEBSITES DE TERCEIROS<\/h5>\n\n\n\n<p>13.1 Links para sites externos que n\u00e3o est\u00e3o sob nosso controlo podem representar um risco \u00e0 seguran\u00e7a dos teus dados. N\u00e3o assumimos e n\u00e3o somos respons\u00e1veis \u200b\u200bpor qualquer conte\u00fado em sites externos. Deves considerar a Pol\u00edtica de Privacidade de qualquer site externo antes de us\u00e1-lo com a devida aten\u00e7\u00e3o \u00e0 tua pr\u00f3pria seguran\u00e7a de informa\u00e7\u00f5es.<\/p>\n\n\n\n<h5 class=\"wp-block-heading\">14. ALTERA\u00c7\u00d5ES A ESTA POL\u00cdTICA<\/h5>\n\n\n\n<p>14.1 Periodicamente, podemos atualizar esta pol\u00edtica. Se o fizermos, publicaremos a nova pol\u00edtica no nosso Website e a data em que a pol\u00edtica foi implementada ser\u00e1 claramente assinalada na p\u00e1gina. Em caso de altera\u00e7\u00f5es significativas que consideremos poderem afetar o utilizador, poderemos notificar-te por email. A utiliza\u00e7\u00e3o cont\u00ednua do nosso s\u00edtio Website e dos nossos servi\u00e7os implica que o utilizador concorda em utilizar o nosso Website ao abrigo da vers\u00e3o atual da nossa Pol\u00edtica de Privacidade e de Cookies.<\/p>\n","protected":false},"excerpt":{"rendered":"<p>1. INTRODU\u00c7\u00c3O 1.1 Este site \u00e9 de propriedade e administrado pela EnterTalkPro Ltd, 8th Floor, China Hong Kong Tower, 8-12 Hennessy Road, Wan Chai, Hong Kong, n\u00famero da empresa: 3264433. 1.2 A salvaguarda dos teus dados e da tua privacidade \u00e9 um compromisso e uma obriga\u00e7\u00e3o legal da nossa parte perante ti e que levamos &#8230; <a title=\"Pol\u00edtica de privacidade e de cookies\" class=\"read-more\" href=\"https:\/\/chatwriters.com\/pt-pt\/privacy-policy\/\" aria-label=\"Leia mais sobre Pol\u00edtica de privacidade e de cookies\">Ler mais<\/a><\/p>\n","protected":false},"author":1,"featured_media":0,"parent":0,"menu_order":0,"comment_status":"closed","ping_status":"open","template":"","meta":{"footnotes":""},"class_list":{"0":"post-1899","1":"page","2":"type-page","3":"status-publish","5":"infinite-scroll-item"},"_links":{"self":[{"href":"https:\/\/chatwriters.com\/pt-pt\/wp-json\/wp\/v2\/pages\/1899","targetHints":{"allow":["GET"]}}],"collection":[{"href":"https:\/\/chatwriters.com\/pt-pt\/wp-json\/wp\/v2\/pages"}],"about":[{"href":"https:\/\/chatwriters.com\/pt-pt\/wp-json\/wp\/v2\/types\/page"}],"author":[{"embeddable":true,"href":"https:\/\/chatwriters.com\/pt-pt\/wp-json\/wp\/v2\/users\/1"}],"replies":[{"embeddable":true,"href":"https:\/\/chatwriters.com\/pt-pt\/wp-json\/wp\/v2\/comments?post=1899"}],"version-history":[{"count":1,"href":"https:\/\/chatwriters.com\/pt-pt\/wp-json\/wp\/v2\/pages\/1899\/revisions"}],"predecessor-version":[{"id":1900,"href":"https:\/\/chatwriters.com\/pt-pt\/wp-json\/wp\/v2\/pages\/1899\/revisions\/1900"}],"wp:attachment":[{"href":"https:\/\/chatwriters.com\/pt-pt\/wp-json\/wp\/v2\/media?parent=1899"}],"curies":[{"name":"wp","href":"https:\/\/api.w.org\/{rel}","templated":true}]}}