{"id":1901,"date":"2025-06-30T12:01:42","date_gmt":"2025-06-30T12:01:42","guid":{"rendered":"https:\/\/dev.chatwriters.com\/?page_id=1901"},"modified":"2025-07-22T14:51:23","modified_gmt":"2025-07-22T14:51:23","slug":"privacy-policy","status":"publish","type":"page","link":"https:\/\/chatwriters.com\/ro\/privacy-policy\/","title":{"rendered":"Confiden\u021bialitate \u0219i politica de cookie-uri"},"content":{"rendered":"\n<h5 class=\"wp-block-heading\">1. INTRODUCERE<\/h5>\n\n\n\n<p>1.1 Acest sit web este de\u021binut \u0219i administrat de EnterTalkPro Ltd, 8th Floor, China Hong Kong Tower, 8-12 Hennessy Road, Wan Chai, Hong Kong, num\u0103r de \u00eenregistrare: 3264433.<\/p>\n\n\n\n<p>1.2 Protec\u021bia datelor \u0219i a confiden\u021bialit\u0103\u021bii personale este un angajament \u0219i o obliga\u021bie legal\u0103 din partea noastr\u0103, care \u021bi se datoreaz\u0103 \u0219i pe care o lu\u0103m \u00een serios. Acest document de politic\u0103 \u201ePolitica noastr\u0103 de confiden\u021bialitate \u0219i de protec\u021bie a datelor personale\u201d se aplic\u0103 atunci c\u00e2nd ac\u021bion\u0103m ca operator sau procesator de date al informa\u021biilor tale, furnizate prin utilizarea site-ului sau a serviciilor noastre.<\/p>\n\n\n\n<p>1.3 Prelucrarea datelor personale se face \u00een conformitate cu legile aplicabile \u00een \u021bara dumneavoastr\u0103 politicile noastre respect\u0103 Regulamentul general al UE privind protec\u021bia datelor (GDPR 2016\/679) (denumit \u00een continuare \u201eGDPR\u201d) pentru persoanele \u0219i organiza\u021biile din statele membre ale UE \u0219i cele din Spa\u021biul Economic European.<\/p>\n\n\n\n<p>1.4 Datele cu caracter personal sunt definite de GDPR ca: \u201eorice informa\u021bii privind o persoan\u0103 fizic\u0103 identificat\u0103 sau identificabil\u0103 (&#8216;persoana vizat\u0103&#8217;); o persoan\u0103 fizic\u0103 identificabil\u0103 este o persoan\u0103 care poate fi identificat\u0103, direct sau indirect, \u00een special prin referire la un element de identificare, cum ar fi un nume, un num\u0103r de identificare, date de localizare, un identificator online, sau la unul sau mai multe elemente specifice, proprii identit\u0103\u021bii sale fizice, fiziologice, genetice, psihice, economice, culturale sau sociale.<\/p>\n\n\n\n<p>1.5 Pentru o copie a acestei politici \u00eentr-un format diferit sau pentru a clarifica orice nel\u0103muriri sau \u00eentreb\u0103ri, te rug\u0103m s\u0103 contactezi responsabilul cu protec\u021bia datelor companiei prin e-mail la info@chatwriters.com. Acesta te va putea ajuta.<\/p>\n\n\n\n<h5 class=\"wp-block-heading\">2. OPERATOR DE DATE<\/h5>\n\n\n\n<p>2.1 Aceast\u0103 politic\u0103 de confiden\u021bialitate \u0219i cookie-uri stabile\u0219te modul \u00een care EnterTalkPro Ltd va trata datele personale \u00een calitate de \u201eOperator de date\u201d, inclusiv orice informa\u021bii personale referitoare la tine din utilizarea serviciilor noastre. Utilizarea serviciilor noastre include, dar nu se limiteaz\u0103 la, orice consultare, achizi\u021bie, \u00eentreb\u0103ri sau alte activit\u0103\u021bi care necesit\u0103 partajarea informa\u021biilor \u00eentre tine \u0219i noi.<\/p>\n\n\n\n<h5 class=\"wp-block-heading\">3. COLECTARE DE DATE<\/h5>\n\n\n\n<p>3.1 Orice date tratate de noi \u00een calitate de operator de date vor fi tratate strict \u00een conformitate cu aceast\u0103 politic\u0103, inclusiv orice date furnizate de tine c\u0103tre noi prin intermediul https:\/\/chatwriters.com\/. EnterTalkPro Ltd nu va vinde, nu va oferi dreptul de a folosi sau nu va transmite niciodat\u0103 datele tale cu caracter personal f\u0103r\u0103 a ob\u021bine mai \u00eent\u00e2i consim\u021b\u0103m\u00e2ntul expres din partea ta \u00een scris.<\/p>\n\n\n\n<h5 class=\"wp-block-heading\">4. BAZA LEGAL\u0102 A COLECT\u0102RII INFORMA\u021aIILOR PERSONALE<\/h5>\n\n\n\n<p>4.1 \u00cen calitate de companie care opereaz\u0103 \u00een Hong Kong, putem colecta date personale, \u00cen conformitate cu legile \u0219i reglement\u0103rile privind confiden\u021bialitatea din jurisdic\u021bia aplicabil\u0103, numai acolo unde \u0219i atunci c\u00e2nd avem o baz\u0103 legal\u0103 pentru a face acest lucru. Exemple \u00een acest sens includ:<\/p>\n\n\n\n<ul class=\"wp-block-list\">\n<li>Avem obliga\u021bii contractuale fa\u021b\u0103 de tine care necesit\u0103 utilizarea unor astfel de date;<\/li>\n\n\n\n<li>E\u0219ti de acord cu prelucrarea \u0219i gestionarea datelor personale;<\/li>\n\n\n\n<li>\u00cen conformitate cu legile \u0219i reglement\u0103rile privind confiden\u021bialitatea din jurisdic\u021bia aplicabil\u0103.<\/li>\n<\/ul>\n\n\n\n<h5 class=\"wp-block-heading\">5. CATEGORII DE INFORMA\u021aII PERSONALE DE\u021aINUTE<\/h5>\n\n\n\n<p>5.1 Pe parcursul activit\u0103\u021bii noastre, colect\u0103m date \u0219i informa\u021bii cu caracter personal \u00een interac\u021biunile noastre cu tine prin utilizarea site-ului nostru web \u0219i prin alte comunic\u0103ri. Tipurile obi\u0219nuite de informa\u021bii pe care le proces\u0103m de la tine includ, dar nu se limiteaz\u0103 la, numele t\u0103u, adresa de e-mail, adresa IP, loca\u021bia, adresa fizic\u0103 \u0219i cele care apar \u00een timpul coresponden\u021bei noastre. Vom respecta \u00eentotdeauna legile interne \u0219i interna\u021bionale aplicabile \u0219i, prin urmare, informa\u021biile personale pot fi folosite \u0219i pentru a realiza acest lucru.<\/p>\n\n\n\n<h5 class=\"wp-block-heading\">6. SCOPURI DE UTILIZARE A INFORMA\u021aIILOR PERSONALE<\/h5>\n\n\n\n<p>6.1 Ai dreptul s\u0103 cuno\u0219ti scopurile pentru care am prelucra datele personale \u0219i dorim s\u0103 fim clari \u0219i transparen\u021bi. Scopurile noastre legitime sunt:<\/p>\n\n\n\n<ul class=\"wp-block-list\">\n<li>Pentru a-\u021bi oferi asisten\u021b\u0103 adecvat\u0103 pentru clien\u021bi;<\/li>\n\n\n\n<li>Func\u021bionarea general\u0103 a serviciilor \u0219i a site-ului nostru web;<\/li>\n\n\n\n<li>Pentru a men\u021bine rela\u021biile noastre cu tine \u00een calitate de client \u0219i pentru a comunica cu tine, dup\u0103 caz;<\/li>\n\n\n\n<li>Pentru a ne informa asupra modului \u00een care serviciile noastre sunt utilizate de c\u0103tre clien\u021bii no\u0219tri;<\/li>\n\n\n\n<li>Pentru a men\u021bine \u0219i \u00eembun\u0103t\u0103\u021bi serviciile noastre web prin utilizarea datelor analitice;<\/li>\n\n\n\n<li>Este posibil s\u0103 re\u021binem \u0219i s\u0103 utiliz\u0103m informa\u021biile furnizate de tine \u00een cazul oric\u0103rei revendic\u0103ri legale;<\/li>\n\n\n\n<li>Pentru a pune la curent orice informa\u021bie de marketing care ar putea ajunge la clien\u021bii no\u0219tri \u0219i pentru a ne asigura c\u0103 numai informa\u021biile relevante sunt trimise clien\u021bilor;<\/li>\n\n\n\n<li>Pentru a contracara frauda sau activitatea ilegal\u0103 \u00eendreptat\u0103 c\u0103tre site-ul nostru web.<\/li>\n<\/ul>\n\n\n\n<h5 class=\"wp-block-heading\">7. COLECTAREA DATELOR PERSONALE<\/h5>\n\n\n\n<p>7.1 Site-ul nostru web folose\u0219te cookie-uri, etichete \u0219i alte tipuri similare de tehnologie pe site-ul nostru, inclusiv furnizori ter\u021bi de servicii de date. Nu suntem \u00een niciun fel r\u0103spunz\u0103tori sau responsabili pentru ac\u021biunile furnizorilor ter\u021bi. Acestea sunt folosite pentru a-\u021bi u\u0219ura experien\u021ba de utilizare a site-ului nostru web \u0219i pentru a ne oferi informa\u021bii despre cine folose\u0219te site-ul nostru. Po\u021bi dezactiva modulele cookie utiliz\u00e2nd set\u0103rile browserului sau refuz\u00e2nd s\u0103 accep\u021bi module cookie atunci c\u00e2nd vizitezi prima dat\u0103 site-ul nostru web. Vom folosi cookie-uri numai atunci c\u00e2nd este necesar \u0219i exist\u0103 un interes legitim \u00een prelucrarea datelor personale. To\u021bi angaja\u021bii no\u0219tri sunt instrui\u021bi \u00een mod explicit doar s\u0103 colecteze \u0219i s\u0103 prelucreze date relevante \u00een cursul angaj\u0103rii lor \u0219i \u00een deservirea clien\u021bilor.<\/p>\n\n\n\n<h5 class=\"wp-block-heading\">8. PARTAJAREA DATELOR CU ALTE P\u0102R\u021aI<\/h5>\n\n\n\n<p>8.1 Din c\u00e2nd \u00een c\u00e2nd, EnterTalkPro Ltd poate lucra cu furnizori ter\u021bi de servicii de date c\u0103rora le vom partaja date pentru a \u00eendeplini o anumit\u0103 func\u021bie.<\/p>\n\n\n\n<p>8.2 Orice rela\u021bie de partajare a datelor dintre noi \u0219i un furnizor ter\u021b va face obiectul unui acord de partajare a datelor cu garan\u021bii adecvate incluse \u00een rela\u021bia noastr\u0103 contractual\u0103 cu ace\u0219tia.<\/p>\n\n\n\n<p>8.3 Orice date partajate cu un furnizor ter\u021b sunt pentru un scop specificat \u0219i niciun furnizor ter\u021b nu are un drept independent separat de a utiliza astfel de date \u00een orice alt mod.<\/p>\n\n\n\n<p>8.4 Folosind site-ul nostru, admi\u021bi c\u0103 informa\u021biile pe care le furnizezi pot fi disponibile pentru al\u021bi utilizatori ai internetului prin acte r\u0103u inten\u021bionate. Suntem de acord s\u0103 depunem toate eforturile prin intermediul software-ului \u0219i procedurilor adecvate pentru a preveni orice \u00eenc\u0103lcare a datelor.<\/p>\n\n\n\n<p>8.5 Orice tranzac\u021bie financiar\u0103 utilizat\u0103 prin intermediul site-ului sau serviciilor noastre implic\u0103 partajarea datelor cu furnizorul nostru financiar. Vom partaja aceste informa\u021bii numai \u00een m\u0103sura \u00een care este necesar, de obicei, care include procesarea pl\u0103\u021bilor, ramburs\u0103ri \u0219i r\u0103spunsuri la orice \u00eentreb\u0103ri legate de o plat\u0103.<\/p>\n\n\n\n<p>8.6 Vom partaja sau transfera informa\u021bii personale numai a\u0219a cum este descris \u0219i doar \u00een condi\u021biile stabilite \u00een aceast\u0103 sec\u021biune.<\/p>\n\n\n\n<h5 class=\"wp-block-heading\">9. DREPTURI DE CONFIDEN\u021aIALITATE<\/h5>\n\n\n\n<p>9.1 Conform GDPR, ai drepturi specifice legate de datele personale. Nimic din aceast\u0103 politic\u0103 nu \u00eencalc\u0103 aceste drepturi, drepturile prev\u0103zute de articolul 13 alineatul (2) din GDPR sunt urm\u0103toarele pentru tine, \u00een calitate de persoan\u0103 vizat\u0103. Acestea includ urm\u0103toarele drepturi:<\/p>\n\n\n\n<ul class=\"wp-block-list\">\n<li>Dreptul de acces la datele tale personale, po\u021bi solicita copii ale datelor pe care le de\u021binem;<\/li>\n\n\n\n<li>Dreptul la rectificare care \u00ee\u021bi permite s\u0103 ne ceri modificarea datelor tale personale;<\/li>\n\n\n\n<li>Dreptul de a retrage consim\u021b\u0103m\u00e2ntul \u0219i, prin urmare, de a retrage temeiul legal prin care de\u021binem datele tale personale;<\/li>\n\n\n\n<li>Dreptul de a limita utilizarea datelor tale personale, inclusiv dreptul de a te opune prelucr\u0103rii datelor tale personale;<\/li>\n\n\n\n<li>Dreptul la \u0219tergerea complet\u0103 a datelor tale personale, cunoscut \u00een mod obi\u0219nuit ca \u201edreptul la \u0219tergere\u201d;<\/li>\n\n\n\n<li>Dreptul de a te pl\u00e2nge autorit\u0103\u021bii na\u021bionale competente cu privire la modul \u00een care gestion\u0103m datele tale personale.<\/li>\n<\/ul>\n\n\n\n<p>Drepturile de mai sus sunt supuse unor limit\u0103ri \u0219i excep\u021bii specifice, pe care le po\u021bi g\u0103si aici.<\/p>\n\n\n\n<h5 class=\"wp-block-heading\">10. EXERCITAREA DREPTURILOR PERSONALE<\/h5>\n\n\n\n<p>10.1 \u00cen cazul \u00een care dore\u0219ti s\u0103 \u00ee\u021bi exerci\u021bi oricare dintre drepturile din Sec\u021biunea 8, \u00een prim\u0103 instan\u021b\u0103, te rug\u0103m s\u0103 contactezi responsabilul cu protec\u021bia datelor companiei prin e-mail la info@chatwriters.com, care te va putea ajuta. Verificarea identit\u0103\u021bii tale va fi necesar\u0103 pentru a respecta legea aplicabil\u0103 privind datele.<\/p>\n\n\n\n<h5 class=\"wp-block-heading\">11. P\u0102STRAREA DATELOR<\/h5>\n\n\n\n<p>11.1 Orice date colectate vor fi p\u0103strate nu mai mult dec\u00e2t este necesar. Datele care sunt colectate datorit\u0103 cookie-urilor sau a urm\u0103ririi activit\u0103\u021bii sunt p\u0103strate pentru o perioad\u0103 scurt\u0103 de timp, cu excep\u021bia cazului \u00een care sunt utilizate \u00een vederea securit\u0103\u021bii site-ului web sau a \u00eembun\u0103t\u0103\u021birii generale a serviciilor noastre.<\/p>\n\n\n\n<p>11.2 Orice \u00eentreb\u0103ri din partea ta vor fi stocate timp de maximum \u0219ase luni de la \u00eencheierea \u0219irului de discu\u021bii, e-mailul \u0219i datele de contact vor fi \u0219terse dac\u0103 te dezabonezi sau ne \u00een\u0219tiin\u021bezi c\u0103 nu mai dore\u0219ti s\u0103 prime\u0219ti informa\u021bii de la noi.<\/p>\n\n\n\n<p>11.3 \u00cen cazul \u00een care datele cu caracter personal sunt necesare pentru utilizarea \u00een cadrul procedurilor judiciare, ne rezerv\u0103m dreptul de a p\u0103stra aceste informa\u021bii pe perioada procedurilor judiciare.<\/p>\n\n\n\n<h5 class=\"wp-block-heading\">12. GESTIONAREA SIGUR\u0102 A DATELOR PERSONALE<\/h5>\n\n\n\n<p>12.1 EnterTalkPro Ltd are obliga\u021bia general\u0103 de a se asigura c\u0103 gestionarea datelor \u0219i informa\u021biilor tale cu caracter personal se face \u00eentr-o manier\u0103 atent\u0103 pentru a proteja \u00eempotriva accesului, dezv\u0103luirii sau utiliz\u0103rii ilegale sau neautorizate. \u00cen cazul unei scurgeri de date care te poate afecta, te vom anun\u021ba prin intermediul metodei principale de contact pe care le-ai furnizat. EnterTalkPro Ltd nu este responsabil pentru nicio neglijen\u021b\u0103 \u00een protejarea datelor sau informa\u021biilor referitoare la serviciile noastre.<\/p>\n\n\n\n<h5 class=\"wp-block-heading\">13. SITE-URI WEB ALE TER\u021aILOR<\/h5>\n\n\n\n<p>13.1 Leg\u0103turile c\u0103tre site-uri web externe care nu sunt sub controlul nostru pot prezenta un risc pentru securitatea datelor tale personale. Nu ne asum\u0103m \u0219i nu suntem responsabili pentru niciun con\u021binut de pe site-uri web externe. Ar trebui s\u0103 iei \u00een considerare Politica de Confiden\u021bialitate a oric\u0103rui site web extern \u00eenainte de a-l utiliza, \u021bin\u00e2nd cont de securitatea propriei informa\u021bii.<\/p>\n\n\n\n<h5 class=\"wp-block-heading\">14. MODIFIC\u0102RI LA ACEAST\u0102 POLITIC\u0102<\/h5>\n\n\n\n<p>14.1 Din c\u00e2nd \u00een c\u00e2nd, putem actualiza aceast\u0103 politic\u0103 \u0219i dac\u0103 vom face acest lucru, vom publica noua politic\u0103 pe site-ul nostru web, iar data la care a fost implementat\u0103 politica va fi marcat\u0103 clar pe pagina web. \u00cen cazul unor modific\u0103ri semnificative care consider\u0103m c\u0103 te pot afecta, te putem notifica prin e-mail. Utilizarea \u00een continuare a site-ului \u0219i serviciilor noastre implic\u0103 faptul c\u0103 e\u0219ti de acord s\u0103 operezi site-ul nostru \u00een conformitate cu versiunea actual\u0103 a Politicii noastre de Confiden\u021bialitate \u0219i cookie-uri.<\/p>\n","protected":false},"excerpt":{"rendered":"<p>1. INTRODUCERE 1.1 Acest sit web este de\u021binut \u0219i administrat de EnterTalkPro Ltd, 8th Floor, China Hong Kong Tower, 8-12 Hennessy Road, Wan Chai, Hong Kong, num\u0103r de \u00eenregistrare: 3264433. 1.2 Protec\u021bia datelor \u0219i a confiden\u021bialit\u0103\u021bii personale este un angajament \u0219i o obliga\u021bie legal\u0103 din partea noastr\u0103, care \u021bi se datoreaz\u0103 \u0219i pe care o &#8230; <a title=\"Confiden\u021bialitate \u0219i politica de cookie-uri\" class=\"read-more\" href=\"https:\/\/chatwriters.com\/ro\/privacy-policy\/\" aria-label=\"Cite\u0219te mai multe despre Confiden\u021bialitate \u0219i politica de cookie-uri\">Cite\u0219te mai mult<\/a><\/p>\n","protected":false},"author":1,"featured_media":0,"parent":0,"menu_order":0,"comment_status":"closed","ping_status":"open","template":"","meta":{"footnotes":""},"class_list":{"0":"post-1901","1":"page","2":"type-page","3":"status-publish","5":"infinite-scroll-item"},"_links":{"self":[{"href":"https:\/\/chatwriters.com\/ro\/wp-json\/wp\/v2\/pages\/1901","targetHints":{"allow":["GET"]}}],"collection":[{"href":"https:\/\/chatwriters.com\/ro\/wp-json\/wp\/v2\/pages"}],"about":[{"href":"https:\/\/chatwriters.com\/ro\/wp-json\/wp\/v2\/types\/page"}],"author":[{"embeddable":true,"href":"https:\/\/chatwriters.com\/ro\/wp-json\/wp\/v2\/users\/1"}],"replies":[{"embeddable":true,"href":"https:\/\/chatwriters.com\/ro\/wp-json\/wp\/v2\/comments?post=1901"}],"version-history":[{"count":1,"href":"https:\/\/chatwriters.com\/ro\/wp-json\/wp\/v2\/pages\/1901\/revisions"}],"predecessor-version":[{"id":1902,"href":"https:\/\/chatwriters.com\/ro\/wp-json\/wp\/v2\/pages\/1901\/revisions\/1902"}],"wp:attachment":[{"href":"https:\/\/chatwriters.com\/ro\/wp-json\/wp\/v2\/media?parent=1901"}],"curies":[{"name":"wp","href":"https:\/\/api.w.org\/{rel}","templated":true}]}}