{"id":1903,"date":"2025-06-30T12:01:42","date_gmt":"2025-06-30T12:01:42","guid":{"rendered":"https:\/\/dev.chatwriters.com\/?page_id=1903"},"modified":"2025-07-22T14:56:16","modified_gmt":"2025-07-22T14:56:16","slug":"privacy-policy","status":"publish","type":"page","link":"https:\/\/chatwriters.com\/sk\/privacy-policy\/","title":{"rendered":"Z\u00e1sady ochrany osobn\u00fdch \u00fadajov a s\u00faborov cookie"},"content":{"rendered":"\n<h5 class=\"wp-block-heading\">1. \u00daVOD<\/h5>\n\n\n\n<p>1.1 T\u00fato str\u00e1nku vlastn\u00ed a spravuje EnterTalkPro Ltd, 8th Floor, China Hong Kong Tower, 8-12 Hennessy Road, Wan Chai, Hong Kong, Company number: 3264433.<\/p>\n\n\n\n<p>1.2 Ochrana Va\u0161ich d\u00e1t a s\u00fakromia je z\u00e1v\u00e4zkom a z\u00e1konnou povinnos\u0165ou vo\u010di V\u00e1m, ktor\u00fa berieme na pln\u00e9 vedomie Tento dokument s pravidlami sa vz\u0165ahuje na na\u0161e \u201cZ\u00e1sady ochrany osobn\u00fdch \u00fadajov a s\u00faborov cookie\u201d, ke\u010f vystupujeme ako spr\u00e1vca, \u010di spracovate\u013e Va\u0161ich osobn\u00fdch \u00fadajov a inform\u00e1ci\u00ed, ktor\u00e9 ste n\u00e1m poskytli prostredn\u00edctvom na\u0161ich webov\u00fdch str\u00e1nok alebo slu\u017eieb.<\/p>\n\n\n\n<p>1.3 Nar\u00e1banie s va\u0161imi \u00fadajmi sa vykon\u00e1va v s\u00falade s platn\u00fdmi z\u00e1konmi t\u00fdkaj\u00facimi sa va\u0161ej jurisdikcie, na\u0161e z\u00e1sady s\u00fa v s\u00falade so v\u0161eobecn\u00fdm nariaden\u00edm E\u00da o ochrane \u00fadajov (GDPR 2016\/679) (\u010falej len \u201eGDPR\u201c) pre jednotlivcov a organiz\u00e1cie v r\u00e1mci \u010dlensk\u00fdch \u0161t\u00e1tov E\u00da a kraj\u00edn Eur\u00f3pskeho hospod\u00e1rskeho priestoru.<\/p>\n\n\n\n<p>1.4 Osobn\u00e9 \u00fadaje s\u00fa v GDPR definovan\u00e9 ako: \u201eak\u00e9ko\u013evek inform\u00e1cie t\u00fdkaj\u00face sa identifikovanej alebo identifikovate\u013enej fyzickej osoby (\u010falej len \u201edotknut\u00e1 osoba\u201c); identifikovate\u013en\u00e1 fyzick\u00e1 osoba je osoba, ktor\u00fa mo\u017eno priamo alebo nepriamo identifikova\u0165, najm\u00e4 odkazom na identifik\u00e1tor, ako je meno, identifika\u010dn\u00e9 \u010d\u00edslo, lokaliza\u010dn\u00e9 \u00fadaje, online identifik\u00e1tor alebo na jeden alebo viacero faktorov \u0161pecifick\u00fdch pre fyzick\u00fa, fyziologick\u00fa, genetick\u00fa, soci\u00e1lnu, du\u0161evn\u00fa, ment\u00e1lnu, soci\u00e1lnu identitu danej osoby.<\/p>\n\n\n\n<p>1.5 Ak potrebujete k\u00f3piu t\u00fdchto z\u00e1sad v inom form\u00e1te alebo ak chcete vznies\u0165 ak\u00e9ko\u013evek obavy alebo ot\u00e1zky, kontaktujte \u00faradn\u00edka pre ochranu \u00fadajov spolo\u010dnosti e-mailom na adrese info@chatwriters.com, ktor\u00fd v\u00e1m pom\u00f4\u017ee.<\/p>\n\n\n\n<h5 class=\"wp-block-heading\">2. SPRACOVATE\u013d \u00daDAJOV<\/h5>\n\n\n\n<p>2.1 Tieto z\u00e1sady ochrany osobn\u00fdch \u00fadajov a s\u00faborov cookie stanovuj\u00fa sp\u00f4sob, ak\u00fdm bude EnterTalkPro Ltd naklada\u0165 s va\u0161imi \u00fadajmi ako \u201eSpr\u00e1vca \u00fadajov\u201c vr\u00e1tane ak\u00fdchko\u013evek osobn\u00fdch \u00fadajov, ktor\u00e9 sa v\u00e1s t\u00fdkaj\u00fa pri pou\u017e\u00edvan\u00ed na\u0161ich slu\u017eieb. Pou\u017e\u00edvanie na\u0161ich slu\u017eieb zah\u0155\u0148a, ale nie je obmedzen\u00e9 na ak\u00e9ko\u013evek konzult\u00e1cie, n\u00e1kupy, dopyty alebo in\u00e9 \u010dinnosti, ktor\u00e9 si vy\u017eaduj\u00fa zdie\u013eanie inform\u00e1ci\u00ed medzi Vami a nami.<\/p>\n\n\n\n<h5 class=\"wp-block-heading\">3. ZBER D\u00c1T<\/h5>\n\n\n\n<p>3.1 So v\u0161etk\u00fdmi \u00fadajmi, s ktor\u00fdmi ako spracovate\u013e \u00fadajov nar\u00e1bame, sa bude pr\u00edsne zaobch\u00e1dza\u0165 v s\u00falade s t\u00fdmito z\u00e1sadami vr\u00e1tane \u00fadajov, ktor\u00e9 n\u00e1m poskytnete prostredn\u00edctvom https:\/\/chatwriters.com\/. EnterTalkPro Ltd nikdy nepred\u00e1, neposkytne licenciu ani neprenesie va\u0161e osobn\u00e9 \u00fadaje bez toho, aby od v\u00e1s najprv z\u00edskal v\u00fdslovn\u00fd p\u00edsomn\u00fd s\u00fahlas.<\/p>\n\n\n\n<h5 class=\"wp-block-heading\">4. PR\u00c1VNY Z\u00c1KLAD ZBERU OSOBN\u00ddCH \u00daDAJOV<\/h5>\n\n\n\n<p>4.1 Ako spolo\u010dnos\u0165 p\u00f4sobiaca na Hong Kong m\u00f4\u017eeme zhroma\u017e\u010fova\u0165 osobn\u00e9 \u00fadaje iba vtedy a vtedy, ke\u010f na to m\u00e1me pr\u00e1vny z\u00e1klad. Pr\u00edklady zah\u0155\u0148aj\u00fa:<\/p>\n\n\n\n<ul class=\"wp-block-list\">\n<li>M\u00e1me vo\u010di v\u00e1m zmluvn\u00e9 z\u00e1v\u00e4zky, ktor\u00e9 vy\u017eaduj\u00fa pou\u017eitie tak\u00fdchto \u00fadajov;<\/li>\n\n\n\n<li>S\u00fahlas\u00edte s na\u0161\u00edm spracovan\u00edm a nakladan\u00edm s va\u0161imi \u00fadajmi;<\/li>\n\n\n\n<li>\u201eV s\u00falade a v s\u00falade so z\u00e1konmi a nariadeniami o ochrane s\u00fakromia v pr\u00edslu\u0161nej jurisdikcii.<\/li>\n<\/ul>\n\n\n\n<h5 class=\"wp-block-heading\">5. KATEG\u00d3RIE UCHOV\u00c1VAN\u00ddCH OSOBN\u00ddCH \u00daDAJOV<\/h5>\n\n\n\n<p>5.1 Po\u010das na\u0161ej pr\u00e1ce zhroma\u017e\u010fujeme osobn\u00e9 \u00fadaje a inform\u00e1cie pri na\u0161ich interakci\u00e1ch s vami prostredn\u00edctvom v\u00e1\u0161ho pou\u017e\u00edvania na\u0161ej webovej str\u00e1nky a prostredn\u00edctvom inej komunik\u00e1cie. Typick\u00e9 typy inform\u00e1ci\u00ed, ktor\u00e9 od v\u00e1s spracov\u00e1vame, zah\u0155\u0148aj\u00fa, ale nie s\u00fa obmedzen\u00e9 na va\u0161e meno, e-mailov\u00fa adresu, IP adresu, polohu, fyzick\u00fa adresu a inform\u00e1cie, ktor\u00e9 vznikaj\u00fa po\u010das na\u0161ej kore\u0161pondencie. V\u017edy budeme dodr\u017eiava\u0165 platn\u00e9 dom\u00e1ce a medzin\u00e1rodn\u00e9 z\u00e1kony, a preto sa na dosiahnutie tohto cie\u013ea m\u00f4\u017eu pou\u017ei\u0165 aj osobn\u00e9 \u00fadaje.<\/p>\n\n\n\n<h5 class=\"wp-block-heading\">6. \u00da\u010cELY POU\u017d\u00cdVANIA VA\u0160ICH OSOBN\u00ddCH \u00daDAJOV<\/h5>\n\n\n\n<p>6.1 M\u00e1te pr\u00e1vo pozna\u0165 \u00fa\u010dely, na ktor\u00e9 by sme sprac\u00favali va\u0161e \u00fadaje, a aby sme boli jasn\u00e9 a transparentn\u00e9. Na\u0161e legit\u00edmne \u00fa\u010dely s\u00fa:<\/p>\n\n\n\n<ul class=\"wp-block-list\">\n<li>Poskytn\u00fa\u0165 v\u00e1m vhodn\u00fa z\u00e1kazn\u00edcku podporu;<\/li>\n\n\n\n<li>V\u0161eobecn\u00e1 prev\u00e1dzka na\u0161ich slu\u017eieb a webovej str\u00e1nky;<\/li>\n\n\n\n<li>Udr\u017eiava\u0165 na\u0161e vz\u0165ahy s Vami ako z\u00e1kazn\u00edkom a pod\u013ea potreby s vami komunikova\u0165;<\/li>\n\n\n\n<li>Informova\u0165 n\u00e1s o sp\u00f4sobe, ak\u00fdm na\u0161i z\u00e1kazn\u00edci vyu\u017e\u00edvaj\u00fa na\u0161e slu\u017eby;<\/li>\n\n\n\n<li>Udr\u017eiava\u0165 a zlep\u0161ova\u0165 na\u0161e webov\u00e9 slu\u017eby pomocou analytick\u00fdch \u00fadajov;<\/li>\n\n\n\n<li>M\u00f4\u017eeme si ponecha\u0165 a pou\u017ei\u0165 inform\u00e1cie, ktor\u00e9 n\u00e1m poskytnete v pr\u00edpade ak\u00e9hoko\u013evek pr\u00e1vneho n\u00e1roku;<\/li>\n\n\n\n<li>Aby sme informovali o akomko\u013evek bud\u00facom marketingu, kontaktujeme na\u0161ich z\u00e1kazn\u00edkov, aby sme zabezpe\u010dili, \u017ee z\u00e1kazn\u00edkom bud\u00fa zasielan\u00e9 iba relevantn\u00e9 inform\u00e1cie;<\/li>\n\n\n\n<li>Bojova\u0165 proti podvodom alebo nez\u00e1konnej \u010dinnosti smeruj\u00facej na na\u0161u webov\u00fa str\u00e1nku.<\/li>\n<\/ul>\n\n\n\n<h5 class=\"wp-block-heading\">7. ZBER OSOBN\u00ddCH D\u00c1T<\/h5>\n\n\n\n<p>7.1 Na\u0161a webov\u00e1 str\u00e1nka pou\u017e\u00edva na na\u0161ej webovej lokalite s\u00fabory cookie, zna\u010dky a in\u00e9 podobn\u00e9 technol\u00f3gie, vr\u00e1tane poskytovate\u013eov d\u00e1tov\u00fdch slu\u017eieb tret\u00edch str\u00e1n. V \u017eiadnom pr\u00edpade nenesieme zodpovednos\u0165 za konanie poskytovate\u013eov tret\u00edch str\u00e1n. Pou\u017e\u00edvaj\u00fa sa na to, aby sme V\u00e1m u\u013eah\u010dili pou\u017e\u00edvanie na\u0161ej webovej str\u00e1nky a poskytli n\u00e1m inform\u00e1cie o tom, kto pou\u017e\u00edva na\u0161u webov\u00fa str\u00e1nku. S\u00fabory cookie m\u00f4\u017eete zak\u00e1za\u0165 pomocou nastaven\u00ed prehliada\u010da alebo odmietnut\u00edm prij\u00edmania s\u00faborov cookie pri prvej n\u00e1v\u0161teve na\u0161ej webovej str\u00e1nky. S\u00fabory cookie budeme pou\u017e\u00edva\u0165 iba vtedy, ke\u010f je to potrebn\u00e9 a ak existuje opr\u00e1vnen\u00fd z\u00e1ujem na sprac\u00favanie va\u0161ich \u00fadajov. V\u0161etci na\u0161i zamestnanci s\u00fa v\u00fdslovne pou\u010den\u00ed len o zhroma\u017e\u010fovan\u00ed a spracov\u00e1van\u00ed \u00fadajov, ktor\u00e9 s\u00fa relevantn\u00e9 pri ich zamestnan\u00ed a pri obsluhe z\u00e1kazn\u00edkov.<\/p>\n\n\n\n<h5 class=\"wp-block-heading\">8. ZDIE\u013dANIE \u00daDAJOV S IN\u00ddMI STRANAMI<\/h5>\n\n\n\n<p>8.1 EnterTalkPro Ltd m\u00f4\u017ee z \u010dasu na \u010das spolupracova\u0165 s poskytovate\u013emi d\u00e1tov\u00fdch slu\u017eieb tret\u00edch str\u00e1n, s ktor\u00fdmi budeme zdie\u013ea\u0165 \u00fadaje, aby sme mohli vykon\u00e1va\u0165 konkr\u00e9tnu funkciu.<\/p>\n\n\n\n<p>8.2 Ak\u00fdko\u013evek vz\u0165ah zdie\u013eania \u00fadajov medzi nami a poskytovate\u013eom tretej strany bude podlieha\u0165 dohode o zdie\u013ean\u00ed \u00fadajov s pr\u00edslu\u0161n\u00fdmi z\u00e1rukami zahrnut\u00fdmi v na\u0161om zmluvnom vz\u0165ahu s nimi..<\/p>\n\n\n\n<p>8.3 Ak\u00e9ko\u013evek \u00fadaje zdie\u013ean\u00e9 s poskytovate\u013eom tretej strany s\u00fa na konkr\u00e9tny \u00fa\u010del a \u017eiadny poskytovate\u013e tretej strany nem\u00e1 samostatn\u00e9 nez\u00e1visl\u00e9 pr\u00e1vo vyu\u017e\u00edva\u0165 tak\u00e9to \u00fadaje in\u00fdm sp\u00f4sobom.<\/p>\n\n\n\n<p>8.4 Pou\u017e\u00edvan\u00edm na\u0161ej webovej str\u00e1nky beriete na vedomie, \u017ee inform\u00e1cie, ktor\u00e9 poskytujete, m\u00f4\u017eu by\u0165 prostredn\u00edctvom \u0161kodliv\u00fdch \u010dinov dostupn\u00e9 in\u00fdm pou\u017e\u00edvate\u013eom internetu. S\u00fahlas\u00edme s t\u00fdm, \u017ee vynalo\u017e\u00edme maxim\u00e1lne \u00fasilie prostredn\u00edctvom vhodn\u00e9ho softv\u00e9ru a postupov, aby sme zabr\u00e1nili ak\u00e9muko\u013evek naru\u0161eniu \u00fadajov.<\/p>\n\n\n\n<p>8.5 Ak\u00e9ko\u013evek finan\u010dn\u00e9 transakcie pou\u017e\u00edvan\u00e9 prostredn\u00edctvom na\u0161ej webovej str\u00e1nky alebo slu\u017eieb zah\u0155\u0148aj\u00fa zdie\u013eanie \u00fadajov s na\u0161\u00edm finan\u010dn\u00fdm poskytovate\u013eom. Tieto inform\u00e1cie budeme zdie\u013ea\u0165 iba v po\u017eadovanom rozsahu, ktor\u00fd zvy\u010dajne zah\u0155\u0148a spracovanie platieb, vr\u00e1tenie pe\u0148az\u00ed a zodpovedanie ak\u00fdchko\u013evek ot\u00e1zok t\u00fdkaj\u00facich sa platby.<\/p>\n\n\n\n<p>8.6 Osobn\u00e9 \u00fadaje budeme zdie\u013ea\u0165 alebo pren\u00e1\u0161a\u0165 len tak, ako je op\u00edsan\u00e9 a za podmienok uveden\u00fdch v tejto \u010dasti.<\/p>\n\n\n\n<h5 class=\"wp-block-heading\">9. PR\u00c1VA NA S\u00daKROMIE<\/h5>\n\n\n\n<p>9.1 Pod\u013ea GDPR m\u00e1te \u0161pecifick\u00e9 pr\u00e1va t\u00fdkaj\u00face sa va\u0161ich \u00fadajov. Ni\u010d v t\u00fdchto z\u00e1sad\u00e1ch neporu\u0161uje tieto pr\u00e1va, pr\u00e1va poskytovan\u00e9 v \u010dl\u00e1nku 13 ods. 2 GDPR s\u00fa pre v\u00e1s ako dotknut\u00fa osobu nasledovn\u00e9. Patria sem nasleduj\u00face pr\u00e1va:<\/p>\n\n\n\n<ul class=\"wp-block-list\">\n<li>Pr\u00e1vo na pr\u00edstup k Va\u0161im \u00fadajom, m\u00f4\u017eete po\u017eiada\u0165 o k\u00f3pie \u00fadajov, ktor\u00e9 uchov\u00e1vame;<\/li>\n\n\n\n<li>Pr\u00e1vo na opravu, ktor\u00e9 V\u00e1m umo\u017e\u0148uje po\u017eiada\u0165 n\u00e1s o \u00fapravu va\u0161ich \u00fadajov;<\/li>\n\n\n\n<li>Pr\u00e1vo odvola\u0165 s\u00fahlas a t\u00fdm odvola\u0165 pr\u00e1vny z\u00e1klad, na z\u00e1klade ktor\u00e9ho uchov\u00e1vame Va\u0161e \u00fadaje;<\/li>\n\n\n\n<li>Pr\u00e1vo na obmedzenie pou\u017e\u00edvania Va\u0161ich \u00fadajov vr\u00e1tane pr\u00e1va namieta\u0165 proti spracovaniu Va\u0161ich \u00fadajov;<\/li>\n\n\n\n<li>Pr\u00e1vo na \u00fapln\u00e9 vymazanie va\u0161ich \u00fadajov, be\u017ene zn\u00e1me ako \u201epr\u00e1vo na vymazanie\u201c\u2019;<\/li>\n\n\n\n<li>Pr\u00e1vo s\u0165a\u017eova\u0165 sa pr\u00edslu\u0161n\u00e9mu vn\u00fatro\u0161t\u00e1tnemu org\u00e1nu na to, ako naklad\u00e1me s Va\u0161imi \u00fadajmi.<\/li>\n<\/ul>\n\n\n\n<p>Vy\u0161\u0161ie uveden\u00e9 pr\u00e1va podliehaj\u00fa \u0161pecifick\u00fdm obmedzeniam a v\u00fdnimk\u00e1m, ktor\u00e9 n\u00e1jdete tu.<\/p>\n\n\n\n<h5 class=\"wp-block-heading\">10. UPLAT\u0147OVANIE VA\u0160ICH PR\u00c1V<\/h5>\n\n\n\n<p>10.1 Ak si \u017eel\u00e1te uplatni\u0165 niektor\u00e9 z pr\u00e1v v \u010dasti 8, v prvom rade sa obr\u00e1\u0165te na \u00faradn\u00edka pre ochranu \u00fadajov spolo\u010dnosti e-mailom na adrese kontakt@chatwriters.com, ktor\u00fd v\u00e1m pom\u00f4\u017ee. Overenie Va\u0161ej toto\u017enosti sa bude vy\u017eadova\u0165 v s\u00falade s platn\u00fdm z\u00e1konom o \u00fadajoch.<\/p>\n\n\n\n<h5 class=\"wp-block-heading\">11. UCHOV\u00c1VANIE \u00daDAJOV<\/h5>\n\n\n\n<p>11.1 V\u0161etky zhroma\u017eden\u00e9 \u00fadaje nebud\u00fa uchov\u00e1van\u00e9 dlh\u0161ie, ako je potrebn\u00e9. \u00dadaje, ktor\u00e9 sa zhroma\u017e\u010fuj\u00fa v\u010faka s\u00faborom cookie alebo sledovaniu, sa uchov\u00e1vaj\u00fa kr\u00e1tky \u010das, pokia\u013e sa nepou\u017e\u00edvaj\u00fa s oh\u013eadom na bezpe\u010dnos\u0165 webov\u00fdch str\u00e1nok alebo v\u0161eobecn\u00e9 zlep\u0161enie na\u0161ich slu\u017eieb.<\/p>\n\n\n\n<p>11.2 Ak\u00e9ko\u013evek Va\u0161e ot\u00e1zky bud\u00fa ulo\u017een\u00e9 maxim\u00e1lne \u0161es\u0165 mesiacov po ukon\u010den\u00ed dopytu, e-mailov\u00e9 a kontaktn\u00e9 \u00fadaje bud\u00fa vymazan\u00e9, ak sa odhl\u00e1site alebo n\u00e1m ozn\u00e1mite, \u017ee u\u017e od n\u00e1s nechcete dost\u00e1va\u0165 inform\u00e1cie..<\/p>\n\n\n\n<p>11.3 Ak s\u00fa osobn\u00e9 \u00fadaje potrebn\u00e9 na pou\u017eitie v s\u00fadnom konan\u00ed, vyhradzujeme si pr\u00e1vo ponecha\u0165 si tieto inform\u00e1cie po dobu s\u00fadneho konania.<\/p>\n\n\n\n<h5 class=\"wp-block-heading\">12. BEZPE\u010cN\u00c1 MANIPUL\u00c1CIA S VA\u0160IMI \u00daDAJMI<\/h5>\n\n\n\n<p>12.1 EnterTalkPro Ltd m\u00e1 v\u0161eobecn\u00fa povinnos\u0165 zabezpe\u010di\u0165, aby sa s Va\u0161imi \u00fadajmi a osobn\u00fdmi \u00fadajmi nakladalo obozretn\u00fdm sp\u00f4sobom s cie\u013eom chr\u00e1ni\u0165 ich pred nez\u00e1konn\u00fdm alebo neopr\u00e1vnen\u00fdm pr\u00edstupom, zverejnen\u00edm alebo pou\u017eit\u00edm. V pr\u00edpade poru\u0161enia ochrany \u00fadajov, ktor\u00e9 by sa v\u00e1s mohlo t\u00fdka\u0165, v\u00e1s budeme informova\u0165 prostredn\u00edctvom hlavn\u00fdch kontaktn\u00fdch inform\u00e1ci\u00ed, ktor\u00e9 ste n\u00e1m poskytli. EnterTalkPro Ltd nezodpoved\u00e1 za \u017eiadnu nedbanlivos\u0165 pri ochrane Va\u0161ich vlastn\u00fdch \u00fadajov alebo inform\u00e1ci\u00ed t\u00fdkaj\u00facich sa na\u0161ich slu\u017eieb.<\/p>\n\n\n\n<h5 class=\"wp-block-heading\">13. WEBOV\u00c9 STR\u00c1NKY TRET\u00cdCH STR\u00c1N<\/h5>\n\n\n\n<p>13.1 Odkazy na extern\u00e9 webov\u00e9 str\u00e1nky, ktor\u00e9 nie s\u00fa pod na\u0161ou kontrolou, m\u00f4\u017eu predstavova\u0165 riziko pre bezpe\u010dnos\u0165 va\u0161ich \u00fadajov. Nepredpoklad\u00e1me a nezodpoved\u00e1me za \u017eiadny obsah na extern\u00fdch webov\u00fdch str\u00e1nkach. Pred pou\u017eit\u00edm akejko\u013evek externej webovej str\u00e1nky by ste mali zv\u00e1\u017ei\u0165 z\u00e1sady ochrany osobn\u00fdch \u00fadajov s n\u00e1le\u017eit\u00fdm oh\u013eadom na Va\u0161u vlastn\u00fa bezpe\u010dnos\u0165 inform\u00e1ci\u00ed.<\/p>\n\n\n\n<h5 class=\"wp-block-heading\">14. DOPLNKY K T\u00ddMTO Z\u00c1SAD\u00c1M<\/h5>\n\n\n\n<p>14.1 Z \u010dasu na \u010das m\u00f4\u017eeme tieto z\u00e1sady aktualizova\u0165, ak tak urob\u00edme, zverejn\u00edme nov\u00e9 z\u00e1sady na na\u0161ej webovej str\u00e1nke a d\u00e1tum implement\u00e1cie z\u00e1sad bude jasne vyzna\u010den\u00fd na webovej str\u00e1nke. V pr\u00edpade v\u00fdznamn\u00fdch zmien, o ktor\u00fdch sa domnievame, \u017ee by V\u00e1s mohli ovplyvni\u0165, v\u00e1s m\u00f4\u017eeme informova\u0165 e-mailom. Va\u0161e \u010fal\u0161ie pou\u017e\u00edvanie na\u0161ej webovej str\u00e1nky a slu\u017eieb znamen\u00e1, \u017ee s\u00fahlas\u00edte s prev\u00e1dzkovan\u00edm na\u0161ej webovej str\u00e1nky pod\u013ea aktu\u00e1lnej verzie na\u0161ich z\u00e1sad ochrany osobn\u00fdch \u00fadajov a s\u00faborov cookie.<\/p>\n","protected":false},"excerpt":{"rendered":"<p>1. \u00daVOD 1.1 T\u00fato str\u00e1nku vlastn\u00ed a spravuje EnterTalkPro Ltd, 8th Floor, China Hong Kong Tower, 8-12 Hennessy Road, Wan Chai, Hong Kong, Company number: 3264433. 1.2 Ochrana Va\u0161ich d\u00e1t a s\u00fakromia je z\u00e1v\u00e4zkom a z\u00e1konnou povinnos\u0165ou vo\u010di V\u00e1m, ktor\u00fa berieme na pln\u00e9 vedomie Tento dokument s pravidlami sa vz\u0165ahuje na na\u0161e \u201cZ\u00e1sady ochrany osobn\u00fdch &#8230; <a title=\"Z\u00e1sady ochrany osobn\u00fdch \u00fadajov a s\u00faborov cookie\" class=\"read-more\" href=\"https:\/\/chatwriters.com\/sk\/privacy-policy\/\" aria-label=\"Pre\u010d\u00edtajte si viac o Z\u00e1sady ochrany osobn\u00fdch \u00fadajov a s\u00faborov cookie\">Pre\u010d\u00edtajte si viac<\/a><\/p>\n","protected":false},"author":1,"featured_media":0,"parent":0,"menu_order":0,"comment_status":"closed","ping_status":"open","template":"","meta":{"footnotes":""},"class_list":{"0":"post-1903","1":"page","2":"type-page","3":"status-publish","5":"infinite-scroll-item"},"_links":{"self":[{"href":"https:\/\/chatwriters.com\/sk\/wp-json\/wp\/v2\/pages\/1903","targetHints":{"allow":["GET"]}}],"collection":[{"href":"https:\/\/chatwriters.com\/sk\/wp-json\/wp\/v2\/pages"}],"about":[{"href":"https:\/\/chatwriters.com\/sk\/wp-json\/wp\/v2\/types\/page"}],"author":[{"embeddable":true,"href":"https:\/\/chatwriters.com\/sk\/wp-json\/wp\/v2\/users\/1"}],"replies":[{"embeddable":true,"href":"https:\/\/chatwriters.com\/sk\/wp-json\/wp\/v2\/comments?post=1903"}],"version-history":[{"count":1,"href":"https:\/\/chatwriters.com\/sk\/wp-json\/wp\/v2\/pages\/1903\/revisions"}],"predecessor-version":[{"id":1904,"href":"https:\/\/chatwriters.com\/sk\/wp-json\/wp\/v2\/pages\/1903\/revisions\/1904"}],"wp:attachment":[{"href":"https:\/\/chatwriters.com\/sk\/wp-json\/wp\/v2\/media?parent=1903"}],"curies":[{"name":"wp","href":"https:\/\/api.w.org\/{rel}","templated":true}]}}