{"id":1907,"date":"2025-06-30T12:01:42","date_gmt":"2025-06-30T12:01:42","guid":{"rendered":"https:\/\/dev.chatwriters.com\/?page_id=1907"},"modified":"2025-07-22T15:09:17","modified_gmt":"2025-07-22T15:09:17","slug":"privacy-policy","status":"publish","type":"page","link":"https:\/\/chatwriters.com\/sv\/privacy-policy\/","title":{"rendered":"Integritets och cookiepolicy"},"content":{"rendered":"\n<h5 class=\"wp-block-heading\">1. INTRODUKTION<\/h5>\n\n\n\n<p>1.1 Denna webbplats \u00e4gs och administreras av EnterTalkPro Ltd, 8th Floor, China Hong Kong Tower, 8-12 Hennessy Road, Wan Chai, Hong Kong, Company number: 3264433.<\/p>\n\n\n\n<p>1.2 Skydd av din data och integritet \u00e4r ett \u00e5tagande och en juridisk skyldighet f\u00f6r oss gentemot dig och som vi tar seri\u00f6st. Denna policy &#8217;Integritets- och cookiepolicy&#8217; g\u00e4ller n\u00e4r vi agerar som personuppgiftsansvariga eller databehandlare av din information som tillhandah\u00e5lls oss genom anv\u00e4ndning av v\u00e5r webbplats eller tj\u00e4nster.<\/p>\n\n\n\n<p>1.3 Hanteringen av dina uppgifter sker i enlighet med till\u00e4mpliga lagar som h\u00e4nf\u00f6r sig till din jurisdiktion, v\u00e5ra policyer f\u00f6ljer EU:s allm\u00e4nna dataskyddsf\u00f6rordning (GDPR 2016\/679) (nedan kallad &#8217;GDPR&#8217;) f\u00f6r individer och organisationer inom EU:s medlemsl\u00e4nder och de inom Europeiska ekonomiska samarbetsomr\u00e5det.<\/p>\n\n\n\n<p>1.4 Personuppgifter definieras av GDPR som: &#8221;Personuppgifter \u00e4r all information som r\u00f6r en identifierad eller identifierbar levande enskild person; en identifierbar person \u00e4r en person som kan identifieras, direkt eller indirekt, s\u00e4rskilt med h\u00e4nvisning till en identifierare som ett namn, ett identifikationsnummer, en lokaliseringsuppgift, online identifierare eller en eller flera faktorer som \u00e4r specifika f\u00f6r personens fysiska, fysiologiska, genetiska, psykiska, ekonomiska, kulturella eller sociala identitet.&#8221;.<\/p>\n\n\n\n<p>1.5 F\u00f6r en kopia av denna policy i ett annat format eller f\u00f6r att ta upp n\u00e5gra problem eller fr\u00e5gor, kontakta f\u00f6retagets dataskyddsombud via e-post p\u00e5 info@chatwriters.com s\u00e5 kan de hj\u00e4lpa dig.<\/p>\n\n\n\n<h5 class=\"wp-block-heading\">2. DATABEHANDLARE<\/h5>\n\n\n\n<p>2.1 Denna integritets- och cookiepolicy anger det s\u00e4tt p\u00e5 vilket EnterTalkPro Ltd kommer att hantera dina uppgifter som &#8217;personuppgiftsansvarig&#8217; inklusive all personlig information som relaterar till dig fr\u00e5n anv\u00e4ndningen av v\u00e5ra tj\u00e4nster. Anv\u00e4ndning av v\u00e5ra tj\u00e4nster inkluderar men \u00e4r inte begr\u00e4nsad till konsultation, k\u00f6p, f\u00f6rfr\u00e5gningar eller andra aktiviteter som kr\u00e4ver att information delas mellan dig och oss.<\/p>\n\n\n\n<h5 class=\"wp-block-heading\">3. DATAINSAMLING<\/h5>\n\n\n\n<p>3.1 All data som hanteras av oss som databehandlare kommer att behandlas strikt i enlighet med denna policy inklusive all data som tillhandah\u00e5lls fr\u00e5n dig till oss via https:\/\/chatwriters.com\/. EnterTalkPro Ltd kommer aldrig att s\u00e4lja, ge licens till eller \u00f6verf\u00f6ra dina personuppgifter utan att f\u00f6rst ha erh\u00e5llit uttryckligt skriftligt medgivande fr\u00e5n dig.<\/p>\n\n\n\n<h5 class=\"wp-block-heading\">4. R\u00c4TTSLIG GRUND F\u00d6R INSAMLING AV PERSONUPPGIFTER<\/h5>\n\n\n\n<p>4.1 Som ett f\u00f6retag som \u00e4r verksamt p\u00e5 Hong Kong f\u00e5r vi endast samla in personuppgifter d\u00e4r, och n\u00e4r vi har en lagstadgad grund f\u00f6r att g\u00f6ra det. Exempel p\u00e5 detta inkluderar:<\/p>\n\n\n\n<ul class=\"wp-block-list\">\n<li>Vi har avtalsenliga skyldigheter gentemot dig som kr\u00e4ver anv\u00e4ndning av s\u00e5dan data;<\/li>\n\n\n\n<li>Du samtycker till v\u00e5r behandling och hantering av dina uppgifter;<\/li>\n\n\n\n<li>I enlighet med lagar och regler f\u00f6r dataskydd i till\u00e4mplig jurisdiktion.<\/li>\n<\/ul>\n\n\n\n<h5 class=\"wp-block-heading\">5. KATEGORIER AV PERSONUPPGIFTER SOM LAGRAS<\/h5>\n\n\n\n<p>5.1 Under v\u00e5rt arbete samlar vi in \u200b\u200bpersonuppgifter och information n\u00e4r vi interagerar med dig n\u00e4r du anv\u00e4nder v\u00e5r webbplats och annan kommunikation. Typisk information vi behandlar fr\u00e5n dig inkluderar ditt namn, e-postadress, IP-adress, plats, fysisk adress och information som genereras under v\u00e5r korrespondens. Vi f\u00f6ljer alltid till\u00e4mpliga nationella och internationella lagar och d\u00e4rf\u00f6r kan personuppgifter anv\u00e4ndas f\u00f6r att uppn\u00e5 detta.<\/p>\n\n\n\n<h5 class=\"wp-block-heading\">6. \u00c4NDAM\u00c5L F\u00d6R NYTTJANDE AV DIN PERSONLIGA INFORMATION<\/h5>\n\n\n\n<p>6.1 Du har r\u00e4tt att k\u00e4nna till i vilka syften vi skulle behandla dina data och att vi \u00e4r tydliga och transparenta. V\u00e5ra ber\u00e4ttigade syften \u00e4r:<\/p>\n\n\n\n<ul class=\"wp-block-list\">\n<li>F\u00f6r att ge dig l\u00e4mplig kundsupport;<\/li>\n\n\n\n<li>Allm\u00e4n drift av v\u00e5ra tj\u00e4nster och webbplats;<\/li>\n\n\n\n<li>F\u00f6r att uppr\u00e4tth\u00e5lla v\u00e5ra relationer med dig som kund och f\u00f6r att kommunicera med dig p\u00e5 l\u00e4mpligt s\u00e4tt;<\/li>\n\n\n\n<li>Att informera oss om hur v\u00e5ra tj\u00e4nster anv\u00e4nds av v\u00e5ra kunder;<\/li>\n\n\n\n<li>Att underh\u00e5lla och f\u00f6rb\u00e4ttra v\u00e5ra webbtj\u00e4nster genom att anv\u00e4nda analytisk data;<\/li>\n\n\n\n<li>Vi kan komma att beh\u00e5lla och anv\u00e4nda information som du har tillhandah\u00e5llit oss i h\u00e4ndelse av juridiska anspr\u00e5k;<\/li>\n\n\n\n<li>Meddela v\u00e5ra kundkontakter om potentiell framtida marknadsf\u00f6ring f\u00f6r att s\u00e4kerst\u00e4lla att endast relevant information skickas till kunderna;<\/li>\n\n\n\n<li>F\u00f6r att motverka att bedr\u00e4geri eller olaglig aktivitet riktas mot v\u00e5r webbplats.<\/li>\n<\/ul>\n\n\n\n<h5 class=\"wp-block-heading\">7. INSAMLADE PERSONUPPGIFTER<\/h5>\n\n\n\n<p>7.1 V\u00e5r webbplats anv\u00e4nder cookies, taggar och andra liknande typer av teknik, detta inkluderar tredjepartsleverant\u00f6rer av datatj\u00e4nster. Vi \u00e4r inte p\u00e5 n\u00e5got s\u00e4tt ansvariga f\u00f6r handlingar fr\u00e5n tredjepartsleverant\u00f6rer. De anv\u00e4nds f\u00f6r att underl\u00e4tta anv\u00e4ndningen av v\u00e5r webbplats och f\u00f6r att tillhandah\u00e5lla information om v\u00e5ra webbplatsanv\u00e4ndare. Du kan inaktivera cookies genom att \u00e4ndra dina webbl\u00e4sarinst\u00e4llningar eller genom att inaktivera cookies n\u00e4r du bes\u00f6ker v\u00e5r webbplats f\u00f6rsta g\u00e5ngen. Vi anv\u00e4nder cookies endast om det \u00e4r n\u00f6dv\u00e4ndigt och det finns ett ber\u00e4ttigat intresse av att behandla dina uppgifter. All v\u00e5r personal har f\u00e5tt specifika instruktioner att endast samla in och behandla information relaterad till deras arbete och kundservice.<\/p>\n\n\n\n<h5 class=\"wp-block-heading\">8. DATADELNING MED ANDRA PARTER<\/h5>\n\n\n\n<p>8.1 Ibland kan EnterTalkPro Ltd komma att arbeta med tredjepartsleverant\u00f6rer av datatj\u00e4nster som vi kommer att dela data med f\u00f6r att utf\u00f6ra en specifik funktion.<\/p>\n\n\n\n<p>8.2 Varje datadelningsf\u00f6rh\u00e5llande mellan oss och en tredjepartsleverant\u00f6r kommer att omfattas av ett datadelningsavtal med l\u00e4mpliga skydds\u00e5tg\u00e4rder som ing\u00e5r i v\u00e5rt samarbetsavtal med dem.<\/p>\n\n\n\n<p>8.3 All data som delas med en tredjepartsleverant\u00f6r \u00e4r f\u00f6r ett specifikt \u00e4ndam\u00e5l och ingen tredjepartsleverant\u00f6r har en separat oberoende r\u00e4tt att anv\u00e4nda s\u00e5dan data p\u00e5 n\u00e5got annat s\u00e4tt.<\/p>\n\n\n\n<p>8.4 Genom att anv\u00e4nda v\u00e5r webbplats bekr\u00e4ftar du att informationen du f\u00f6rser oss med genom skadliga handlingar kan tillg\u00e4ngligg\u00f6ras f\u00f6r andra internetanv\u00e4ndare. Vi \u00e5tar oss att g\u00f6ra v\u00e5rt yttersta f\u00f6r att genom l\u00e4mplig programvara och procedurer f\u00f6rhindra dataintr\u00e5ng.<\/p>\n\n\n\n<p>8.5 Alla finansiella transaktioner som anv\u00e4nds via v\u00e5r webbplats eller tj\u00e4nster inneb\u00e4r delning av data med v\u00e5r finansiella leverant\u00f6r. Vi kommer endast att dela denna information i den utstr\u00e4ckning som kr\u00e4vs, vanligtvis som inkluderar betalningshantering, \u00e5terbetalningar och svar p\u00e5 alla fr\u00e5gor som r\u00f6r en betalning.<\/p>\n\n\n\n<p>8.6 Vi kommer endast att dela eller \u00f6verf\u00f6ra personlig information enligt beskrivningen och under de villkor som anges i detta avsnitt.<\/p>\n\n\n\n<h5 class=\"wp-block-heading\">9. INTEGRITETSR\u00c4TTIGHETER<\/h5>\n\n\n\n<p>9.1 Enligt GDPR har du specifika r\u00e4ttigheter avseende dina uppgifter. Ingenting i denna policy g\u00f6r intr\u00e5ng i dessa r\u00e4ttigheter, r\u00e4ttigheterna enligt artikel 13(2) i GDPR \u00e4r f\u00f6ljande f\u00f6r dig som registrerad. Dessa inkluderar f\u00f6ljande r\u00e4ttigheter:<\/p>\n\n\n\n<ul class=\"wp-block-list\">\n<li>R\u00e4tten att f\u00e5 tillg\u00e5ng till dina uppgifter, du kan beg\u00e4ra kopior av data vi har;<\/li>\n\n\n\n<li>R\u00e4tten till r\u00e4ttelse som till\u00e5ter dig att be oss att \u00e4ndra dina uppgifter;<\/li>\n\n\n\n<li>R\u00e4tten att \u00e5terkalla samtycke och d\u00e4rigenom \u00e5terkalla den r\u00e4ttsliga grund f\u00f6r vilken vi lagrar dina uppgifter;<\/li>\n\n\n\n<li>R\u00e4tten att begr\u00e4nsa anv\u00e4ndningen av dina uppgifter inklusive r\u00e4tten att inv\u00e4nda mot behandlingen av dina uppgifter;<\/li>\n\n\n\n<li>R\u00e4tten till fullst\u00e4ndig radering av dina uppgifter, allm\u00e4nt k\u00e4nd som &#8217;r\u00e4tten till radering&#8217;;<\/li>\n\n\n\n<li>R\u00e4tten att klaga till din beh\u00f6riga nationella myndighet om hur vi hanterar dina uppgifter.<\/li>\n<\/ul>\n\n\n\n<p>Ovanst\u00e5ende r\u00e4ttigheter \u00e4r f\u00f6rem\u00e5l f\u00f6r specifika begr\u00e4nsningar och undantag, du kan hitta dessa h\u00e4r.<\/p>\n\n\n\n<h5 class=\"wp-block-heading\">10. UT\u00d6VA DINA R\u00c4TTIGHETER<\/h5>\n\n\n\n<p>10.1 Om du vill ut\u00f6va n\u00e5gon av r\u00e4ttigheterna i avsnitt 8, kontakta i f\u00f6rsta hand f\u00f6retagets dataskyddsombud via e-post p\u00e5 info@chatwriters.com som kommer att kunna hj\u00e4lpa till. Verifiering av din identitet kommer att kr\u00e4vas f\u00f6r att f\u00f6lja till\u00e4mplig datalag.<\/p>\n\n\n\n<h5 class=\"wp-block-heading\">11. DATALAGRING<\/h5>\n\n\n\n<p>11.1 Den data som samlas in kommer inte att sparas l\u00e4ngre \u00e4n n\u00f6dv\u00e4ndigt. Data som samlas in p\u00e5 grund av cookies eller sp\u00e5rning bevaras under en kort tidsperiod, s\u00e5vida den inte anv\u00e4nds med h\u00e4nsyn till webbplatsens s\u00e4kerhet eller allm\u00e4n f\u00f6rb\u00e4ttring av v\u00e5ra tj\u00e4nster.<\/p>\n\n\n\n<p>11.2 Eventuella f\u00f6rfr\u00e5gningar fr\u00e5n dig kommer att lagras i h\u00f6gst sex m\u00e5nader efter att f\u00f6rfr\u00e5gan avslutats, e-post och kontaktuppgifter kommer att raderas om du avbryter prenumerationen eller meddelar oss att du inte l\u00e4ngre vill bli kontaktad av oss.<\/p>\n\n\n\n<p>11.3 Om personuppgifter erfodras f\u00f6r anv\u00e4ndning i juridiska processer, f\u00f6rbeh\u00e5ller vi oss r\u00e4tten att beh\u00e5lla denna information under den tid som en juridisk process p\u00e5g\u00e5r.<\/p>\n\n\n\n<h5 class=\"wp-block-heading\">12. S\u00c4KER HANTERING AV DINA PERSONUPPGIFTER<\/h5>\n\n\n\n<p>12.1 EnterTalkPro Ltd har en allm\u00e4n skyldighet att s\u00e4kerst\u00e4lla att hanteringen av dina data och personlig information sker p\u00e5 ett aktsamt s\u00e4tt f\u00f6r att skydda mot olaglig eller obeh\u00f6rig \u00e5tkomst, avsl\u00f6jande eller anv\u00e4ndning. I h\u00e4ndelse av ett dataintr\u00e5ng som kan p\u00e5verka dig kommer vi att meddela dig via den huvudsakliga kontaktinformationen du har angett. EnterTalkPro Ltd ansvarar inte f\u00f6r n\u00e5gon f\u00f6rsumlighet n\u00e4r det g\u00e4ller att skydda din egen data eller information om v\u00e5ra tj\u00e4nster.<\/p>\n\n\n\n<h5 class=\"wp-block-heading\">13. TREDJEPARTS WEBBPLATSER<\/h5>\n\n\n\n<p>13.1 L\u00e4nkar till externa webbplatser som \u00e4r utom v\u00e5r kontroll kan utg\u00f6ra en risk f\u00f6r din datas\u00e4kerhet. Vi utg\u00e5r inte fr\u00e5n och \u00e4r inte ansvariga f\u00f6r n\u00e5got inneh\u00e5ll p\u00e5 externa webbplatser. Du b\u00f6r \u00f6verv\u00e4ga integritetspolicyn f\u00f6r alla externa webbplatser innan du anv\u00e4nder den med vederb\u00f6rlig h\u00e4nsyn till din egen informationss\u00e4kerhet.<\/p>\n\n\n\n<h5 class=\"wp-block-heading\">14. TILL\u00c4GG TILL DENNA POLICY<\/h5>\n\n\n\n<p>14.1 D\u00e5 och d\u00e5 kan vi uppdatera denna policy, om vi g\u00f6r det kommer vi att publicera den nya policyn p\u00e5 v\u00e5r webbplats och datumet d\u00e5 policyn implementerats kommer att markeras tydligt p\u00e5 webbsidan. I h\u00e4ndelse av betydande f\u00f6r\u00e4ndringar som vi anser kan p\u00e5verka dig kan vi meddela dig via e-post. Din fortsatta anv\u00e4ndning av v\u00e5r webbplats och tj\u00e4nster inneb\u00e4r att du samtycker till att driva v\u00e5r webbplats enligt den aktuella versionen av v\u00e5r integritets och cookiepolicy.<\/p>\n","protected":false},"excerpt":{"rendered":"<p>1. INTRODUKTION 1.1 Denna webbplats \u00e4gs och administreras av EnterTalkPro Ltd, 8th Floor, China Hong Kong Tower, 8-12 Hennessy Road, Wan Chai, Hong Kong, Company number: 3264433. 1.2 Skydd av din data och integritet \u00e4r ett \u00e5tagande och en juridisk skyldighet f\u00f6r oss gentemot dig och som vi tar seri\u00f6st. Denna policy &#8217;Integritets- och cookiepolicy&#8217; &#8230; <a title=\"Integritets och cookiepolicy\" class=\"read-more\" href=\"https:\/\/chatwriters.com\/sv\/privacy-policy\/\" aria-label=\"L\u00e4s mer om Integritets och cookiepolicy\">L\u00e4s mer<\/a><\/p>\n","protected":false},"author":1,"featured_media":0,"parent":0,"menu_order":0,"comment_status":"closed","ping_status":"open","template":"","meta":{"footnotes":""},"class_list":{"0":"post-1907","1":"page","2":"type-page","3":"status-publish","5":"infinite-scroll-item"},"_links":{"self":[{"href":"https:\/\/chatwriters.com\/sv\/wp-json\/wp\/v2\/pages\/1907","targetHints":{"allow":["GET"]}}],"collection":[{"href":"https:\/\/chatwriters.com\/sv\/wp-json\/wp\/v2\/pages"}],"about":[{"href":"https:\/\/chatwriters.com\/sv\/wp-json\/wp\/v2\/types\/page"}],"author":[{"embeddable":true,"href":"https:\/\/chatwriters.com\/sv\/wp-json\/wp\/v2\/users\/1"}],"replies":[{"embeddable":true,"href":"https:\/\/chatwriters.com\/sv\/wp-json\/wp\/v2\/comments?post=1907"}],"version-history":[{"count":1,"href":"https:\/\/chatwriters.com\/sv\/wp-json\/wp\/v2\/pages\/1907\/revisions"}],"predecessor-version":[{"id":1908,"href":"https:\/\/chatwriters.com\/sv\/wp-json\/wp\/v2\/pages\/1907\/revisions\/1908"}],"wp:attachment":[{"href":"https:\/\/chatwriters.com\/sv\/wp-json\/wp\/v2\/media?parent=1907"}],"curies":[{"name":"wp","href":"https:\/\/api.w.org\/{rel}","templated":true}]}}